{"id":26092,"date":"2024-11-08T12:26:31","date_gmt":"2024-11-08T12:26:31","guid":{"rendered":"https:\/\/hydcab.com\/cookie-richtlinie\/"},"modified":"2024-11-08T12:35:31","modified_gmt":"2024-11-08T12:35:31","slug":"cookie-richtlinie","status":"publish","type":"page","link":"https:\/\/hydcab.com\/de\/cookie-richtlinie\/","title":{"rendered":"Cookie-Richtlinie"},"content":{"rendered":"\t\t<div data-elementor-type=\"wp-page\" data-elementor-id=\"26092\" class=\"elementor elementor-26092 elementor-26081\" data-elementor-post-type=\"page\">\n\t\t\t\t<div class=\"elementor-element elementor-element-f57af20 e-flex e-con-boxed e-con e-parent\" data-id=\"f57af20\" data-element_type=\"container\" data-e-type=\"container\" data-settings=\"{&quot;background_background&quot;:&quot;classic&quot;}\">\n\t\t\t\t\t<div class=\"e-con-inner\">\n\t\t\t\t<div class=\"elementor-element elementor-element-6327778 elementor-widget__width-inherit elementor-widget elementor-widget-heading\" data-id=\"6327778\" data-element_type=\"widget\" data-e-type=\"widget\" data-widget_type=\"heading.default\">\n\t\t\t\t<div class=\"elementor-widget-container\">\n\t\t\t\t\t<h1 class=\"elementor-heading-title elementor-size-default\">Cookie-Richtlinie<\/h1>\t\t\t\t<\/div>\n\t\t\t\t<\/div>\n\t\t\t\t<div class=\"elementor-element elementor-element-bc43565 elementor-align-center elementor-widget elementor-widget-lottie\" data-id=\"bc43565\" data-element_type=\"widget\" data-e-type=\"widget\" data-settings=\"{&quot;source_json&quot;:{&quot;url&quot;:&quot;https:\\\/\\\/hydcab.com\\\/wp-content\\\/uploads\\\/2024\\\/09\\\/scroll-down.json&quot;,&quot;id&quot;:7596,&quot;size&quot;:&quot;&quot;,&quot;alt&quot;:&quot;&quot;,&quot;source&quot;:&quot;library&quot;},&quot;link_to&quot;:&quot;custom&quot;,&quot;custom_link&quot;:{&quot;url&quot;:&quot;#continue&quot;,&quot;is_external&quot;:&quot;&quot;,&quot;nofollow&quot;:&quot;&quot;,&quot;custom_attributes&quot;:&quot;&quot;},&quot;loop&quot;:&quot;yes&quot;,&quot;renderer&quot;:&quot;canvas&quot;,&quot;source&quot;:&quot;media_file&quot;,&quot;caption_source&quot;:&quot;none&quot;,&quot;trigger&quot;:&quot;arriving_to_viewport&quot;,&quot;viewport&quot;:{&quot;unit&quot;:&quot;%&quot;,&quot;size&quot;:&quot;&quot;,&quot;sizes&quot;:{&quot;start&quot;:0,&quot;end&quot;:100}},&quot;play_speed&quot;:{&quot;unit&quot;:&quot;px&quot;,&quot;size&quot;:1,&quot;sizes&quot;:[]},&quot;start_point&quot;:{&quot;unit&quot;:&quot;%&quot;,&quot;size&quot;:0,&quot;sizes&quot;:[]},&quot;end_point&quot;:{&quot;unit&quot;:&quot;%&quot;,&quot;size&quot;:100,&quot;sizes&quot;:[]}}\" data-widget_type=\"lottie.default\">\n\t\t\t\t<div class=\"elementor-widget-container\">\n\t\t\t\t\t<a class=\"e-lottie__container__link\" href=\"#continue\"><div class=\"e-lottie__container\"><div class=\"e-lottie__animation\"><\/div><\/div><\/a>\t\t\t\t<\/div>\n\t\t\t\t<\/div>\n\t\t\t\t\t<\/div>\n\t\t\t\t<\/div>\n\t\t<div class=\"elementor-element elementor-element-88bcfa7 e-flex e-con-boxed e-con e-parent\" data-id=\"88bcfa7\" data-element_type=\"container\" data-e-type=\"container\">\n\t\t\t\t\t<div class=\"e-con-inner\">\n\t\t<div class=\"elementor-element elementor-element-3340494 e-con-full e-flex e-con e-child\" data-id=\"3340494\" data-element_type=\"container\" data-e-type=\"container\">\n\t\t<div class=\"elementor-element elementor-element-fa7e3da e-con-full e-flex e-con e-child\" data-id=\"fa7e3da\" data-element_type=\"container\" data-e-type=\"container\">\n\t\t\t\t<div class=\"elementor-element elementor-element-a793dcd elementor-widget elementor-widget-text-editor\" data-id=\"a793dcd\" data-element_type=\"widget\" data-e-type=\"widget\" data-widget_type=\"text-editor.default\">\n\t\t\t\t<div class=\"elementor-widget-container\">\n\t\t\t\t\t\t\t\t\t<p>Die \u00d6zteknik-Gruppe (&#8222;wir&#8220;, &#8222;unser&#8220; oder &#8222;uns&#8220;) verwendet Cookies auf unserer Website, um Ihr Surferlebnis zu verbessern, die Leistung der Website zu steigern und Inhalte zu personalisieren. Diese Cookie-Richtlinie erkl\u00e4rt, was Cookies sind, wie wir sie verwenden und welche M\u00f6glichkeiten Sie haben, sie zu verwenden. <\/p>\n<p><strong>1. Was sind Cookies?<\/strong><br \/>Cookies sind kleine Textdateien, die von Websites, die Sie besuchen, auf Ihrem Ger\u00e4t abgelegt werden. Sie werden verwendet, damit Websites funktionieren, die Effizienz verbessern, Informationen f\u00fcr die Berichterstattung bereitstellen und manchmal Inhalte auf Ihre Pr\u00e4ferenzen abstimmen. <\/p>\n<p><strong>2. Arten von Cookies, die wir verwenden<\/strong><\/p>\n<ul>\n<li>\n<p><strong>Strictly Necessary Cookies<\/strong><br \/>Diese Cookies sind f\u00fcr das ordnungsgem\u00e4\u00dfe Funktionieren der Website unerl\u00e4sslich und k\u00f6nnen in unseren Systemen nicht deaktiviert werden. Sie werden in der Regel als Reaktion auf Ihre Aktionen gesetzt, z. B. wenn Sie Datenschutzeinstellungen vornehmen, sich anmelden oder Formulare ausf\u00fcllen. <\/p>\n<\/li>\n<li>\n<p><strong>Performance-Cookies<\/strong><br \/>Diese Cookies erm\u00f6glichen es uns, Besuche und Verkehrsquellen zu z\u00e4hlen und so die Leistung unserer Website zu messen und zu verbessern. Sie helfen uns zu verstehen, welche Seiten am beliebtesten und am unbeliebtesten sind und wie sich die Besucher auf der Website bewegen. <\/p>\n<\/li>\n<li>\n<p><strong>Funktionale Cookies<\/strong><br \/>Funktionale Cookies helfen uns, Ihre Einstellungen und Pr\u00e4ferenzen, wie z.B. Sprachpr\u00e4ferenzen, zu speichern, um Ihnen ein personalisiertes Erlebnis zu bieten.<\/p>\n<\/li>\n<li>\n<p><strong>Targeting-Cookies<\/strong><br \/>Diese Cookies k\u00f6nnen \u00fcber unsere Website von unseren Werbepartnern gesetzt werden. Sie k\u00f6nnen von diesen Unternehmen verwendet werden, um ein Profil Ihrer Interessen zu erstellen und Ihnen relevante Werbung auf anderen Websites zu zeigen. <\/p>\n<\/li>\n<\/ul>\n<p><strong>3. Wie wir Cookies verwenden<\/strong><br \/>Wir verwenden Cookies, um:<\/p>\n<ul>\n<li>Sicherstellen, dass unsere Website wie erwartet funktioniert<\/li>\n<li>Analysieren Sie die Interaktionen der Besucher, um die Leistung und Benutzerfreundlichkeit der Website zu verbessern.<\/li>\n<li>Personalisieren Sie Ihr Erlebnis, indem Sie sich Ihre Vorlieben merken<\/li>\n<li>Liefern Sie relevante Inhalte und Werbung auf anderen Plattformen<\/li>\n<\/ul>\n<p><strong>4. Cookies von Drittanbietern<\/strong><br \/>Wir k\u00f6nnen auch Cookies von Drittanbietern verwenden, die uns helfen, die Leistung unserer Website zu analysieren, gezielte Werbung zu schalten und die gemeinsame Nutzung sozialer Medien zu erm\u00f6glichen. Diese Drittanbieter-Cookies unterliegen den jeweiligen Datenschutzrichtlinien der Anbieter. <\/p>\n<p><strong>5. Wie man Cookies verwaltet<\/strong><br \/>Sie k\u00f6nnen Cookies \u00fcber Ihre Browsereinstellungen verwalten oder deaktivieren. Wenn Sie sich entscheiden, bestimmte Cookies zu deaktivieren, funktionieren einige Funktionen unserer Website m\u00f6glicherweise nicht richtig. <\/p>\n<p><strong>6. \u00c4nderungen dieser Cookie-Richtlinie<\/strong><br \/>Wir k\u00f6nnen diese Cookie-Richtlinie von Zeit zu Zeit aktualisieren, um \u00c4nderungen bei der Verwendung von Cookies oder bei gesetzlichen Bestimmungen zu ber\u00fccksichtigen. Alle Aktualisierungen werden auf dieser Seite ver\u00f6ffentlicht, so dass wir Sie bitten, sie regelm\u00e4\u00dfig zu lesen. <\/p>\n<p><strong>7. Kontaktieren Sie uns<\/strong><br \/>Bei Fragen oder Bedenken bez\u00fcglich unserer Cookie-Richtlinie kontaktieren Sie uns bitte:<\/p>\n<ul>\n<li><strong>Adresse:<\/strong> Mehmet Akif Ersoy Mah. Nr:34\/3 1. \u00d6teyaka K\u00fcme, 35730 Kemalpa\u015fa, \u0130zmir, T\u00fcrkei  <\/li>\n<li><strong>Telefon:<\/strong> +90 232 887 17 18 (pbx)<\/li>\n<li><strong>E-Mail:<\/strong> <a rel=\"noopener\">info@hydcab.com<\/a><\/li>\n<\/ul>\n\t\t\t\t\t\t\t\t<\/div>\n\t\t\t\t<\/div>\n\t\t\t\t<\/div>\n\t\t\t\t<\/div>\n\t\t\t\t\t<\/div>\n\t\t\t\t<\/div>\n\t\t\t\t<\/div>\n\t\t","protected":false},"excerpt":{"rendered":"<p>Die \u00d6zteknik-Gruppe (&#8222;wir&#8220;, &#8222;unser&#8220; oder &#8222;uns&#8220;) verwendet Cookies auf unserer Website, um Ihr Surferlebnis zu verbessern, die Leistung der Website zu steigern und Inhalte zu personalisieren. Diese Cookie-Richtlinie erkl\u00e4rt, was Cookies sind, wie wir sie verwenden und welche M\u00f6glichkeiten Sie haben, sie zu verwenden. 1. Was sind Cookies?Cookies sind kleine Textdateien, die von Websites, die [&hellip;]<\/p>\n","protected":false},"author":1,"featured_media":0,"parent":0,"menu_order":0,"comment_status":"closed","ping_status":"closed","template":"","meta":{"_acf_changed":false,"footnotes":""},"class_list":["post-26092","page","type-page","status-publish","hentry"],"acf":[],"_links":{"self":[{"href":"https:\/\/hydcab.com\/de\/wp-json\/wp\/v2\/pages\/26092","targetHints":{"allow":["GET"]}}],"collection":[{"href":"https:\/\/hydcab.com\/de\/wp-json\/wp\/v2\/pages"}],"about":[{"href":"https:\/\/hydcab.com\/de\/wp-json\/wp\/v2\/types\/page"}],"author":[{"embeddable":true,"href":"https:\/\/hydcab.com\/de\/wp-json\/wp\/v2\/users\/1"}],"replies":[{"embeddable":true,"href":"https:\/\/hydcab.com\/de\/wp-json\/wp\/v2\/comments?post=26092"}],"version-history":[{"count":1,"href":"https:\/\/hydcab.com\/de\/wp-json\/wp\/v2\/pages\/26092\/revisions"}],"predecessor-version":[{"id":26096,"href":"https:\/\/hydcab.com\/de\/wp-json\/wp\/v2\/pages\/26092\/revisions\/26096"}],"wp:attachment":[{"href":"https:\/\/hydcab.com\/de\/wp-json\/wp\/v2\/media?parent=26092"}],"curies":[{"name":"wp","href":"https:\/\/api.w.org\/{rel}","templated":true}]}}