{"id":18420,"date":"2024-08-16T05:58:00","date_gmt":"2024-08-16T05:58:00","guid":{"rendered":"https:\/\/hydcab.com\/product\/er3289\/"},"modified":"2024-08-16T05:58:00","modified_gmt":"2024-08-16T05:58:00","slug":"er3289","status":"publish","type":"product","link":"https:\/\/hydcab.com\/de\/product\/er3289\/","title":{"rendered":"ER3289"},"content":{"rendered":"<p><strong>Rohr:  \u00d8: <\/strong> \u00d836 <\/p>\n<p><strong>Kegel:  \u00d8S\/\u00d8B (mm): <\/strong> 19,9\/22 <\/p>\n<p><strong>L\u00e4nge:  (mm): <\/strong> 410mm <\/p>\n","protected":false},"excerpt":{"rendered":"<p>\u00d8: \u00d836 \u00d8S\/\u00d8B (mm): 19,9\/22 (mm): 410mm<\/p>\n","protected":false},"featured_media":13874,"comment_status":"closed","ping_status":"open","template":"","meta":{"_acf_changed":false},"marka":[20551],"model":[26040],"referans-numarasi":[26041,26042,26043],"uretici":[20564],"product_brand":[],"product_cat":[23433],"product_tag":[],"class_list":{"0":"post-18420","1":"product","2":"type-product","3":"status-publish","4":"has-post-thumbnail","6":"marka-egerot-de","7":"model-front-left-de","8":"referans-numarasi-3823237116-de","9":"referans-numarasi-3823237916-de","10":"referans-numarasi-3833230216-de","11":"uretici-mercedes-de","12":"product_cat-stabilisator","14":"first","15":"instock","16":"product-type-simple"},"acf":[],"_links":{"self":[{"href":"https:\/\/hydcab.com\/de\/wp-json\/wp\/v2\/product\/18420","targetHints":{"allow":["GET"]}}],"collection":[{"href":"https:\/\/hydcab.com\/de\/wp-json\/wp\/v2\/product"}],"about":[{"href":"https:\/\/hydcab.com\/de\/wp-json\/wp\/v2\/types\/product"}],"replies":[{"embeddable":true,"href":"https:\/\/hydcab.com\/de\/wp-json\/wp\/v2\/comments?post=18420"}],"wp:featuredmedia":[{"embeddable":true,"href":"https:\/\/hydcab.com\/de\/wp-json\/wp\/v2\/media\/13874"}],"wp:attachment":[{"href":"https:\/\/hydcab.com\/de\/wp-json\/wp\/v2\/media?parent=18420"}],"wp:term":[{"taxonomy":"marka","embeddable":true,"href":"https:\/\/hydcab.com\/de\/wp-json\/wp\/v2\/marka?post=18420"},{"taxonomy":"model","embeddable":true,"href":"https:\/\/hydcab.com\/de\/wp-json\/wp\/v2\/model?post=18420"},{"taxonomy":"referans-numarasi","embeddable":true,"href":"https:\/\/hydcab.com\/de\/wp-json\/wp\/v2\/referans-numarasi?post=18420"},{"taxonomy":"uretici","embeddable":true,"href":"https:\/\/hydcab.com\/de\/wp-json\/wp\/v2\/uretici?post=18420"},{"taxonomy":"product_brand","embeddable":true,"href":"https:\/\/hydcab.com\/de\/wp-json\/wp\/v2\/product_brand?post=18420"},{"taxonomy":"product_cat","embeddable":true,"href":"https:\/\/hydcab.com\/de\/wp-json\/wp\/v2\/product_cat?post=18420"},{"taxonomy":"product_tag","embeddable":true,"href":"https:\/\/hydcab.com\/de\/wp-json\/wp\/v2\/product_tag?post=18420"}],"curies":[{"name":"wp","href":"https:\/\/api.w.org\/{rel}","templated":true}]}}