{"id":20648,"date":"2024-08-15T14:41:17","date_gmt":"2024-08-15T14:41:17","guid":{"rendered":"https:\/\/hydcab.com\/product\/er1591\/"},"modified":"2024-08-15T14:41:17","modified_gmt":"2024-08-15T14:41:17","slug":"er1591","status":"publish","type":"product","link":"https:\/\/hydcab.com\/de\/product\/er1591\/","title":{"rendered":"ER1591"},"content":{"rendered":"<p><strong>Rohr:  \u00d8: <\/strong> \u00d826 <\/p>\n<p><strong>Kegel:  \u00d8S\/\u00d8B (mm): <\/strong> 24,7\/28,6 <\/p>\n<p><strong>L\u00e4nge:  (mm): <\/strong> 220mm <\/p>\n","protected":false},"excerpt":{"rendered":"<p>\u00d8: \u00d826 \u00d8S\/\u00d8B (mm): 24,7\/28,6 (mm): 220mm<\/p>\n","protected":false},"featured_media":12286,"comment_status":"closed","ping_status":"open","template":"","meta":{"_acf_changed":false},"marka":[20551],"model":[33152],"referans-numarasi":[33153],"uretici":[15933],"product_brand":[],"product_cat":[23433],"product_tag":[],"class_list":{"0":"post-20648","1":"product","2":"type-product","3":"status-publish","4":"has-post-thumbnail","6":"marka-egerot-de","7":"model-b-9-de","8":"referans-numarasi-20541949-de","9":"uretici-volvo-de","10":"product_cat-stabilisator","12":"first","13":"instock","14":"product-type-simple"},"acf":[],"_links":{"self":[{"href":"https:\/\/hydcab.com\/de\/wp-json\/wp\/v2\/product\/20648","targetHints":{"allow":["GET"]}}],"collection":[{"href":"https:\/\/hydcab.com\/de\/wp-json\/wp\/v2\/product"}],"about":[{"href":"https:\/\/hydcab.com\/de\/wp-json\/wp\/v2\/types\/product"}],"replies":[{"embeddable":true,"href":"https:\/\/hydcab.com\/de\/wp-json\/wp\/v2\/comments?post=20648"}],"wp:featuredmedia":[{"embeddable":true,"href":"https:\/\/hydcab.com\/de\/wp-json\/wp\/v2\/media\/12286"}],"wp:attachment":[{"href":"https:\/\/hydcab.com\/de\/wp-json\/wp\/v2\/media?parent=20648"}],"wp:term":[{"taxonomy":"marka","embeddable":true,"href":"https:\/\/hydcab.com\/de\/wp-json\/wp\/v2\/marka?post=20648"},{"taxonomy":"model","embeddable":true,"href":"https:\/\/hydcab.com\/de\/wp-json\/wp\/v2\/model?post=20648"},{"taxonomy":"referans-numarasi","embeddable":true,"href":"https:\/\/hydcab.com\/de\/wp-json\/wp\/v2\/referans-numarasi?post=20648"},{"taxonomy":"uretici","embeddable":true,"href":"https:\/\/hydcab.com\/de\/wp-json\/wp\/v2\/uretici?post=20648"},{"taxonomy":"product_brand","embeddable":true,"href":"https:\/\/hydcab.com\/de\/wp-json\/wp\/v2\/product_brand?post=20648"},{"taxonomy":"product_cat","embeddable":true,"href":"https:\/\/hydcab.com\/de\/wp-json\/wp\/v2\/product_cat?post=20648"},{"taxonomy":"product_tag","embeddable":true,"href":"https:\/\/hydcab.com\/de\/wp-json\/wp\/v2\/product_tag?post=20648"}],"curies":[{"name":"wp","href":"https:\/\/api.w.org\/{rel}","templated":true}]}}