{"id":21160,"date":"2024-08-15T14:38:50","date_gmt":"2024-08-15T14:38:50","guid":{"rendered":"https:\/\/hydcab.com\/product\/er1383\/"},"modified":"2024-08-15T14:38:50","modified_gmt":"2024-08-15T14:38:50","slug":"er1383","status":"publish","type":"product","link":"https:\/\/hydcab.com\/de\/product\/er1383\/","title":{"rendered":"ER1383"},"content":{"rendered":"<p><strong>Rohr:  \u00d8: <\/strong> \u00d836 <\/p>\n<p><strong>Kegel:  \u00d8S\/\u00d8B (mm): <\/strong> 25,1\/28,6 <\/p>\n<p><strong>L\u00e4nge:  (mm): <\/strong> 435mm <\/p>\n","protected":false},"excerpt":{"rendered":"<p>\u00d8: \u00d836 \u00d8S\/\u00d8B (mm): 25,1\/28,6 (mm): 435mm<\/p>\n","protected":false},"featured_media":0,"comment_status":"closed","ping_status":"open","template":"","meta":{"_acf_changed":false},"marka":[20551],"model":[34736],"referans-numarasi":[34748,34749],"uretici":[15933],"product_brand":[],"product_cat":[23433],"product_tag":[],"class_list":{"0":"post-21160","1":"product","2":"type-product","3":"status-publish","5":"marka-egerot-de","6":"model-fh-12-fl-6-fm7-fm-12-de","7":"referans-numarasi-3173613-de","8":"referans-numarasi-3987354-de","9":"uretici-volvo-de","10":"product_cat-stabilisator","12":"first","13":"instock","14":"product-type-simple"},"acf":[],"_links":{"self":[{"href":"https:\/\/hydcab.com\/de\/wp-json\/wp\/v2\/product\/21160","targetHints":{"allow":["GET"]}}],"collection":[{"href":"https:\/\/hydcab.com\/de\/wp-json\/wp\/v2\/product"}],"about":[{"href":"https:\/\/hydcab.com\/de\/wp-json\/wp\/v2\/types\/product"}],"replies":[{"embeddable":true,"href":"https:\/\/hydcab.com\/de\/wp-json\/wp\/v2\/comments?post=21160"}],"wp:attachment":[{"href":"https:\/\/hydcab.com\/de\/wp-json\/wp\/v2\/media?parent=21160"}],"wp:term":[{"taxonomy":"marka","embeddable":true,"href":"https:\/\/hydcab.com\/de\/wp-json\/wp\/v2\/marka?post=21160"},{"taxonomy":"model","embeddable":true,"href":"https:\/\/hydcab.com\/de\/wp-json\/wp\/v2\/model?post=21160"},{"taxonomy":"referans-numarasi","embeddable":true,"href":"https:\/\/hydcab.com\/de\/wp-json\/wp\/v2\/referans-numarasi?post=21160"},{"taxonomy":"uretici","embeddable":true,"href":"https:\/\/hydcab.com\/de\/wp-json\/wp\/v2\/uretici?post=21160"},{"taxonomy":"product_brand","embeddable":true,"href":"https:\/\/hydcab.com\/de\/wp-json\/wp\/v2\/product_brand?post=21160"},{"taxonomy":"product_cat","embeddable":true,"href":"https:\/\/hydcab.com\/de\/wp-json\/wp\/v2\/product_cat?post=21160"},{"taxonomy":"product_tag","embeddable":true,"href":"https:\/\/hydcab.com\/de\/wp-json\/wp\/v2\/product_tag?post=21160"}],"curies":[{"name":"wp","href":"https:\/\/api.w.org\/{rel}","templated":true}]}}