{"id":21208,"date":"2024-08-15T14:38:50","date_gmt":"2024-08-15T14:38:50","guid":{"rendered":"https:\/\/hydcab.com\/product\/er1363\/"},"modified":"2024-08-15T14:38:50","modified_gmt":"2024-08-15T14:38:50","slug":"er1363","status":"publish","type":"product","link":"https:\/\/hydcab.com\/de\/product\/er1363\/","title":{"rendered":"ER1363"},"content":{"rendered":"<p><strong>Rohr:  \u00d8: <\/strong> \u00d840 <\/p>\n<p><strong>Kegel:  \u00d8S\/\u00d8B (mm): <\/strong> 27,1\/30 <\/p>\n<p><strong>L\u00e4nge:  (mm): <\/strong> 484mm <\/p>\n","protected":false},"excerpt":{"rendered":"<p>\u00d8: \u00d840 \u00d8S\/\u00d8B (mm): 27,1\/30 (mm): 484mm<\/p>\n","protected":false},"featured_media":11738,"comment_status":"closed","ping_status":"open","template":"","meta":{"_acf_changed":false},"marka":[20551],"model":[34880],"referans-numarasi":[34881,34882,34883,34884],"uretici":[15443,20564],"product_brand":[],"product_cat":[23433],"product_tag":[],"class_list":{"0":"post-21208","1":"product","2":"type-product","3":"status-publish","4":"has-post-thumbnail","6":"marka-egerot-de","7":"model-setra-300-series-de","8":"referans-numarasi-6273300303-de","9":"referans-numarasi-8226247000c-de","10":"referans-numarasi-8226307000-de","11":"referans-numarasi-8226347000-de","12":"uretici-kassbohrer-de","13":"uretici-mercedes-de","14":"product_cat-stabilisator","16":"first","17":"instock","18":"product-type-simple"},"acf":[],"_links":{"self":[{"href":"https:\/\/hydcab.com\/de\/wp-json\/wp\/v2\/product\/21208","targetHints":{"allow":["GET"]}}],"collection":[{"href":"https:\/\/hydcab.com\/de\/wp-json\/wp\/v2\/product"}],"about":[{"href":"https:\/\/hydcab.com\/de\/wp-json\/wp\/v2\/types\/product"}],"replies":[{"embeddable":true,"href":"https:\/\/hydcab.com\/de\/wp-json\/wp\/v2\/comments?post=21208"}],"wp:featuredmedia":[{"embeddable":true,"href":"https:\/\/hydcab.com\/de\/wp-json\/wp\/v2\/media\/11738"}],"wp:attachment":[{"href":"https:\/\/hydcab.com\/de\/wp-json\/wp\/v2\/media?parent=21208"}],"wp:term":[{"taxonomy":"marka","embeddable":true,"href":"https:\/\/hydcab.com\/de\/wp-json\/wp\/v2\/marka?post=21208"},{"taxonomy":"model","embeddable":true,"href":"https:\/\/hydcab.com\/de\/wp-json\/wp\/v2\/model?post=21208"},{"taxonomy":"referans-numarasi","embeddable":true,"href":"https:\/\/hydcab.com\/de\/wp-json\/wp\/v2\/referans-numarasi?post=21208"},{"taxonomy":"uretici","embeddable":true,"href":"https:\/\/hydcab.com\/de\/wp-json\/wp\/v2\/uretici?post=21208"},{"taxonomy":"product_brand","embeddable":true,"href":"https:\/\/hydcab.com\/de\/wp-json\/wp\/v2\/product_brand?post=21208"},{"taxonomy":"product_cat","embeddable":true,"href":"https:\/\/hydcab.com\/de\/wp-json\/wp\/v2\/product_cat?post=21208"},{"taxonomy":"product_tag","embeddable":true,"href":"https:\/\/hydcab.com\/de\/wp-json\/wp\/v2\/product_tag?post=21208"}],"curies":[{"name":"wp","href":"https:\/\/api.w.org\/{rel}","templated":true}]}}