{"id":21304,"date":"2024-08-15T14:38:31","date_gmt":"2024-08-15T14:38:31","guid":{"rendered":"https:\/\/hydcab.com\/product\/er1336\/"},"modified":"2024-08-15T14:38:31","modified_gmt":"2024-08-15T14:38:31","slug":"er1336","status":"publish","type":"product","link":"https:\/\/hydcab.com\/de\/product\/er1336\/","title":{"rendered":"ER1336"},"content":{"rendered":"<p><strong>Rohr:  \u00d8: <\/strong> \u00d830 <\/p>\n<p><strong>Kegel:  \u00d8S\/\u00d8B (mm): <\/strong> 23,5\/26 <\/p>\n<p><strong>L\u00e4nge:  (mm): <\/strong> 130mm <\/p>\n","protected":false},"excerpt":{"rendered":"<p>\u00d8: \u00d830 \u00d8S\/\u00d8B (mm): 23,5\/26 (mm): 130mm<\/p>\n","protected":false},"featured_media":11642,"comment_status":"closed","ping_status":"open","template":"","meta":{"_acf_changed":false},"marka":[20551],"model":[31832],"referans-numarasi":[35144,35145],"uretici":[15078],"product_brand":[],"product_cat":[23433],"product_tag":[],"class_list":{"0":"post-21304","1":"product","2":"type-product","3":"status-publish","4":"has-post-thumbnail","6":"marka-egerot-de","7":"model-k-94-l-94-n-94-de","8":"referans-numarasi-1766015-de","9":"referans-numarasi-445626-de","10":"uretici-scania-de","11":"product_cat-stabilisator","13":"first","14":"instock","15":"product-type-simple"},"acf":[],"_links":{"self":[{"href":"https:\/\/hydcab.com\/de\/wp-json\/wp\/v2\/product\/21304","targetHints":{"allow":["GET"]}}],"collection":[{"href":"https:\/\/hydcab.com\/de\/wp-json\/wp\/v2\/product"}],"about":[{"href":"https:\/\/hydcab.com\/de\/wp-json\/wp\/v2\/types\/product"}],"replies":[{"embeddable":true,"href":"https:\/\/hydcab.com\/de\/wp-json\/wp\/v2\/comments?post=21304"}],"wp:featuredmedia":[{"embeddable":true,"href":"https:\/\/hydcab.com\/de\/wp-json\/wp\/v2\/media\/11642"}],"wp:attachment":[{"href":"https:\/\/hydcab.com\/de\/wp-json\/wp\/v2\/media?parent=21304"}],"wp:term":[{"taxonomy":"marka","embeddable":true,"href":"https:\/\/hydcab.com\/de\/wp-json\/wp\/v2\/marka?post=21304"},{"taxonomy":"model","embeddable":true,"href":"https:\/\/hydcab.com\/de\/wp-json\/wp\/v2\/model?post=21304"},{"taxonomy":"referans-numarasi","embeddable":true,"href":"https:\/\/hydcab.com\/de\/wp-json\/wp\/v2\/referans-numarasi?post=21304"},{"taxonomy":"uretici","embeddable":true,"href":"https:\/\/hydcab.com\/de\/wp-json\/wp\/v2\/uretici?post=21304"},{"taxonomy":"product_brand","embeddable":true,"href":"https:\/\/hydcab.com\/de\/wp-json\/wp\/v2\/product_brand?post=21304"},{"taxonomy":"product_cat","embeddable":true,"href":"https:\/\/hydcab.com\/de\/wp-json\/wp\/v2\/product_cat?post=21304"},{"taxonomy":"product_tag","embeddable":true,"href":"https:\/\/hydcab.com\/de\/wp-json\/wp\/v2\/product_tag?post=21304"}],"curies":[{"name":"wp","href":"https:\/\/api.w.org\/{rel}","templated":true}]}}