{"id":26091,"date":"2024-11-08T12:26:31","date_gmt":"2024-11-08T12:26:31","guid":{"rendered":"https:\/\/hydcab.com\/politica-de-cookies\/"},"modified":"2024-11-08T12:35:31","modified_gmt":"2024-11-08T12:35:31","slug":"politica-de-cookies","status":"publish","type":"page","link":"https:\/\/hydcab.com\/es\/politica-de-cookies\/","title":{"rendered":"Pol\u00edtica de cookies"},"content":{"rendered":"\t\t<div data-elementor-type=\"wp-page\" data-elementor-id=\"26091\" class=\"elementor elementor-26091 elementor-26081\" data-elementor-post-type=\"page\">\n\t\t\t\t<div class=\"elementor-element elementor-element-f57af20 e-flex e-con-boxed e-con e-parent\" data-id=\"f57af20\" data-element_type=\"container\" data-e-type=\"container\" data-settings=\"{&quot;background_background&quot;:&quot;classic&quot;}\">\n\t\t\t\t\t<div class=\"e-con-inner\">\n\t\t\t\t<div class=\"elementor-element elementor-element-6327778 elementor-widget__width-inherit elementor-widget elementor-widget-heading\" data-id=\"6327778\" data-element_type=\"widget\" data-e-type=\"widget\" data-widget_type=\"heading.default\">\n\t\t\t\t<div class=\"elementor-widget-container\">\n\t\t\t\t\t<h1 class=\"elementor-heading-title elementor-size-default\">Pol\u00edtica de cookies<\/h1>\t\t\t\t<\/div>\n\t\t\t\t<\/div>\n\t\t\t\t<div class=\"elementor-element elementor-element-bc43565 elementor-align-center elementor-widget elementor-widget-lottie\" data-id=\"bc43565\" data-element_type=\"widget\" data-e-type=\"widget\" data-settings=\"{&quot;source_json&quot;:{&quot;url&quot;:&quot;https:\\\/\\\/hydcab.com\\\/wp-content\\\/uploads\\\/2024\\\/09\\\/scroll-down.json&quot;,&quot;id&quot;:7596,&quot;size&quot;:&quot;&quot;,&quot;alt&quot;:&quot;&quot;,&quot;source&quot;:&quot;library&quot;},&quot;link_to&quot;:&quot;custom&quot;,&quot;custom_link&quot;:{&quot;url&quot;:&quot;#continue&quot;,&quot;is_external&quot;:&quot;&quot;,&quot;nofollow&quot;:&quot;&quot;,&quot;custom_attributes&quot;:&quot;&quot;},&quot;loop&quot;:&quot;yes&quot;,&quot;renderer&quot;:&quot;canvas&quot;,&quot;source&quot;:&quot;media_file&quot;,&quot;caption_source&quot;:&quot;none&quot;,&quot;trigger&quot;:&quot;arriving_to_viewport&quot;,&quot;viewport&quot;:{&quot;unit&quot;:&quot;%&quot;,&quot;size&quot;:&quot;&quot;,&quot;sizes&quot;:{&quot;start&quot;:0,&quot;end&quot;:100}},&quot;play_speed&quot;:{&quot;unit&quot;:&quot;px&quot;,&quot;size&quot;:1,&quot;sizes&quot;:[]},&quot;start_point&quot;:{&quot;unit&quot;:&quot;%&quot;,&quot;size&quot;:0,&quot;sizes&quot;:[]},&quot;end_point&quot;:{&quot;unit&quot;:&quot;%&quot;,&quot;size&quot;:100,&quot;sizes&quot;:[]}}\" data-widget_type=\"lottie.default\">\n\t\t\t\t<div class=\"elementor-widget-container\">\n\t\t\t\t\t<a class=\"e-lottie__container__link\" href=\"#continue\"><div class=\"e-lottie__container\"><div class=\"e-lottie__animation\"><\/div><\/div><\/a>\t\t\t\t<\/div>\n\t\t\t\t<\/div>\n\t\t\t\t\t<\/div>\n\t\t\t\t<\/div>\n\t\t<div class=\"elementor-element elementor-element-88bcfa7 e-flex e-con-boxed e-con e-parent\" data-id=\"88bcfa7\" data-element_type=\"container\" data-e-type=\"container\">\n\t\t\t\t\t<div class=\"e-con-inner\">\n\t\t<div class=\"elementor-element elementor-element-3340494 e-con-full e-flex e-con e-child\" data-id=\"3340494\" data-element_type=\"container\" data-e-type=\"container\">\n\t\t<div class=\"elementor-element elementor-element-fa7e3da e-con-full e-flex e-con e-child\" data-id=\"fa7e3da\" data-element_type=\"container\" data-e-type=\"container\">\n\t\t\t\t<div class=\"elementor-element elementor-element-a793dcd elementor-widget elementor-widget-text-editor\" data-id=\"a793dcd\" data-element_type=\"widget\" data-e-type=\"widget\" data-widget_type=\"text-editor.default\">\n\t\t\t\t<div class=\"elementor-widget-container\">\n\t\t\t\t\t\t\t\t\t<p>El Grupo \u00d6zteknik (\u00abnosotros\u00bb, \u00abnuestro\u00bb o \u00abnos\u00bb) utiliza cookies en nuestro sitio web para mejorar tu experiencia de navegaci\u00f3n, mejorar el rendimiento del sitio web y personalizar el contenido. Esta Pol\u00edtica de Cookies explica qu\u00e9 son las cookies, c\u00f3mo las utilizamos y tus opciones respecto a su uso. <\/p>\n<p><strong>1. \u00bfQu\u00e9 son las cookies?<\/strong><br \/>Las cookies son peque\u00f1os archivos de texto que los sitios web que visitas colocan en tu dispositivo. Se utilizan para hacer que los sitios web funcionen, mejorar su eficacia, proporcionar informaci\u00f3n de informes y, a veces, adaptar el contenido en funci\u00f3n de tus preferencias. <\/p>\n<p><strong>2. Tipos de cookies que utilizamos<\/strong><\/p>\n<ul>\n<li>\n<p><strong>Cookies estrictamente necesarias<\/strong><br \/>Estas cookies son esenciales para que el sitio web funcione correctamente y no se pueden desactivar en nuestros sistemas. Normalmente se establecen en respuesta a acciones realizadas por ti, como establecer preferencias de privacidad, iniciar sesi\u00f3n o rellenar formularios. <\/p>\n<\/li>\n<li>\n<p><strong>Cookies de rendimiento<\/strong><br \/>Estas cookies nos permiten contar las visitas y las fuentes de tr\u00e1fico, lo que nos permite medir y mejorar el rendimiento de nuestro sitio. Nos ayudan a comprender qu\u00e9 p\u00e1ginas son las m\u00e1s y las menos populares y a ver c\u00f3mo se mueven los visitantes por el sitio. <\/p>\n<\/li>\n<li>\n<p><strong>Cookies funcionales<\/strong><br \/>Las cookies funcionales nos ayudan a recordar tus ajustes y preferencias, como las preferencias de idioma, para ofrecerte una experiencia m\u00e1s personalizada.<\/p>\n<\/li>\n<li>\n<p><strong>Targeting Cookies<\/strong><br \/>Estas cookies pueden ser instaladas a trav\u00e9s de nuestro sitio web por nuestros socios publicitarios. Pueden ser utilizadas por esas empresas para construir un perfil de tus intereses y mostrarte anuncios relevantes en otros sitios. <\/p>\n<\/li>\n<\/ul>\n<p><strong>3. C\u00f3mo utilizamos las cookies<\/strong><br \/>Utilizamos cookies para:<\/p>\n<ul>\n<li>Garantizar que nuestro sitio web funciona como se espera<\/li>\n<li>Analizar las interacciones de los visitantes para mejorar el rendimiento y la usabilidad del sitio web<\/li>\n<li>Personalizar tu experiencia recordando tus preferencias<\/li>\n<li>Ofrece contenidos y anuncios relevantes en otras plataformas<\/li>\n<\/ul>\n<p><strong>4. Cookies de terceros<\/strong><br \/>Tambi\u00e9n podemos utilizar cookies de terceros de proveedores de servicios que nos ayudan a analizar el rendimiento de nuestro sitio web, ofrecer anuncios dirigidos y permitir que se comparta en las redes sociales. Estas cookies de terceros est\u00e1n sujetas a las respectivas pol\u00edticas de privacidad de los proveedores. <\/p>\n<p><strong>5. C\u00f3mo gestionar las cookies<\/strong><br \/>Puedes gestionar o desactivar las cookies a trav\u00e9s de la configuraci\u00f3n de tu navegador. Si decides desactivar determinadas cookies, es posible que algunas funciones de nuestro sitio web no funcionen correctamente. <\/p>\n<p><strong>6. Cambios en esta Pol\u00edtica de Cookies<\/strong><br \/>Podemos actualizar esta Pol\u00edtica de Cookies peri\u00f3dicamente para reflejar cambios en nuestro uso de las cookies o requisitos legales. Cualquier actualizaci\u00f3n se publicar\u00e1 en esta p\u00e1gina, por lo que te recomendamos que la revises con regularidad. <\/p>\n<p><strong>7. Contacta con nosotros<\/strong><br \/>Si tienes preguntas o dudas sobre nuestra Pol\u00edtica de Cookies, ponte en contacto con nosotros:<\/p>\n<ul>\n<li><strong>Direcci\u00f3n:<\/strong> Mehmet Akif Ersoy Mah. No:34\/3 1. \u00d6teyaka K\u00fcme, 35730 Kemalpa\u015fa, Esmirna, Turqu\u00eda  <\/li>\n<li><strong>Tel\u00e9fono:<\/strong> +90 232 887 17 18 (pbx)<\/li>\n<li><strong>Correo electr\u00f3nico:<\/strong> <a rel=\"noopener\">info@hydcab.com<\/a><\/li>\n<\/ul>\n\t\t\t\t\t\t\t\t<\/div>\n\t\t\t\t<\/div>\n\t\t\t\t<\/div>\n\t\t\t\t<\/div>\n\t\t\t\t\t<\/div>\n\t\t\t\t<\/div>\n\t\t\t\t<\/div>\n\t\t","protected":false},"excerpt":{"rendered":"<p>El Grupo \u00d6zteknik (\u00abnosotros\u00bb, \u00abnuestro\u00bb o \u00abnos\u00bb) utiliza cookies en nuestro sitio web para mejorar tu experiencia de navegaci\u00f3n, mejorar el rendimiento del sitio web y personalizar el contenido. Esta Pol\u00edtica de Cookies explica qu\u00e9 son las cookies, c\u00f3mo las utilizamos y tus opciones respecto a su uso. 1. \u00bfQu\u00e9 son las cookies?Las cookies son [&hellip;]<\/p>\n","protected":false},"author":1,"featured_media":0,"parent":0,"menu_order":0,"comment_status":"closed","ping_status":"closed","template":"","meta":{"_acf_changed":false,"footnotes":""},"class_list":["post-26091","page","type-page","status-publish","hentry"],"acf":[],"_links":{"self":[{"href":"https:\/\/hydcab.com\/es\/wp-json\/wp\/v2\/pages\/26091","targetHints":{"allow":["GET"]}}],"collection":[{"href":"https:\/\/hydcab.com\/es\/wp-json\/wp\/v2\/pages"}],"about":[{"href":"https:\/\/hydcab.com\/es\/wp-json\/wp\/v2\/types\/page"}],"author":[{"embeddable":true,"href":"https:\/\/hydcab.com\/es\/wp-json\/wp\/v2\/users\/1"}],"replies":[{"embeddable":true,"href":"https:\/\/hydcab.com\/es\/wp-json\/wp\/v2\/comments?post=26091"}],"version-history":[{"count":1,"href":"https:\/\/hydcab.com\/es\/wp-json\/wp\/v2\/pages\/26091\/revisions"}],"predecessor-version":[{"id":26095,"href":"https:\/\/hydcab.com\/es\/wp-json\/wp\/v2\/pages\/26091\/revisions\/26095"}],"wp:attachment":[{"href":"https:\/\/hydcab.com\/es\/wp-json\/wp\/v2\/media?parent=26091"}],"curies":[{"name":"wp","href":"https:\/\/api.w.org\/{rel}","templated":true}]}}