{"id":26109,"date":"2024-11-08T12:22:46","date_gmt":"2024-11-08T12:22:46","guid":{"rendered":"https:\/\/hydcab.com\/aviso-de-privacidad-de-la-ley-de-proteccion-de-datos-personales-lopd\/"},"modified":"2024-11-08T12:36:23","modified_gmt":"2024-11-08T12:36:23","slug":"aviso-de-privacidad-de-la-ley-de-proteccion-de-datos-personales-lopd","status":"publish","type":"page","link":"https:\/\/hydcab.com\/es\/aviso-de-privacidad-de-la-ley-de-proteccion-de-datos-personales-lopd\/","title":{"rendered":"Aviso de privacidad de la Ley de Protecci\u00f3n de Datos Personales (LOPD)"},"content":{"rendered":"\t\t<div data-elementor-type=\"wp-page\" data-elementor-id=\"26109\" class=\"elementor elementor-26109 elementor-26070\" data-elementor-post-type=\"page\">\n\t\t\t\t<div class=\"elementor-element elementor-element-12a634b e-flex e-con-boxed e-con e-parent\" data-id=\"12a634b\" data-element_type=\"container\" data-e-type=\"container\" data-settings=\"{&quot;background_background&quot;:&quot;classic&quot;}\">\n\t\t\t\t\t<div class=\"e-con-inner\">\n\t\t\t\t<div class=\"elementor-element elementor-element-d11e072 elementor-widget__width-inherit elementor-widget elementor-widget-heading\" data-id=\"d11e072\" data-element_type=\"widget\" data-e-type=\"widget\" data-widget_type=\"heading.default\">\n\t\t\t\t<div class=\"elementor-widget-container\">\n\t\t\t\t\t<h1 class=\"elementor-heading-title elementor-size-default\">Aviso de privacidad de la Ley de Protecci\u00f3n de Datos Personales (LOPD)<\/h1>\t\t\t\t<\/div>\n\t\t\t\t<\/div>\n\t\t\t\t<div class=\"elementor-element elementor-element-81a1bc8 elementor-align-center elementor-widget elementor-widget-lottie\" data-id=\"81a1bc8\" data-element_type=\"widget\" data-e-type=\"widget\" data-settings=\"{&quot;source_json&quot;:{&quot;url&quot;:&quot;https:\\\/\\\/hydcab.com\\\/wp-content\\\/uploads\\\/2024\\\/09\\\/scroll-down.json&quot;,&quot;id&quot;:7596,&quot;size&quot;:&quot;&quot;,&quot;alt&quot;:&quot;&quot;,&quot;source&quot;:&quot;library&quot;},&quot;link_to&quot;:&quot;custom&quot;,&quot;custom_link&quot;:{&quot;url&quot;:&quot;#continue&quot;,&quot;is_external&quot;:&quot;&quot;,&quot;nofollow&quot;:&quot;&quot;,&quot;custom_attributes&quot;:&quot;&quot;},&quot;loop&quot;:&quot;yes&quot;,&quot;renderer&quot;:&quot;canvas&quot;,&quot;source&quot;:&quot;media_file&quot;,&quot;caption_source&quot;:&quot;none&quot;,&quot;trigger&quot;:&quot;arriving_to_viewport&quot;,&quot;viewport&quot;:{&quot;unit&quot;:&quot;%&quot;,&quot;size&quot;:&quot;&quot;,&quot;sizes&quot;:{&quot;start&quot;:0,&quot;end&quot;:100}},&quot;play_speed&quot;:{&quot;unit&quot;:&quot;px&quot;,&quot;size&quot;:1,&quot;sizes&quot;:[]},&quot;start_point&quot;:{&quot;unit&quot;:&quot;%&quot;,&quot;size&quot;:0,&quot;sizes&quot;:[]},&quot;end_point&quot;:{&quot;unit&quot;:&quot;%&quot;,&quot;size&quot;:100,&quot;sizes&quot;:[]}}\" data-widget_type=\"lottie.default\">\n\t\t\t\t<div class=\"elementor-widget-container\">\n\t\t\t\t\t<a class=\"e-lottie__container__link\" href=\"#continue\"><div class=\"e-lottie__container\"><div class=\"e-lottie__animation\"><\/div><\/div><\/a>\t\t\t\t<\/div>\n\t\t\t\t<\/div>\n\t\t\t\t\t<\/div>\n\t\t\t\t<\/div>\n\t\t<div class=\"elementor-element elementor-element-f4f2501 e-flex e-con-boxed e-con e-parent\" data-id=\"f4f2501\" data-element_type=\"container\" data-e-type=\"container\">\n\t\t\t\t\t<div class=\"e-con-inner\">\n\t\t<div class=\"elementor-element elementor-element-9087011 e-con-full e-flex e-con e-child\" data-id=\"9087011\" data-element_type=\"container\" data-e-type=\"container\">\n\t\t<div class=\"elementor-element elementor-element-32712a9 e-con-full e-flex e-con e-child\" data-id=\"32712a9\" data-element_type=\"container\" data-e-type=\"container\">\n\t\t\t\t<div class=\"elementor-element elementor-element-7798e9a elementor-widget elementor-widget-text-editor\" data-id=\"7798e9a\" data-element_type=\"widget\" data-e-type=\"widget\" data-widget_type=\"text-editor.default\">\n\t\t\t\t<div class=\"elementor-widget-container\">\n\t\t\t\t\t\t\t\t\t<p>En el Grupo \u00d6zteknik valoramos tu privacidad y nos comprometemos a proteger tus datos personales de conformidad con la Ley n\u00ba 6698 de Protecci\u00f3n de Datos Personales de Turqu\u00eda (KVKK). Este Aviso de Privacidad explica c\u00f3mo recopilamos, utilizamos, protegemos y gestionamos tus datos personales cuando interact\u00faas con nosotros. <\/p>\n<p><strong>1. Informaci\u00f3n sobre el<\/strong> responsable del tratamiento<br \/>El Grupo \u00d6zteknik act\u00faa como responsable del tratamiento de tus datos personales. Si tienes alguna pregunta o solicitud en relaci\u00f3n con este Aviso de Privacidad, ponte en contacto con nosotros utilizando la informaci\u00f3n que aparece a continuaci\u00f3n: <\/p>\n<ul>\n<li><strong>Empresa:<\/strong> Grupo \u00d6zteknik<\/li>\n<li><strong>Direcci\u00f3n:<\/strong> Mehmet Akif Ersoy Mah. No:34\/3 1. \u00d6teyaka K\u00fcme, 35730 Kemalpa\u015fa, Esmirna, Turqu\u00eda  <\/li>\n<li><strong>Tel\u00e9fono:<\/strong> +90 232 887 17 18 (pbx)<\/li>\n<li><strong>Correo electr\u00f3nico:<\/strong> <a rel=\"noopener\">info@hydcab.com<\/a><\/li>\n<\/ul>\n<p><strong>2. Finalidad de la recogida y el tratamiento de datos<\/strong><br \/>Recogemos y tratamos datos personales para mejorar nuestros servicios, gestionar las relaciones con los clientes, llevar a cabo actividades comerciales, cumplir obligaciones legales y mantener registros comerciales. En concreto, los datos se procesan con fines como: <\/p>\n<ul>\n<li>Atenci\u00f3n al cliente y prestaci\u00f3n de servicios<\/li>\n<li>Comunicaciones de marketing y actividades promocionales<\/li>\n<li>Gesti\u00f3n de contratos y tramitaci\u00f3n de pedidos<\/li>\n<li>Cumplimiento de las obligaciones legales<\/li>\n<li>Recursos humanos y relaciones con los empleados (para los datos del personal)<\/li>\n<\/ul>\n<p><strong>3. M\u00e9todos de recogida de datos<\/strong><br \/>Recogemos datos personales directamente a trav\u00e9s de interacciones contigo (por ejemplo, formularios, correos electr\u00f3nicos, llamadas telef\u00f3nicas) o indirectamente a trav\u00e9s de nuestras plataformas digitales. Adem\u00e1s, podemos recopilar datos a trav\u00e9s de nuestros socios comerciales y proveedores de servicios, de conformidad con las directrices de la KVKK. <\/p>\n<p><strong>4. Base legal para el tratamiento de datos<\/strong><br \/>El tratamiento de tus datos personales se basa en motivos legales seg\u00fan la KVKK, incluido tu consentimiento, nuestros intereses leg\u00edtimos, el cumplimiento del contrato y las obligaciones legales.<\/p>\n<p><strong>5. Intercambio y transferencia de datos<\/strong><br \/>Podemos compartir tus datos personales con entidades afiliadas y terceros proveedores de servicios de confianza para prestar nuestros servicios de forma eficaz. Estas partes est\u00e1n obligadas a cumplir las normas de confidencialidad y seguridad de datos de la KVKK. Tus datos personales no se transferir\u00e1n fuera de Turqu\u00eda sin tu consentimiento expl\u00edcito.  <\/p>\n<p><strong>6. Conservaci\u00f3n de datos<\/strong><br \/>Tus datos personales s\u00f3lo se conservar\u00e1n durante el tiempo necesario para cumplir los fines para los que fueron recogidos, cumplir las obligaciones legales, resolver litigios y hacer cumplir los acuerdos.<\/p>\n<p><strong>7. Derechos de los interesados<\/strong><br \/>En virtud del KVKK, tienes los siguientes derechos en relaci\u00f3n con tus datos personales:<\/p>\n<ul>\n<li>Para saber si se est\u00e1n tratando tus datos personales<\/li>\n<li>Solicitar informaci\u00f3n sobre los fines del tratamiento de datos<\/li>\n<li>Para solicitar la correcci\u00f3n de datos incompletos o incorrectos<\/li>\n<li>Para solicitar la supresi\u00f3n o anonimizaci\u00f3n de tus datos, con sujeci\u00f3n a los requisitos legales de conservaci\u00f3n<\/li>\n<li>Oponerse al tratamiento de los datos y, en determinados casos, solicitar la portabilidad de los datos<\/li>\n<\/ul>\n<p>Para ejercer cualquiera de estos derechos, ponte en contacto con nosotros utilizando la informaci\u00f3n facilitada anteriormente.<\/p>\n<p><strong>8. Medidas de seguridad<\/strong><br \/>Damos prioridad a la seguridad de tus datos personales y hemos implantado medidas t\u00e9cnicas y administrativas para protegerlos de accesos, alteraciones o divulgaciones no autorizados. Esto incluye la encriptaci\u00f3n de datos, protocolos de acceso seguro y auditor\u00edas de seguridad peri\u00f3dicas. <\/p>\n<p><strong>9. Ponte en contacto con nosotros<\/strong><br \/>Si tienes preguntas, peticiones o dudas sobre este Aviso de Privacidad o tus derechos sobre los datos, ponte en contacto con nosotros:<\/p>\n<ul>\n<li><strong>Direcci\u00f3n:<\/strong> Mehmet Akif Ersoy Mah. No:34\/3 1. \u00d6teyaka K\u00fcme, 35730 Kemalpa\u015fa, Esmirna, Turqu\u00eda  <\/li>\n<li><strong>Tel\u00e9fono:<\/strong> +90 232 887 17 18 (pbx)<\/li>\n<li><strong>Correo electr\u00f3nico:<\/strong> <a rel=\"noopener\">info@hydcab.com<\/a><\/li>\n<\/ul>\n<p><strong>10. Actualizaciones de este Aviso de Privacidad<\/strong><br \/>Este Aviso de Privacidad puede actualizarse peri\u00f3dicamente para reflejar cambios en nuestras pr\u00e1cticas de procesamiento de datos o requisitos normativos. Revisa esta p\u00e1gina con regularidad para mantenerte informado sobre c\u00f3mo protegemos tus datos personales. <\/p>\n\t\t\t\t\t\t\t\t<\/div>\n\t\t\t\t<\/div>\n\t\t\t\t<\/div>\n\t\t\t\t<\/div>\n\t\t\t\t\t<\/div>\n\t\t\t\t<\/div>\n\t\t\t\t<\/div>\n\t\t","protected":false},"excerpt":{"rendered":"<p>En el Grupo \u00d6zteknik valoramos tu privacidad y nos comprometemos a proteger tus datos personales de conformidad con la Ley n\u00ba 6698 de Protecci\u00f3n de Datos Personales de Turqu\u00eda (KVKK). Este Aviso de Privacidad explica c\u00f3mo recopilamos, utilizamos, protegemos y gestionamos tus datos personales cuando interact\u00faas con nosotros. 1. Informaci\u00f3n sobre el responsable del tratamientoEl [&hellip;]<\/p>\n","protected":false},"author":1,"featured_media":0,"parent":0,"menu_order":0,"comment_status":"closed","ping_status":"closed","template":"","meta":{"_acf_changed":false,"footnotes":""},"class_list":["post-26109","page","type-page","status-publish","hentry"],"acf":[],"_links":{"self":[{"href":"https:\/\/hydcab.com\/es\/wp-json\/wp\/v2\/pages\/26109","targetHints":{"allow":["GET"]}}],"collection":[{"href":"https:\/\/hydcab.com\/es\/wp-json\/wp\/v2\/pages"}],"about":[{"href":"https:\/\/hydcab.com\/es\/wp-json\/wp\/v2\/types\/page"}],"author":[{"embeddable":true,"href":"https:\/\/hydcab.com\/es\/wp-json\/wp\/v2\/users\/1"}],"replies":[{"embeddable":true,"href":"https:\/\/hydcab.com\/es\/wp-json\/wp\/v2\/comments?post=26109"}],"version-history":[{"count":1,"href":"https:\/\/hydcab.com\/es\/wp-json\/wp\/v2\/pages\/26109\/revisions"}],"predecessor-version":[{"id":26110,"href":"https:\/\/hydcab.com\/es\/wp-json\/wp\/v2\/pages\/26109\/revisions\/26110"}],"wp:attachment":[{"href":"https:\/\/hydcab.com\/es\/wp-json\/wp\/v2\/media?parent=26109"}],"curies":[{"name":"wp","href":"https:\/\/api.w.org\/{rel}","templated":true}]}}