{"id":16388,"date":"2024-08-16T06:10:51","date_gmt":"2024-08-16T06:10:51","guid":{"rendered":"https:\/\/hydcab.com\/product\/pp2-001-309\/"},"modified":"2024-08-16T06:10:51","modified_gmt":"2024-08-16T06:10:51","slug":"pp2-001-309","status":"publish","type":"product","link":"https:\/\/hydcab.com\/es\/product\/pp2-001-309\/","title":{"rendered":"PP2 001 309"},"content":{"rendered":"<p><strong>MOTOR : <\/strong> D16G <\/p>\n<p><strong>SANZIMAN : <\/strong> AT2812\/D, AT03112\/D OTOMATIK <\/p>\n<p><strong>\u00dcr\u00fcn tipi: <\/strong> SB430I <\/p>\n<p><strong>SISTEM \u00c7API : <\/strong> 430 mm <\/p>\n","protected":false},"excerpt":{"rendered":"<p>MOTOR : D16G SANZIMAN : AT2812\/D, AT03112\/D OTOMATIK \u00dcr\u00fcn tipi: SB430I SISTEM \u00c7API : 430 mm<\/p>\n","protected":false},"featured_media":0,"comment_status":"closed","ping_status":"open","template":"","meta":{"_acf_changed":false},"marka":[15047],"model":[19829],"referans-numarasi":[19830,19831,19832],"uretici":[19833,15947],"product_brand":[],"product_cat":[17277],"product_tag":[],"class_list":{"0":"post-16388","1":"product","2":"type-product","3":"status-publish","5":"marka-revol-es","6":"model-fh16-euro-6-650-700-750-es","7":"referans-numarasi-21648793-es","8":"referans-numarasi-22317110-es","9":"referans-numarasi-3482001309-es","10":"uretici-mack-es","11":"uretici-volvo-es","12":"product_cat-placa-de-presion","14":"first","15":"instock","16":"product-type-simple"},"acf":[],"_links":{"self":[{"href":"https:\/\/hydcab.com\/es\/wp-json\/wp\/v2\/product\/16388","targetHints":{"allow":["GET"]}}],"collection":[{"href":"https:\/\/hydcab.com\/es\/wp-json\/wp\/v2\/product"}],"about":[{"href":"https:\/\/hydcab.com\/es\/wp-json\/wp\/v2\/types\/product"}],"replies":[{"embeddable":true,"href":"https:\/\/hydcab.com\/es\/wp-json\/wp\/v2\/comments?post=16388"}],"wp:attachment":[{"href":"https:\/\/hydcab.com\/es\/wp-json\/wp\/v2\/media?parent=16388"}],"wp:term":[{"taxonomy":"marka","embeddable":true,"href":"https:\/\/hydcab.com\/es\/wp-json\/wp\/v2\/marka?post=16388"},{"taxonomy":"model","embeddable":true,"href":"https:\/\/hydcab.com\/es\/wp-json\/wp\/v2\/model?post=16388"},{"taxonomy":"referans-numarasi","embeddable":true,"href":"https:\/\/hydcab.com\/es\/wp-json\/wp\/v2\/referans-numarasi?post=16388"},{"taxonomy":"uretici","embeddable":true,"href":"https:\/\/hydcab.com\/es\/wp-json\/wp\/v2\/uretici?post=16388"},{"taxonomy":"product_brand","embeddable":true,"href":"https:\/\/hydcab.com\/es\/wp-json\/wp\/v2\/product_brand?post=16388"},{"taxonomy":"product_cat","embeddable":true,"href":"https:\/\/hydcab.com\/es\/wp-json\/wp\/v2\/product_cat?post=16388"},{"taxonomy":"product_tag","embeddable":true,"href":"https:\/\/hydcab.com\/es\/wp-json\/wp\/v2\/product_tag?post=16388"}],"curies":[{"name":"wp","href":"https:\/\/api.w.org\/{rel}","templated":true}]}}