{"id":18858,"date":"2024-08-16T05:56:04","date_gmt":"2024-08-16T05:56:04","guid":{"rendered":"https:\/\/hydcab.com\/product\/er3068\/"},"modified":"2024-08-16T05:56:04","modified_gmt":"2024-08-16T05:56:04","slug":"er3068","status":"publish","type":"product","link":"https:\/\/hydcab.com\/es\/product\/er3068\/","title":{"rendered":"ER3068"},"content":{"rendered":"<p><strong>Tubo:  \u00d8: <\/strong> \u00d836 <\/p>\n<p><strong>Cono:  \u00d8S\/\u00d8B (mm): <\/strong> 23,5\/26 <\/p>\n<p><strong>Longitud:  (mm): <\/strong> 284mm <\/p>\n","protected":false},"excerpt":{"rendered":"<p>\u00d8: \u00d836 \u00d8S\/\u00d8B (mm): 23,5\/26 (mm): 284mm<\/p>\n","protected":false},"featured_media":13440,"comment_status":"closed","ping_status":"open","template":"","meta":{"_acf_changed":false},"marka":[20557],"model":[26388,26389,26390],"referans-numarasi":[27100,27101,27102,27103],"uretici":[15104],"product_brand":[],"product_cat":[23439],"product_tag":[],"class_list":{"0":"post-18858","1":"product","2":"type-product","3":"status-publish","4":"has-post-thumbnail","6":"marka-egerot-es","7":"model-k-es","8":"model-k94-l94-n94-114-124-bus-f-es","9":"model-n-irizar-pb-es","10":"referans-numarasi-1455327-es","11":"referans-numarasi-1751418-es","12":"referans-numarasi-1789082-es","13":"referans-numarasi-1928859-es","14":"uretici-scania-es","15":"product_cat-estabilizador","17":"first","18":"instock","19":"product-type-simple"},"acf":[],"_links":{"self":[{"href":"https:\/\/hydcab.com\/es\/wp-json\/wp\/v2\/product\/18858","targetHints":{"allow":["GET"]}}],"collection":[{"href":"https:\/\/hydcab.com\/es\/wp-json\/wp\/v2\/product"}],"about":[{"href":"https:\/\/hydcab.com\/es\/wp-json\/wp\/v2\/types\/product"}],"replies":[{"embeddable":true,"href":"https:\/\/hydcab.com\/es\/wp-json\/wp\/v2\/comments?post=18858"}],"wp:featuredmedia":[{"embeddable":true,"href":"https:\/\/hydcab.com\/es\/wp-json\/wp\/v2\/media\/13440"}],"wp:attachment":[{"href":"https:\/\/hydcab.com\/es\/wp-json\/wp\/v2\/media?parent=18858"}],"wp:term":[{"taxonomy":"marka","embeddable":true,"href":"https:\/\/hydcab.com\/es\/wp-json\/wp\/v2\/marka?post=18858"},{"taxonomy":"model","embeddable":true,"href":"https:\/\/hydcab.com\/es\/wp-json\/wp\/v2\/model?post=18858"},{"taxonomy":"referans-numarasi","embeddable":true,"href":"https:\/\/hydcab.com\/es\/wp-json\/wp\/v2\/referans-numarasi?post=18858"},{"taxonomy":"uretici","embeddable":true,"href":"https:\/\/hydcab.com\/es\/wp-json\/wp\/v2\/uretici?post=18858"},{"taxonomy":"product_brand","embeddable":true,"href":"https:\/\/hydcab.com\/es\/wp-json\/wp\/v2\/product_brand?post=18858"},{"taxonomy":"product_cat","embeddable":true,"href":"https:\/\/hydcab.com\/es\/wp-json\/wp\/v2\/product_cat?post=18858"},{"taxonomy":"product_tag","embeddable":true,"href":"https:\/\/hydcab.com\/es\/wp-json\/wp\/v2\/product_tag?post=18858"}],"curies":[{"name":"wp","href":"https:\/\/api.w.org\/{rel}","templated":true}]}}