{"id":20650,"date":"2024-08-15T14:41:17","date_gmt":"2024-08-15T14:41:17","guid":{"rendered":"https:\/\/hydcab.com\/product\/er1591\/"},"modified":"2024-08-15T14:41:17","modified_gmt":"2024-08-15T14:41:17","slug":"er1591","status":"publish","type":"product","link":"https:\/\/hydcab.com\/es\/product\/er1591\/","title":{"rendered":"ER1591"},"content":{"rendered":"<p><strong>Tubo:  \u00d8: <\/strong> \u00d826 <\/p>\n<p><strong>Cono:  \u00d8S\/\u00d8B (mm): <\/strong> 24,7\/28,6 <\/p>\n<p><strong>Longitud:  (mm): <\/strong> 220mm <\/p>\n","protected":false},"excerpt":{"rendered":"<p>\u00d8: \u00d826 \u00d8S\/\u00d8B (mm): 24,7\/28,6 (mm): 220mm<\/p>\n","protected":false},"featured_media":12288,"comment_status":"closed","ping_status":"open","template":"","meta":{"_acf_changed":false},"marka":[20557],"model":[33156],"referans-numarasi":[33157],"uretici":[15947],"product_brand":[],"product_cat":[23439],"product_tag":[],"class_list":{"0":"post-20650","1":"product","2":"type-product","3":"status-publish","4":"has-post-thumbnail","6":"marka-egerot-es","7":"model-b-9-es","8":"referans-numarasi-20541949-es","9":"uretici-volvo-es","10":"product_cat-estabilizador","12":"first","13":"instock","14":"product-type-simple"},"acf":[],"_links":{"self":[{"href":"https:\/\/hydcab.com\/es\/wp-json\/wp\/v2\/product\/20650","targetHints":{"allow":["GET"]}}],"collection":[{"href":"https:\/\/hydcab.com\/es\/wp-json\/wp\/v2\/product"}],"about":[{"href":"https:\/\/hydcab.com\/es\/wp-json\/wp\/v2\/types\/product"}],"replies":[{"embeddable":true,"href":"https:\/\/hydcab.com\/es\/wp-json\/wp\/v2\/comments?post=20650"}],"wp:featuredmedia":[{"embeddable":true,"href":"https:\/\/hydcab.com\/es\/wp-json\/wp\/v2\/media\/12288"}],"wp:attachment":[{"href":"https:\/\/hydcab.com\/es\/wp-json\/wp\/v2\/media?parent=20650"}],"wp:term":[{"taxonomy":"marka","embeddable":true,"href":"https:\/\/hydcab.com\/es\/wp-json\/wp\/v2\/marka?post=20650"},{"taxonomy":"model","embeddable":true,"href":"https:\/\/hydcab.com\/es\/wp-json\/wp\/v2\/model?post=20650"},{"taxonomy":"referans-numarasi","embeddable":true,"href":"https:\/\/hydcab.com\/es\/wp-json\/wp\/v2\/referans-numarasi?post=20650"},{"taxonomy":"uretici","embeddable":true,"href":"https:\/\/hydcab.com\/es\/wp-json\/wp\/v2\/uretici?post=20650"},{"taxonomy":"product_brand","embeddable":true,"href":"https:\/\/hydcab.com\/es\/wp-json\/wp\/v2\/product_brand?post=20650"},{"taxonomy":"product_cat","embeddable":true,"href":"https:\/\/hydcab.com\/es\/wp-json\/wp\/v2\/product_cat?post=20650"},{"taxonomy":"product_tag","embeddable":true,"href":"https:\/\/hydcab.com\/es\/wp-json\/wp\/v2\/product_tag?post=20650"}],"curies":[{"name":"wp","href":"https:\/\/api.w.org\/{rel}","templated":true}]}}