{"id":21318,"date":"2024-08-15T14:38:08","date_gmt":"2024-08-15T14:38:08","guid":{"rendered":"https:\/\/hydcab.com\/product\/er1333\/"},"modified":"2024-08-15T14:38:08","modified_gmt":"2024-08-15T14:38:08","slug":"er1333","status":"publish","type":"product","link":"https:\/\/hydcab.com\/es\/product\/er1333\/","title":{"rendered":"ER1333"},"content":{"rendered":"<p><strong>Tubo:  \u00d8: <\/strong> \u00d830 <\/p>\n<p><strong>Cono:  \u00d8S\/\u00d8B (mm): <\/strong> 23,5\/26 <\/p>\n<p><strong>Longitud:  (mm): <\/strong> 100mm <\/p>\n","protected":false},"excerpt":{"rendered":"<p>\u00d8: \u00d830 \u00d8S\/\u00d8B (mm): 23,5\/26 (mm): 100mm<\/p>\n","protected":false},"featured_media":11632,"comment_status":"closed","ping_status":"open","template":"","meta":{"_acf_changed":false},"marka":[20557],"model":[35172,26388,35173,32274],"referans-numarasi":[35174,35175,35176,35177],"uretici":[15101,15104],"product_brand":[],"product_cat":[23439],"product_tag":[],"class_list":{"0":"post-21318","1":"product","2":"type-product","3":"status-publish","4":"has-post-thumbnail","6":"marka-egerot-es","7":"model-cityclass-es","8":"model-k-es","9":"model-k-94-l-94-n-94-bus-f-es","10":"model-n-es","11":"referans-numarasi-1766014-es","12":"referans-numarasi-463245-es","13":"referans-numarasi-98484091-es","14":"referans-numarasi-98848013-es","15":"uretici-iveco-es","16":"uretici-scania-es","17":"product_cat-estabilizador","19":"first","20":"instock","21":"product-type-simple"},"acf":[],"_links":{"self":[{"href":"https:\/\/hydcab.com\/es\/wp-json\/wp\/v2\/product\/21318","targetHints":{"allow":["GET"]}}],"collection":[{"href":"https:\/\/hydcab.com\/es\/wp-json\/wp\/v2\/product"}],"about":[{"href":"https:\/\/hydcab.com\/es\/wp-json\/wp\/v2\/types\/product"}],"replies":[{"embeddable":true,"href":"https:\/\/hydcab.com\/es\/wp-json\/wp\/v2\/comments?post=21318"}],"wp:featuredmedia":[{"embeddable":true,"href":"https:\/\/hydcab.com\/es\/wp-json\/wp\/v2\/media\/11632"}],"wp:attachment":[{"href":"https:\/\/hydcab.com\/es\/wp-json\/wp\/v2\/media?parent=21318"}],"wp:term":[{"taxonomy":"marka","embeddable":true,"href":"https:\/\/hydcab.com\/es\/wp-json\/wp\/v2\/marka?post=21318"},{"taxonomy":"model","embeddable":true,"href":"https:\/\/hydcab.com\/es\/wp-json\/wp\/v2\/model?post=21318"},{"taxonomy":"referans-numarasi","embeddable":true,"href":"https:\/\/hydcab.com\/es\/wp-json\/wp\/v2\/referans-numarasi?post=21318"},{"taxonomy":"uretici","embeddable":true,"href":"https:\/\/hydcab.com\/es\/wp-json\/wp\/v2\/uretici?post=21318"},{"taxonomy":"product_brand","embeddable":true,"href":"https:\/\/hydcab.com\/es\/wp-json\/wp\/v2\/product_brand?post=21318"},{"taxonomy":"product_cat","embeddable":true,"href":"https:\/\/hydcab.com\/es\/wp-json\/wp\/v2\/product_cat?post=21318"},{"taxonomy":"product_tag","embeddable":true,"href":"https:\/\/hydcab.com\/es\/wp-json\/wp\/v2\/product_tag?post=21318"}],"curies":[{"name":"wp","href":"https:\/\/api.w.org\/{rel}","templated":true}]}}