{"id":21802,"date":"2024-08-15T14:36:06","date_gmt":"2024-08-15T14:36:06","guid":{"rendered":"https:\/\/hydcab.com\/product\/er1169\/"},"modified":"2024-08-15T14:36:06","modified_gmt":"2024-08-15T14:36:06","slug":"er1169","status":"publish","type":"product","link":"https:\/\/hydcab.com\/es\/product\/er1169\/","title":{"rendered":"ER1169"},"content":{"rendered":"<p><strong>Tubo:  \u00d8: <\/strong> \u00d832 <\/p>\n<p><strong>Cono:  \u00d8S\/\u00d8B (mm): <\/strong> 27,1\/30 <\/p>\n<p><strong>Longitud:  (mm): <\/strong> 148mm <\/p>\n","protected":false},"excerpt":{"rendered":"<p>\u00d8: \u00d832 \u00d8S\/\u00d8B (mm): 27,1\/30 (mm): 148mm<\/p>\n","protected":false},"featured_media":11168,"comment_status":"closed","ping_status":"open","template":"","meta":{"_acf_changed":false},"marka":[20557],"model":[36578],"referans-numarasi":[34186,34188,34190,34191,34192],"uretici":[15565,20568],"product_brand":[],"product_cat":[23439],"product_tag":[],"class_list":{"0":"post-21802","1":"product","2":"type-product","3":"status-publish","4":"has-post-thumbnail","6":"marka-egerot-es","7":"model-integro-o550-travego-o580-setra-series-400-comfort-class-top-class-es","8":"referans-numarasi-0003200132-es","9":"referans-numarasi-0003200832-es","10":"referans-numarasi-6323200032-es","11":"referans-numarasi-6323200332-es","12":"referans-numarasi-8226368000-es","13":"uretici-kassbohrer-es","14":"uretici-mercedes-es","15":"product_cat-estabilizador","17":"first","18":"instock","19":"product-type-simple"},"acf":[],"_links":{"self":[{"href":"https:\/\/hydcab.com\/es\/wp-json\/wp\/v2\/product\/21802","targetHints":{"allow":["GET"]}}],"collection":[{"href":"https:\/\/hydcab.com\/es\/wp-json\/wp\/v2\/product"}],"about":[{"href":"https:\/\/hydcab.com\/es\/wp-json\/wp\/v2\/types\/product"}],"replies":[{"embeddable":true,"href":"https:\/\/hydcab.com\/es\/wp-json\/wp\/v2\/comments?post=21802"}],"wp:featuredmedia":[{"embeddable":true,"href":"https:\/\/hydcab.com\/es\/wp-json\/wp\/v2\/media\/11168"}],"wp:attachment":[{"href":"https:\/\/hydcab.com\/es\/wp-json\/wp\/v2\/media?parent=21802"}],"wp:term":[{"taxonomy":"marka","embeddable":true,"href":"https:\/\/hydcab.com\/es\/wp-json\/wp\/v2\/marka?post=21802"},{"taxonomy":"model","embeddable":true,"href":"https:\/\/hydcab.com\/es\/wp-json\/wp\/v2\/model?post=21802"},{"taxonomy":"referans-numarasi","embeddable":true,"href":"https:\/\/hydcab.com\/es\/wp-json\/wp\/v2\/referans-numarasi?post=21802"},{"taxonomy":"uretici","embeddable":true,"href":"https:\/\/hydcab.com\/es\/wp-json\/wp\/v2\/uretici?post=21802"},{"taxonomy":"product_brand","embeddable":true,"href":"https:\/\/hydcab.com\/es\/wp-json\/wp\/v2\/product_brand?post=21802"},{"taxonomy":"product_cat","embeddable":true,"href":"https:\/\/hydcab.com\/es\/wp-json\/wp\/v2\/product_cat?post=21802"},{"taxonomy":"product_tag","embeddable":true,"href":"https:\/\/hydcab.com\/es\/wp-json\/wp\/v2\/product_tag?post=21802"}],"curies":[{"name":"wp","href":"https:\/\/api.w.org\/{rel}","templated":true}]}}