{"id":22926,"date":"2024-08-15T14:31:11","date_gmt":"2024-08-15T14:31:11","guid":{"rendered":"https:\/\/hydcab.com\/product\/er0767\/"},"modified":"2024-08-15T14:31:11","modified_gmt":"2024-08-15T14:31:11","slug":"er0767","status":"publish","type":"product","link":"https:\/\/hydcab.com\/es\/product\/er0767\/","title":{"rendered":"ER0767"},"content":{"rendered":"<p><strong>Tubo:  \u00d8: <\/strong> \u00d840 <\/p>\n<p><strong>Cono:  \u00d8S\/\u00d8B (mm): <\/strong> 23,5\/26 <\/p>\n<p><strong>Longitud:  (mm): <\/strong> 380mm <\/p>\n","protected":false},"excerpt":{"rendered":"<p>\u00d8: \u00d840 \u00d8S\/\u00d8B (mm): 23,5\/26 (mm): 380mm<\/p>\n","protected":false},"featured_media":9936,"comment_status":"closed","ping_status":"open","template":"","meta":{"_acf_changed":false},"marka":[20557],"model":[19829],"referans-numarasi":[40712,40713,40714,40715],"uretici":[15565],"product_brand":[],"product_cat":[23439],"product_tag":[],"class_list":{"0":"post-22926","1":"product","2":"type-product","3":"status-publish","4":"has-post-thumbnail","6":"marka-egerot-es","7":"model-fh16-euro-6-650-700-750-es","8":"referans-numarasi-8226137000-es","9":"referans-numarasi-8226147000c-es","10":"referans-numarasi-8226305000c-es","11":"referans-numarasi-8226313000c-es","12":"uretici-kassbohrer-es","13":"product_cat-estabilizador","15":"first","16":"instock","17":"product-type-simple"},"acf":[],"_links":{"self":[{"href":"https:\/\/hydcab.com\/es\/wp-json\/wp\/v2\/product\/22926","targetHints":{"allow":["GET"]}}],"collection":[{"href":"https:\/\/hydcab.com\/es\/wp-json\/wp\/v2\/product"}],"about":[{"href":"https:\/\/hydcab.com\/es\/wp-json\/wp\/v2\/types\/product"}],"replies":[{"embeddable":true,"href":"https:\/\/hydcab.com\/es\/wp-json\/wp\/v2\/comments?post=22926"}],"wp:featuredmedia":[{"embeddable":true,"href":"https:\/\/hydcab.com\/es\/wp-json\/wp\/v2\/media\/9936"}],"wp:attachment":[{"href":"https:\/\/hydcab.com\/es\/wp-json\/wp\/v2\/media?parent=22926"}],"wp:term":[{"taxonomy":"marka","embeddable":true,"href":"https:\/\/hydcab.com\/es\/wp-json\/wp\/v2\/marka?post=22926"},{"taxonomy":"model","embeddable":true,"href":"https:\/\/hydcab.com\/es\/wp-json\/wp\/v2\/model?post=22926"},{"taxonomy":"referans-numarasi","embeddable":true,"href":"https:\/\/hydcab.com\/es\/wp-json\/wp\/v2\/referans-numarasi?post=22926"},{"taxonomy":"uretici","embeddable":true,"href":"https:\/\/hydcab.com\/es\/wp-json\/wp\/v2\/uretici?post=22926"},{"taxonomy":"product_brand","embeddable":true,"href":"https:\/\/hydcab.com\/es\/wp-json\/wp\/v2\/product_brand?post=22926"},{"taxonomy":"product_cat","embeddable":true,"href":"https:\/\/hydcab.com\/es\/wp-json\/wp\/v2\/product_cat?post=22926"},{"taxonomy":"product_tag","embeddable":true,"href":"https:\/\/hydcab.com\/es\/wp-json\/wp\/v2\/product_tag?post=22926"}],"curies":[{"name":"wp","href":"https:\/\/api.w.org\/{rel}","templated":true}]}}