{"id":27287,"date":"2024-11-08T12:26:31","date_gmt":"2024-11-08T12:26:31","guid":{"rendered":"https:\/\/hydcab.com\/informativa-sui-cookie\/"},"modified":"2025-01-31T06:32:53","modified_gmt":"2025-01-31T06:32:53","slug":"informativa-sui-cookie","status":"publish","type":"page","link":"https:\/\/hydcab.com\/it\/informativa-sui-cookie\/","title":{"rendered":"Informativa sui cookie"},"content":{"rendered":"\t\t<div data-elementor-type=\"wp-page\" data-elementor-id=\"27287\" class=\"elementor elementor-27287 elementor-26081\" data-elementor-post-type=\"page\">\n\t\t\t\t<div class=\"elementor-element elementor-element-f57af20 e-flex e-con-boxed e-con e-parent\" data-id=\"f57af20\" data-element_type=\"container\" data-e-type=\"container\" data-settings=\"{&quot;background_background&quot;:&quot;classic&quot;}\">\n\t\t\t\t\t<div class=\"e-con-inner\">\n\t\t\t\t<div class=\"elementor-element elementor-element-6327778 elementor-widget__width-inherit elementor-widget elementor-widget-heading\" data-id=\"6327778\" data-element_type=\"widget\" data-e-type=\"widget\" data-widget_type=\"heading.default\">\n\t\t\t\t<div class=\"elementor-widget-container\">\n\t\t\t\t\t<h1 class=\"elementor-heading-title elementor-size-default\">Informativa sui cookie<\/h1>\t\t\t\t<\/div>\n\t\t\t\t<\/div>\n\t\t\t\t<div class=\"elementor-element elementor-element-bc43565 elementor-align-center elementor-widget elementor-widget-lottie\" data-id=\"bc43565\" data-element_type=\"widget\" data-e-type=\"widget\" data-settings=\"{&quot;source_json&quot;:{&quot;url&quot;:&quot;https:\\\/\\\/hydcab.com\\\/wp-content\\\/uploads\\\/2024\\\/09\\\/scroll-down.json&quot;,&quot;id&quot;:7596,&quot;size&quot;:&quot;&quot;,&quot;alt&quot;:&quot;&quot;,&quot;source&quot;:&quot;library&quot;},&quot;link_to&quot;:&quot;custom&quot;,&quot;custom_link&quot;:{&quot;url&quot;:&quot;#continue&quot;,&quot;is_external&quot;:&quot;&quot;,&quot;nofollow&quot;:&quot;&quot;,&quot;custom_attributes&quot;:&quot;&quot;},&quot;loop&quot;:&quot;yes&quot;,&quot;renderer&quot;:&quot;canvas&quot;,&quot;source&quot;:&quot;media_file&quot;,&quot;caption_source&quot;:&quot;none&quot;,&quot;trigger&quot;:&quot;arriving_to_viewport&quot;,&quot;viewport&quot;:{&quot;unit&quot;:&quot;%&quot;,&quot;size&quot;:&quot;&quot;,&quot;sizes&quot;:{&quot;start&quot;:0,&quot;end&quot;:100}},&quot;play_speed&quot;:{&quot;unit&quot;:&quot;px&quot;,&quot;size&quot;:1,&quot;sizes&quot;:[]},&quot;start_point&quot;:{&quot;unit&quot;:&quot;%&quot;,&quot;size&quot;:0,&quot;sizes&quot;:[]},&quot;end_point&quot;:{&quot;unit&quot;:&quot;%&quot;,&quot;size&quot;:100,&quot;sizes&quot;:[]}}\" data-widget_type=\"lottie.default\">\n\t\t\t\t<div class=\"elementor-widget-container\">\n\t\t\t\t\t<a class=\"e-lottie__container__link\" href=\"#continue\"><div class=\"e-lottie__container\"><div class=\"e-lottie__animation\"><\/div><\/div><\/a>\t\t\t\t<\/div>\n\t\t\t\t<\/div>\n\t\t\t\t\t<\/div>\n\t\t\t\t<\/div>\n\t\t<div class=\"elementor-element elementor-element-88bcfa7 e-flex e-con-boxed e-con e-parent\" data-id=\"88bcfa7\" data-element_type=\"container\" data-e-type=\"container\">\n\t\t\t\t\t<div class=\"e-con-inner\">\n\t\t<div class=\"elementor-element elementor-element-3340494 e-con-full e-flex e-con e-child\" data-id=\"3340494\" data-element_type=\"container\" data-e-type=\"container\">\n\t\t<div class=\"elementor-element elementor-element-fa7e3da e-con-full e-flex e-con e-child\" data-id=\"fa7e3da\" data-element_type=\"container\" data-e-type=\"container\">\n\t\t\t\t<div class=\"elementor-element elementor-element-a793dcd elementor-widget elementor-widget-text-editor\" data-id=\"a793dcd\" data-element_type=\"widget\" data-e-type=\"widget\" data-widget_type=\"text-editor.default\">\n\t\t\t\t<div class=\"elementor-widget-container\">\n\t\t\t\t\t\t\t\t\t<p>\u00d6zteknik Group (&#8220;noi&#8221;, &#8220;nostro&#8221; o &#8220;ci&#8221;) utilizza i cookie sul proprio sito web per migliorare la tua esperienza di navigazione, migliorare le prestazioni del sito e personalizzare i contenuti. La presente Informativa sui cookie spiega cosa sono i cookie, come li utilizziamo e le tue scelte in merito al loro utilizzo. <\/p>\n<p><strong>1. Cosa sono i cookie?<\/strong><br \/>I cookie sono piccoli file di testo inseriti nel tuo dispositivo dai siti web che visiti. Vengono utilizzati per far funzionare i siti web, migliorare l&#8217;efficienza, fornire informazioni di reportistica e talvolta personalizzare i contenuti in base alle tue preferenze. <\/p>\n<p><strong>2. Tipi di cookie che utilizziamo<\/strong><\/p>\n<ul>\n<li>\n<p><strong>Cookie strettamente necessari<\/strong><br \/>Questi cookie sono essenziali per il corretto funzionamento del sito web e non possono essere disabilitati nei nostri sistemi. In genere vengono impostati in risposta ad azioni compiute dall&#8217;utente, come l&#8217;impostazione delle preferenze sulla privacy, il login o la compilazione di moduli. <\/p>\n<\/li>\n<li>\n<p><strong>Cookie di performance<\/strong><br \/>Questi cookie ci permettono di contare le visite e le fonti di traffico, consentendoci di misurare e migliorare le prestazioni del nostro sito. Ci aiutano a capire quali sono le pagine pi\u00f9 e meno popolari e a capire come i visitatori si muovono all&#8217;interno del sito. <\/p>\n<\/li>\n<li>\n<p><strong>Cookie funzionali<\/strong><br \/>I cookie funzionali ci aiutano a ricordare le impostazioni e le preferenze dell&#8217;utente, come ad esempio la lingua, per offrire un&#8217;esperienza pi\u00f9 personalizzata.<\/p>\n<\/li>\n<li>\n<p><strong>Cookie di targeting<\/strong><br \/>Questi cookie possono essere impostati attraverso il nostro sito web dai nostri partner pubblicitari. Possono essere utilizzati da queste aziende per creare un profilo dei tuoi interessi e mostrarti annunci pertinenti su altri siti. <\/p>\n<\/li>\n<\/ul>\n<p><strong>3. Come utilizziamo i cookie<\/strong><br \/>Utilizziamo i cookie per:<\/p>\n<ul>\n<li>Assicurati che il nostro sito web funzioni come previsto<\/li>\n<li>Analizzare le interazioni dei visitatori per migliorare le prestazioni e l&#8217;usabilit\u00e0 del sito web<\/li>\n<li>Personalizza la tua esperienza ricordando le tue preferenze<\/li>\n<li>Distribuire contenuti e annunci pubblicitari pertinenti su altre piattaforme<\/li>\n<\/ul>\n<p><strong>4. Cookie di terze parti<\/strong><br \/>Possiamo anche utilizzare cookie di terze parti di fornitori di servizi che ci aiutano ad analizzare le prestazioni del nostro sito web, a fornire pubblicit\u00e0 mirata e a consentire la condivisione sui social media. Questi cookie di terze parti sono soggetti alle rispettive politiche sulla privacy dei fornitori. <\/p>\n<p><strong>5. Come gestire i cookie<\/strong><br \/>Puoi gestire o disabilitare i cookie attraverso le impostazioni del tuo browser. Se scegli di disabilitare alcuni cookie, alcune funzioni del nostro sito web potrebbero non funzionare correttamente. <\/p>\n<p><strong>6. Modifiche alla presente Informativa sui cookie<\/strong><br \/>Potremmo aggiornare periodicamente la presente Informativa sui cookie per riflettere le modifiche apportate al nostro utilizzo dei cookie o ai requisiti legali. Eventuali aggiornamenti saranno pubblicati su questa pagina, pertanto ti invitiamo a consultarla regolarmente. <\/p>\n<p><strong>7. Contattaci<\/strong><br \/>Per domande o dubbi sulla nostra Politica sui Cookie, contattaci:<\/p>\n<ul>\n<li><strong>Indirizzo:<\/strong> Mehmet Akif Ersoy Mah. No:34\/3 1. \u00d6teyaka K\u00fcme, 35730 Kemalpa\u015fa, \u0130zmir, Turchia  <\/li>\n<li><strong>Telefono:<\/strong> +90 232 887 17 18 (pbx)<\/li>\n<li><strong>Email:<\/strong> <a rel=\"noopener\">info@hydcab.com<\/a><\/li>\n<\/ul>\n\t\t\t\t\t\t\t\t<\/div>\n\t\t\t\t<\/div>\n\t\t\t\t<\/div>\n\t\t\t\t<\/div>\n\t\t\t\t\t<\/div>\n\t\t\t\t<\/div>\n\t\t\t\t<\/div>\n\t\t","protected":false},"excerpt":{"rendered":"<p>\u00d6zteknik Group (&#8220;noi&#8221;, &#8220;nostro&#8221; o &#8220;ci&#8221;) utilizza i cookie sul proprio sito web per migliorare la tua esperienza di navigazione, migliorare le prestazioni del sito e personalizzare i contenuti. La presente Informativa sui cookie spiega cosa sono i cookie, come li utilizziamo e le tue scelte in merito al loro utilizzo. 1. Cosa sono i [&hellip;]<\/p>\n","protected":false},"author":1,"featured_media":0,"parent":0,"menu_order":0,"comment_status":"closed","ping_status":"closed","template":"","meta":{"_acf_changed":false,"footnotes":""},"class_list":["post-27287","page","type-page","status-publish","hentry"],"acf":[],"_links":{"self":[{"href":"https:\/\/hydcab.com\/it\/wp-json\/wp\/v2\/pages\/27287","targetHints":{"allow":["GET"]}}],"collection":[{"href":"https:\/\/hydcab.com\/it\/wp-json\/wp\/v2\/pages"}],"about":[{"href":"https:\/\/hydcab.com\/it\/wp-json\/wp\/v2\/types\/page"}],"author":[{"embeddable":true,"href":"https:\/\/hydcab.com\/it\/wp-json\/wp\/v2\/users\/1"}],"replies":[{"embeddable":true,"href":"https:\/\/hydcab.com\/it\/wp-json\/wp\/v2\/comments?post=27287"}],"version-history":[{"count":1,"href":"https:\/\/hydcab.com\/it\/wp-json\/wp\/v2\/pages\/27287\/revisions"}],"predecessor-version":[{"id":27289,"href":"https:\/\/hydcab.com\/it\/wp-json\/wp\/v2\/pages\/27287\/revisions\/27289"}],"wp:attachment":[{"href":"https:\/\/hydcab.com\/it\/wp-json\/wp\/v2\/media?parent=27287"}],"curies":[{"name":"wp","href":"https:\/\/api.w.org\/{rel}","templated":true}]}}