{"id":27441,"date":"2024-08-16T06:10:51","date_gmt":"2024-08-16T06:10:51","guid":{"rendered":"https:\/\/hydcab.com\/product\/pp2-001-309\/"},"modified":"2024-08-16T06:10:51","modified_gmt":"2024-08-16T06:10:51","slug":"pp2-001-309","status":"publish","type":"product","link":"https:\/\/hydcab.com\/it\/product\/pp2-001-309\/","title":{"rendered":"PP2 001 309"},"content":{"rendered":"<p><strong>MOTOR : <\/strong> D16G <\/p>\n<p><strong>SANZIMAN : <\/strong> AT2812\/D, AT03112\/D OTOMATIK <\/p>\n<p><strong>\u00dcr\u00fcn tipi: <\/strong> SB430I <\/p>\n<p><strong>SISTEM \u00c7API : <\/strong> 430 mm <\/p>\n","protected":false},"excerpt":{"rendered":"<p>MOTOR : D16G SANZIMAN : AT2812\/D, AT03112\/D OTOMATIK \u00dcr\u00fcn tipi: SB430I SISTEM \u00c7API : 430 mm<\/p>\n","protected":false},"featured_media":0,"comment_status":"closed","ping_status":"open","template":"","meta":{"_acf_changed":false},"marka":[55104],"model":[56282],"referans-numarasi":[56283,56284,56285],"uretici":[56286,55271],"product_brand":[],"product_cat":[55643],"product_tag":[],"class_list":{"0":"post-27441","1":"product","2":"type-product","3":"status-publish","5":"marka-revol-it","6":"model-fh16-euro-6-650-700-750-it","7":"referans-numarasi-21648793-it","8":"referans-numarasi-22317110-it","9":"referans-numarasi-3482001309-it","10":"uretici-mack-it","11":"uretici-volvo-it","12":"product_cat-piastra-di-pressione","14":"first","15":"instock","16":"product-type-simple"},"acf":[],"_links":{"self":[{"href":"https:\/\/hydcab.com\/it\/wp-json\/wp\/v2\/product\/27441","targetHints":{"allow":["GET"]}}],"collection":[{"href":"https:\/\/hydcab.com\/it\/wp-json\/wp\/v2\/product"}],"about":[{"href":"https:\/\/hydcab.com\/it\/wp-json\/wp\/v2\/types\/product"}],"replies":[{"embeddable":true,"href":"https:\/\/hydcab.com\/it\/wp-json\/wp\/v2\/comments?post=27441"}],"wp:attachment":[{"href":"https:\/\/hydcab.com\/it\/wp-json\/wp\/v2\/media?parent=27441"}],"wp:term":[{"taxonomy":"marka","embeddable":true,"href":"https:\/\/hydcab.com\/it\/wp-json\/wp\/v2\/marka?post=27441"},{"taxonomy":"model","embeddable":true,"href":"https:\/\/hydcab.com\/it\/wp-json\/wp\/v2\/model?post=27441"},{"taxonomy":"referans-numarasi","embeddable":true,"href":"https:\/\/hydcab.com\/it\/wp-json\/wp\/v2\/referans-numarasi?post=27441"},{"taxonomy":"uretici","embeddable":true,"href":"https:\/\/hydcab.com\/it\/wp-json\/wp\/v2\/uretici?post=27441"},{"taxonomy":"product_brand","embeddable":true,"href":"https:\/\/hydcab.com\/it\/wp-json\/wp\/v2\/product_brand?post=27441"},{"taxonomy":"product_cat","embeddable":true,"href":"https:\/\/hydcab.com\/it\/wp-json\/wp\/v2\/product_cat?post=27441"},{"taxonomy":"product_tag","embeddable":true,"href":"https:\/\/hydcab.com\/it\/wp-json\/wp\/v2\/product_tag?post=27441"}],"curies":[{"name":"wp","href":"https:\/\/api.w.org\/{rel}","templated":true}]}}