{"id":28308,"date":"2024-08-16T05:58:00","date_gmt":"2024-08-16T05:58:00","guid":{"rendered":"https:\/\/hydcab.com\/product\/er3289\/"},"modified":"2024-08-16T05:58:00","modified_gmt":"2024-08-16T05:58:00","slug":"er3289","status":"publish","type":"product","link":"https:\/\/hydcab.com\/it\/product\/er3289\/","title":{"rendered":"ER3289"},"content":{"rendered":"<p><strong>Tubo:  \u00d8: <\/strong> \u00d836 <\/p>\n<p><strong>Cono:  \u00d8S\/\u00d8B (mm): <\/strong> 19,9\/22 <\/p>\n<p><strong>Lunghezza:  (mm): <\/strong> 410mm <\/p>\n","protected":false},"excerpt":{"rendered":"<p>\u00d8: \u00d836 \u00d8S\/\u00d8B (mm): 19,9\/22 (mm): 410mm<\/p>\n","protected":false},"featured_media":28309,"comment_status":"closed","ping_status":"open","template":"","meta":{"_acf_changed":false},"marka":[56455],"model":[57880],"referans-numarasi":[57881,57882,57883],"uretici":[56461],"product_brand":[],"product_cat":[57380],"product_tag":[],"class_list":{"0":"post-28308","1":"product","2":"type-product","3":"status-publish","4":"has-post-thumbnail","6":"marka-egerot-it","7":"model-front-left-it","8":"referans-numarasi-3823237116-it","9":"referans-numarasi-3823237916-it","10":"referans-numarasi-3833230216-it","11":"uretici-mercedes-it","12":"product_cat-stabilizzatore","14":"first","15":"instock","16":"product-type-simple"},"acf":[],"_links":{"self":[{"href":"https:\/\/hydcab.com\/it\/wp-json\/wp\/v2\/product\/28308","targetHints":{"allow":["GET"]}}],"collection":[{"href":"https:\/\/hydcab.com\/it\/wp-json\/wp\/v2\/product"}],"about":[{"href":"https:\/\/hydcab.com\/it\/wp-json\/wp\/v2\/types\/product"}],"replies":[{"embeddable":true,"href":"https:\/\/hydcab.com\/it\/wp-json\/wp\/v2\/comments?post=28308"}],"wp:featuredmedia":[{"embeddable":true,"href":"https:\/\/hydcab.com\/it\/wp-json\/wp\/v2\/media\/28309"}],"wp:attachment":[{"href":"https:\/\/hydcab.com\/it\/wp-json\/wp\/v2\/media?parent=28308"}],"wp:term":[{"taxonomy":"marka","embeddable":true,"href":"https:\/\/hydcab.com\/it\/wp-json\/wp\/v2\/marka?post=28308"},{"taxonomy":"model","embeddable":true,"href":"https:\/\/hydcab.com\/it\/wp-json\/wp\/v2\/model?post=28308"},{"taxonomy":"referans-numarasi","embeddable":true,"href":"https:\/\/hydcab.com\/it\/wp-json\/wp\/v2\/referans-numarasi?post=28308"},{"taxonomy":"uretici","embeddable":true,"href":"https:\/\/hydcab.com\/it\/wp-json\/wp\/v2\/uretici?post=28308"},{"taxonomy":"product_brand","embeddable":true,"href":"https:\/\/hydcab.com\/it\/wp-json\/wp\/v2\/product_brand?post=28308"},{"taxonomy":"product_cat","embeddable":true,"href":"https:\/\/hydcab.com\/it\/wp-json\/wp\/v2\/product_cat?post=28308"},{"taxonomy":"product_tag","embeddable":true,"href":"https:\/\/hydcab.com\/it\/wp-json\/wp\/v2\/product_tag?post=28308"}],"curies":[{"name":"wp","href":"https:\/\/api.w.org\/{rel}","templated":true}]}}