{"id":28852,"date":"2024-08-15T14:44:52","date_gmt":"2024-08-15T14:44:52","guid":{"rendered":"https:\/\/hydcab.com\/product\/er1905\/"},"modified":"2024-08-15T14:44:52","modified_gmt":"2024-08-15T14:44:52","slug":"er1905","status":"publish","type":"product","link":"https:\/\/hydcab.com\/it\/product\/er1905\/","title":{"rendered":"ER1905"},"content":{"rendered":"<p><strong>Tubo:  \u00d8: <\/strong> \u00d830 <\/p>\n<p><strong>Cono:  \u00d8S\/\u00d8B (mm): <\/strong> 23,5\/26 <\/p>\n<p><strong>Lunghezza:  (mm): <\/strong> 150mm <\/p>\n","protected":false},"excerpt":{"rendered":"<p>\u00d8: \u00d830 \u00d8S\/\u00d8B (mm): 23,5\/26 (mm): 150mm<\/p>\n","protected":false},"featured_media":28853,"comment_status":"closed","ping_status":"open","template":"","meta":{"_acf_changed":false},"marka":[56455],"model":[57965,57966,57967],"referans-numarasi":[58973],"uretici":[55125],"product_brand":[],"product_cat":[57380],"product_tag":[],"class_list":{"0":"post-28852","1":"product","2":"type-product","3":"status-publish","4":"has-post-thumbnail","6":"marka-egerot-it","7":"model-k-it","8":"model-k94-l94-n94-114-124-bus-f-it","9":"model-n-irizar-pb-it","10":"referans-numarasi-1506925-it","11":"uretici-scania-it","12":"product_cat-stabilizzatore","14":"first","15":"instock","16":"product-type-simple"},"acf":[],"_links":{"self":[{"href":"https:\/\/hydcab.com\/it\/wp-json\/wp\/v2\/product\/28852","targetHints":{"allow":["GET"]}}],"collection":[{"href":"https:\/\/hydcab.com\/it\/wp-json\/wp\/v2\/product"}],"about":[{"href":"https:\/\/hydcab.com\/it\/wp-json\/wp\/v2\/types\/product"}],"replies":[{"embeddable":true,"href":"https:\/\/hydcab.com\/it\/wp-json\/wp\/v2\/comments?post=28852"}],"wp:featuredmedia":[{"embeddable":true,"href":"https:\/\/hydcab.com\/it\/wp-json\/wp\/v2\/media\/28853"}],"wp:attachment":[{"href":"https:\/\/hydcab.com\/it\/wp-json\/wp\/v2\/media?parent=28852"}],"wp:term":[{"taxonomy":"marka","embeddable":true,"href":"https:\/\/hydcab.com\/it\/wp-json\/wp\/v2\/marka?post=28852"},{"taxonomy":"model","embeddable":true,"href":"https:\/\/hydcab.com\/it\/wp-json\/wp\/v2\/model?post=28852"},{"taxonomy":"referans-numarasi","embeddable":true,"href":"https:\/\/hydcab.com\/it\/wp-json\/wp\/v2\/referans-numarasi?post=28852"},{"taxonomy":"uretici","embeddable":true,"href":"https:\/\/hydcab.com\/it\/wp-json\/wp\/v2\/uretici?post=28852"},{"taxonomy":"product_brand","embeddable":true,"href":"https:\/\/hydcab.com\/it\/wp-json\/wp\/v2\/product_brand?post=28852"},{"taxonomy":"product_cat","embeddable":true,"href":"https:\/\/hydcab.com\/it\/wp-json\/wp\/v2\/product_cat?post=28852"},{"taxonomy":"product_tag","embeddable":true,"href":"https:\/\/hydcab.com\/it\/wp-json\/wp\/v2\/product_tag?post=28852"}],"curies":[{"name":"wp","href":"https:\/\/api.w.org\/{rel}","templated":true}]}}