{"id":28943,"date":"2024-08-15T14:44:09","date_gmt":"2024-08-15T14:44:09","guid":{"rendered":"https:\/\/hydcab.com\/product\/er1853\/"},"modified":"2024-08-15T14:44:09","modified_gmt":"2024-08-15T14:44:09","slug":"er1853","status":"publish","type":"product","link":"https:\/\/hydcab.com\/it\/product\/er1853\/","title":{"rendered":"ER1853"},"content":{"rendered":"<p><strong>Tubo:  \u00d8: <\/strong> \u00d860 <\/p>\n<p><strong>Cono:  \u00d8S\/\u00d8B (mm): <\/strong> \u00d824,2&#215;62 <\/p>\n<p><strong>Lunghezza:  (mm): <\/strong> 1815mm <\/p>\n","protected":false},"excerpt":{"rendered":"<p>\u00d8: \u00d860 \u00d8S\/\u00d8B (mm): \u00d824,2&#215;62 (mm): 1815mm<\/p>\n","protected":false},"featured_media":28944,"comment_status":"closed","ping_status":"open","template":"","meta":{"_acf_changed":false},"marka":[56455],"model":[59105],"referans-numarasi":[59106,59107,59108],"uretici":[56461],"product_brand":[],"product_cat":[57380],"product_tag":[],"class_list":{"0":"post-28943","1":"product","2":"type-product","3":"status-publish","4":"has-post-thumbnail","6":"marka-egerot-it","7":"model-actros-3231-3339-actros-3340-3550-actros-4036-4844-actros-5041-5048-axor-3028-4144-it","8":"referans-numarasi-0003220323-it","9":"referans-numarasi-0003220623-it","10":"referans-numarasi-3753220423-it","11":"uretici-mercedes-it","12":"product_cat-stabilizzatore","14":"first","15":"instock","16":"product-type-simple"},"acf":[],"_links":{"self":[{"href":"https:\/\/hydcab.com\/it\/wp-json\/wp\/v2\/product\/28943","targetHints":{"allow":["GET"]}}],"collection":[{"href":"https:\/\/hydcab.com\/it\/wp-json\/wp\/v2\/product"}],"about":[{"href":"https:\/\/hydcab.com\/it\/wp-json\/wp\/v2\/types\/product"}],"replies":[{"embeddable":true,"href":"https:\/\/hydcab.com\/it\/wp-json\/wp\/v2\/comments?post=28943"}],"wp:featuredmedia":[{"embeddable":true,"href":"https:\/\/hydcab.com\/it\/wp-json\/wp\/v2\/media\/28944"}],"wp:attachment":[{"href":"https:\/\/hydcab.com\/it\/wp-json\/wp\/v2\/media?parent=28943"}],"wp:term":[{"taxonomy":"marka","embeddable":true,"href":"https:\/\/hydcab.com\/it\/wp-json\/wp\/v2\/marka?post=28943"},{"taxonomy":"model","embeddable":true,"href":"https:\/\/hydcab.com\/it\/wp-json\/wp\/v2\/model?post=28943"},{"taxonomy":"referans-numarasi","embeddable":true,"href":"https:\/\/hydcab.com\/it\/wp-json\/wp\/v2\/referans-numarasi?post=28943"},{"taxonomy":"uretici","embeddable":true,"href":"https:\/\/hydcab.com\/it\/wp-json\/wp\/v2\/uretici?post=28943"},{"taxonomy":"product_brand","embeddable":true,"href":"https:\/\/hydcab.com\/it\/wp-json\/wp\/v2\/product_brand?post=28943"},{"taxonomy":"product_cat","embeddable":true,"href":"https:\/\/hydcab.com\/it\/wp-json\/wp\/v2\/product_cat?post=28943"},{"taxonomy":"product_tag","embeddable":true,"href":"https:\/\/hydcab.com\/it\/wp-json\/wp\/v2\/product_tag?post=28943"}],"curies":[{"name":"wp","href":"https:\/\/api.w.org\/{rel}","templated":true}]}}