{"id":17867,"date":"2024-08-16T06:01:05","date_gmt":"2024-08-16T06:01:05","guid":{"rendered":"https:\/\/hydcab.com\/product\/er5606\/"},"modified":"2024-08-16T06:01:05","modified_gmt":"2024-08-16T06:01:05","slug":"er5606","status":"publish","type":"product","link":"https:\/\/hydcab.com\/ru\/product\/er5606\/","title":{"rendered":"ER5606"},"content":{"rendered":"<p><strong>\u0422\u0440\u0443\u0431\u0430:  \u00d8: <\/strong> \u00d836 <\/p>\n<p><strong>\u041a\u043e\u043d\u0443\u0441:  \u00d8S\/\u00d8B (mm): <\/strong> 23,5\/26 <\/p>\n<p><strong>\u041a\u043e\u043d\u0443\u0441:  \u00d8S\/\u00d8B (mm): <\/strong> 23,5\/26 <\/p>\n<p><strong>\u0414\u043b\u0438\u043d\u0430:  (mm): <\/strong> 284mm <\/p>\n","protected":false},"excerpt":{"rendered":"<p>\u00d8: \u00d836 \u00d8S\/\u00d8B (mm): 23,5\/26 \u00d8S\/\u00d8B (mm): 23,5\/26 (mm): 284mm<\/p>\n","protected":false},"featured_media":0,"comment_status":"closed","ping_status":"open","template":"","meta":{"_acf_changed":false},"marka":[20554],"model":[23942,23943],"referans-numarasi":[23944],"uretici":[15091],"product_brand":[],"product_cat":[23436],"product_tag":[],"class_list":{"0":"post-17867","1":"product","2":"type-product","3":"status-publish","5":"marka-egerot-ru","6":"model-4-series-bus-ru","7":"model-f-k-n-series-bus-ru","8":"referans-numarasi-2427569-ru","9":"uretici-scania-ru","10":"product_cat-23436","12":"first","13":"instock","14":"product-type-simple"},"acf":[],"_links":{"self":[{"href":"https:\/\/hydcab.com\/ru\/wp-json\/wp\/v2\/product\/17867","targetHints":{"allow":["GET"]}}],"collection":[{"href":"https:\/\/hydcab.com\/ru\/wp-json\/wp\/v2\/product"}],"about":[{"href":"https:\/\/hydcab.com\/ru\/wp-json\/wp\/v2\/types\/product"}],"replies":[{"embeddable":true,"href":"https:\/\/hydcab.com\/ru\/wp-json\/wp\/v2\/comments?post=17867"}],"wp:attachment":[{"href":"https:\/\/hydcab.com\/ru\/wp-json\/wp\/v2\/media?parent=17867"}],"wp:term":[{"taxonomy":"marka","embeddable":true,"href":"https:\/\/hydcab.com\/ru\/wp-json\/wp\/v2\/marka?post=17867"},{"taxonomy":"model","embeddable":true,"href":"https:\/\/hydcab.com\/ru\/wp-json\/wp\/v2\/model?post=17867"},{"taxonomy":"referans-numarasi","embeddable":true,"href":"https:\/\/hydcab.com\/ru\/wp-json\/wp\/v2\/referans-numarasi?post=17867"},{"taxonomy":"uretici","embeddable":true,"href":"https:\/\/hydcab.com\/ru\/wp-json\/wp\/v2\/uretici?post=17867"},{"taxonomy":"product_brand","embeddable":true,"href":"https:\/\/hydcab.com\/ru\/wp-json\/wp\/v2\/product_brand?post=17867"},{"taxonomy":"product_cat","embeddable":true,"href":"https:\/\/hydcab.com\/ru\/wp-json\/wp\/v2\/product_cat?post=17867"},{"taxonomy":"product_tag","embeddable":true,"href":"https:\/\/hydcab.com\/ru\/wp-json\/wp\/v2\/product_tag?post=17867"}],"curies":[{"name":"wp","href":"https:\/\/api.w.org\/{rel}","templated":true}]}}