{"id":18541,"date":"2024-08-16T05:57:26","date_gmt":"2024-08-16T05:57:26","guid":{"rendered":"https:\/\/hydcab.com\/product\/er3232\/"},"modified":"2024-08-16T05:57:26","modified_gmt":"2024-08-16T05:57:26","slug":"er3232","status":"publish","type":"product","link":"https:\/\/hydcab.com\/ru\/product\/er3232\/","title":{"rendered":"ER3232"},"content":{"rendered":"<p><strong>\u0422\u0440\u0443\u0431\u0430:  \u00d8: <\/strong> \u00d830 <\/p>\n<p><strong>\u041a\u043e\u043d\u0443\u0441:  \u00d8S\/\u00d8B (mm): <\/strong> 23,9\/28,6 <\/p>\n<p><strong>\u0414\u043b\u0438\u043d\u0430:  (mm): <\/strong> 240mm <\/p>\n","protected":false},"excerpt":{"rendered":"<p>\u00d8: \u00d830 \u00d8S\/\u00d8B (mm): 23,9\/28,6 (mm): 240mm<\/p>\n","protected":false},"featured_media":13755,"comment_status":"closed","ping_status":"open","template":"","meta":{"_acf_changed":false},"marka":[20554],"model":[26398],"referans-numarasi":[26399],"uretici":[15940],"product_brand":[],"product_cat":[23436],"product_tag":[],"class_list":{"0":"post-18541","1":"product","2":"type-product","3":"status-publish","4":"has-post-thumbnail","6":"marka-egerot-ru","7":"model-scania-irizar-volvo-b13-b7-b9-9700-9900-plaxton-ru","8":"referans-numarasi-21251702-ru","9":"uretici-volvo-ru","10":"product_cat-23436","12":"first","13":"instock","14":"product-type-simple"},"acf":[],"_links":{"self":[{"href":"https:\/\/hydcab.com\/ru\/wp-json\/wp\/v2\/product\/18541","targetHints":{"allow":["GET"]}}],"collection":[{"href":"https:\/\/hydcab.com\/ru\/wp-json\/wp\/v2\/product"}],"about":[{"href":"https:\/\/hydcab.com\/ru\/wp-json\/wp\/v2\/types\/product"}],"replies":[{"embeddable":true,"href":"https:\/\/hydcab.com\/ru\/wp-json\/wp\/v2\/comments?post=18541"}],"wp:featuredmedia":[{"embeddable":true,"href":"https:\/\/hydcab.com\/ru\/wp-json\/wp\/v2\/media\/13755"}],"wp:attachment":[{"href":"https:\/\/hydcab.com\/ru\/wp-json\/wp\/v2\/media?parent=18541"}],"wp:term":[{"taxonomy":"marka","embeddable":true,"href":"https:\/\/hydcab.com\/ru\/wp-json\/wp\/v2\/marka?post=18541"},{"taxonomy":"model","embeddable":true,"href":"https:\/\/hydcab.com\/ru\/wp-json\/wp\/v2\/model?post=18541"},{"taxonomy":"referans-numarasi","embeddable":true,"href":"https:\/\/hydcab.com\/ru\/wp-json\/wp\/v2\/referans-numarasi?post=18541"},{"taxonomy":"uretici","embeddable":true,"href":"https:\/\/hydcab.com\/ru\/wp-json\/wp\/v2\/uretici?post=18541"},{"taxonomy":"product_brand","embeddable":true,"href":"https:\/\/hydcab.com\/ru\/wp-json\/wp\/v2\/product_brand?post=18541"},{"taxonomy":"product_cat","embeddable":true,"href":"https:\/\/hydcab.com\/ru\/wp-json\/wp\/v2\/product_cat?post=18541"},{"taxonomy":"product_tag","embeddable":true,"href":"https:\/\/hydcab.com\/ru\/wp-json\/wp\/v2\/product_tag?post=18541"}],"curies":[{"name":"wp","href":"https:\/\/api.w.org\/{rel}","templated":true}]}}