{"id":20677,"date":"2024-08-15T14:40:56","date_gmt":"2024-08-15T14:40:56","guid":{"rendered":"https:\/\/hydcab.com\/product\/er1584\/"},"modified":"2024-08-15T14:40:56","modified_gmt":"2024-08-15T14:40:56","slug":"er1584","status":"publish","type":"product","link":"https:\/\/hydcab.com\/ru\/product\/er1584\/","title":{"rendered":"ER1584"},"content":{"rendered":"<p><strong>\u0422\u0440\u0443\u0431\u0430:  \u00d8: <\/strong> \u00d832 <\/p>\n<p><strong>\u041a\u043e\u043d\u0443\u0441:  \u00d8S\/\u00d8B (mm): <\/strong> 27,1\/30 <\/p>\n<p><strong>\u0414\u043b\u0438\u043d\u0430:  (mm): <\/strong> 167mm <\/p>\n","protected":false},"excerpt":{"rendered":"<p>\u00d8: \u00d832 \u00d8S\/\u00d8B (mm): 27,1\/30 (mm): 167mm<\/p>\n","protected":false},"featured_media":12259,"comment_status":"closed","ping_status":"open","template":"","meta":{"_acf_changed":false},"marka":[20554],"model":[33210],"referans-numarasi":[33211],"uretici":[15088],"product_brand":[],"product_cat":[23436],"product_tag":[],"class_list":{"0":"post-20677","1":"product","2":"type-product","3":"status-publish","4":"has-post-thumbnail","6":"marka-egerot-ru","7":"model-irisbus-domino-irizar-pb-iveco-eurorider-ru","8":"referans-numarasi-5006306003-ru","9":"uretici-iveco-ru","10":"product_cat-23436","12":"first","13":"instock","14":"product-type-simple"},"acf":[],"_links":{"self":[{"href":"https:\/\/hydcab.com\/ru\/wp-json\/wp\/v2\/product\/20677","targetHints":{"allow":["GET"]}}],"collection":[{"href":"https:\/\/hydcab.com\/ru\/wp-json\/wp\/v2\/product"}],"about":[{"href":"https:\/\/hydcab.com\/ru\/wp-json\/wp\/v2\/types\/product"}],"replies":[{"embeddable":true,"href":"https:\/\/hydcab.com\/ru\/wp-json\/wp\/v2\/comments?post=20677"}],"wp:featuredmedia":[{"embeddable":true,"href":"https:\/\/hydcab.com\/ru\/wp-json\/wp\/v2\/media\/12259"}],"wp:attachment":[{"href":"https:\/\/hydcab.com\/ru\/wp-json\/wp\/v2\/media?parent=20677"}],"wp:term":[{"taxonomy":"marka","embeddable":true,"href":"https:\/\/hydcab.com\/ru\/wp-json\/wp\/v2\/marka?post=20677"},{"taxonomy":"model","embeddable":true,"href":"https:\/\/hydcab.com\/ru\/wp-json\/wp\/v2\/model?post=20677"},{"taxonomy":"referans-numarasi","embeddable":true,"href":"https:\/\/hydcab.com\/ru\/wp-json\/wp\/v2\/referans-numarasi?post=20677"},{"taxonomy":"uretici","embeddable":true,"href":"https:\/\/hydcab.com\/ru\/wp-json\/wp\/v2\/uretici?post=20677"},{"taxonomy":"product_brand","embeddable":true,"href":"https:\/\/hydcab.com\/ru\/wp-json\/wp\/v2\/product_brand?post=20677"},{"taxonomy":"product_cat","embeddable":true,"href":"https:\/\/hydcab.com\/ru\/wp-json\/wp\/v2\/product_cat?post=20677"},{"taxonomy":"product_tag","embeddable":true,"href":"https:\/\/hydcab.com\/ru\/wp-json\/wp\/v2\/product_tag?post=20677"}],"curies":[{"name":"wp","href":"https:\/\/api.w.org\/{rel}","templated":true}]}}