{"id":21013,"date":"2024-08-15T14:39:33","date_gmt":"2024-08-15T14:39:33","guid":{"rendered":"https:\/\/hydcab.com\/product\/er1441\/"},"modified":"2024-08-15T14:39:33","modified_gmt":"2024-08-15T14:39:33","slug":"er1441","status":"publish","type":"product","link":"https:\/\/hydcab.com\/ru\/product\/er1441\/","title":{"rendered":"ER1441"},"content":{"rendered":"<p><strong>\u0422\u0440\u0443\u0431\u0430:  \u00d8: <\/strong> \u00d830 <\/p>\n<p><strong>\u041a\u043e\u043d\u0443\u0441:  \u00d8S\/\u00d8B (mm): <\/strong> 18\/20 <\/p>\n<p><strong>\u0414\u043b\u0438\u043d\u0430:  (mm): <\/strong> 280mm <\/p>\n","protected":false},"excerpt":{"rendered":"<p>\u00d8: \u00d830 \u00d8S\/\u00d8B (mm): 18\/20 (mm): 280mm<\/p>\n","protected":false},"featured_media":11931,"comment_status":"closed","ping_status":"open","template":"","meta":{"_acf_changed":false},"marka":[20554],"model":[34242],"referans-numarasi":[34249],"uretici":[15266],"product_brand":[],"product_cat":[23436],"product_tag":[],"class_list":{"0":"post-21013","1":"product","2":"type-product","3":"status-publish","4":"has-post-thumbnail","6":"marka-egerot-ru","7":"model-midliner-midlum-ru","8":"referans-numarasi-5010253256-ru","9":"uretici-renault-ru","10":"product_cat-23436","12":"first","13":"instock","14":"product-type-simple"},"acf":[],"_links":{"self":[{"href":"https:\/\/hydcab.com\/ru\/wp-json\/wp\/v2\/product\/21013","targetHints":{"allow":["GET"]}}],"collection":[{"href":"https:\/\/hydcab.com\/ru\/wp-json\/wp\/v2\/product"}],"about":[{"href":"https:\/\/hydcab.com\/ru\/wp-json\/wp\/v2\/types\/product"}],"replies":[{"embeddable":true,"href":"https:\/\/hydcab.com\/ru\/wp-json\/wp\/v2\/comments?post=21013"}],"wp:featuredmedia":[{"embeddable":true,"href":"https:\/\/hydcab.com\/ru\/wp-json\/wp\/v2\/media\/11931"}],"wp:attachment":[{"href":"https:\/\/hydcab.com\/ru\/wp-json\/wp\/v2\/media?parent=21013"}],"wp:term":[{"taxonomy":"marka","embeddable":true,"href":"https:\/\/hydcab.com\/ru\/wp-json\/wp\/v2\/marka?post=21013"},{"taxonomy":"model","embeddable":true,"href":"https:\/\/hydcab.com\/ru\/wp-json\/wp\/v2\/model?post=21013"},{"taxonomy":"referans-numarasi","embeddable":true,"href":"https:\/\/hydcab.com\/ru\/wp-json\/wp\/v2\/referans-numarasi?post=21013"},{"taxonomy":"uretici","embeddable":true,"href":"https:\/\/hydcab.com\/ru\/wp-json\/wp\/v2\/uretici?post=21013"},{"taxonomy":"product_brand","embeddable":true,"href":"https:\/\/hydcab.com\/ru\/wp-json\/wp\/v2\/product_brand?post=21013"},{"taxonomy":"product_cat","embeddable":true,"href":"https:\/\/hydcab.com\/ru\/wp-json\/wp\/v2\/product_cat?post=21013"},{"taxonomy":"product_tag","embeddable":true,"href":"https:\/\/hydcab.com\/ru\/wp-json\/wp\/v2\/product_tag?post=21013"}],"curies":[{"name":"wp","href":"https:\/\/api.w.org\/{rel}","templated":true}]}}