{"id":21965,"date":"2024-08-15T14:35:25","date_gmt":"2024-08-15T14:35:25","guid":{"rendered":"https:\/\/hydcab.com\/product\/er1118\/"},"modified":"2024-08-15T14:35:25","modified_gmt":"2024-08-15T14:35:25","slug":"er1118","status":"publish","type":"product","link":"https:\/\/hydcab.com\/ru\/product\/er1118\/","title":{"rendered":"ER1118"},"content":{"rendered":"<p><strong>\u0422\u0440\u0443\u0431\u0430:  \u00d8: <\/strong> \u00d836 <\/p>\n<p><strong>\u041a\u043e\u043d\u0443\u0441:  \u00d8S\/\u00d8B (mm): <\/strong> 23,5\/26 <\/p>\n<p><strong>\u0414\u043b\u0438\u043d\u0430:  (mm): <\/strong> 300mm <\/p>\n","protected":false},"excerpt":{"rendered":"<p>\u00d8: \u00d836 \u00d8S\/\u00d8B (mm): 23,5\/26 (mm): 300mm<\/p>\n","protected":false},"featured_media":11003,"comment_status":"closed","ping_status":"open","template":"","meta":{"_acf_changed":false},"marka":[20554],"model":[37181],"referans-numarasi":[37199,37200,37201],"uretici":[20566],"product_brand":[],"product_cat":[23436],"product_tag":[],"class_list":{"0":"post-21965","1":"product","2":"type-product","3":"status-publish","4":"has-post-thumbnail","6":"marka-egerot-ru","7":"model-o-500-r-o500-rs-1632-1725-1728-1732-o-500-touro-ru","8":"referans-numarasi-6343260016-ru","9":"referans-numarasi-6343260516-ru","10":"referans-numarasi-6343260716-ru","11":"uretici-mercedes-ru","12":"product_cat-23436","14":"first","15":"instock","16":"product-type-simple"},"acf":[],"_links":{"self":[{"href":"https:\/\/hydcab.com\/ru\/wp-json\/wp\/v2\/product\/21965","targetHints":{"allow":["GET"]}}],"collection":[{"href":"https:\/\/hydcab.com\/ru\/wp-json\/wp\/v2\/product"}],"about":[{"href":"https:\/\/hydcab.com\/ru\/wp-json\/wp\/v2\/types\/product"}],"replies":[{"embeddable":true,"href":"https:\/\/hydcab.com\/ru\/wp-json\/wp\/v2\/comments?post=21965"}],"wp:featuredmedia":[{"embeddable":true,"href":"https:\/\/hydcab.com\/ru\/wp-json\/wp\/v2\/media\/11003"}],"wp:attachment":[{"href":"https:\/\/hydcab.com\/ru\/wp-json\/wp\/v2\/media?parent=21965"}],"wp:term":[{"taxonomy":"marka","embeddable":true,"href":"https:\/\/hydcab.com\/ru\/wp-json\/wp\/v2\/marka?post=21965"},{"taxonomy":"model","embeddable":true,"href":"https:\/\/hydcab.com\/ru\/wp-json\/wp\/v2\/model?post=21965"},{"taxonomy":"referans-numarasi","embeddable":true,"href":"https:\/\/hydcab.com\/ru\/wp-json\/wp\/v2\/referans-numarasi?post=21965"},{"taxonomy":"uretici","embeddable":true,"href":"https:\/\/hydcab.com\/ru\/wp-json\/wp\/v2\/uretici?post=21965"},{"taxonomy":"product_brand","embeddable":true,"href":"https:\/\/hydcab.com\/ru\/wp-json\/wp\/v2\/product_brand?post=21965"},{"taxonomy":"product_cat","embeddable":true,"href":"https:\/\/hydcab.com\/ru\/wp-json\/wp\/v2\/product_cat?post=21965"},{"taxonomy":"product_tag","embeddable":true,"href":"https:\/\/hydcab.com\/ru\/wp-json\/wp\/v2\/product_tag?post=21965"}],"curies":[{"name":"wp","href":"https:\/\/api.w.org\/{rel}","templated":true}]}}