{"id":26100,"date":"2024-11-08T12:26:31","date_gmt":"2024-11-08T12:26:31","guid":{"rendered":"https:\/\/hydcab.com\/cerez-politikasi\/"},"modified":"2026-02-02T15:01:07","modified_gmt":"2026-02-02T15:01:07","slug":"cerez-politikasi","status":"publish","type":"page","link":"https:\/\/hydcab.com\/tr\/cerez-politikasi\/","title":{"rendered":"\u00c7erez Politikas\u0131"},"content":{"rendered":"\t\t<div data-elementor-type=\"wp-page\" data-elementor-id=\"26100\" class=\"elementor elementor-26100 elementor-26081\" data-elementor-post-type=\"page\">\n\t\t\t\t<div class=\"elementor-element elementor-element-f57af20 e-flex e-con-boxed e-con e-parent\" data-id=\"f57af20\" data-element_type=\"container\" data-e-type=\"container\" data-settings=\"{&quot;background_background&quot;:&quot;classic&quot;}\">\n\t\t\t\t\t<div class=\"e-con-inner\">\n\t\t\t\t<div class=\"elementor-element elementor-element-6327778 elementor-widget__width-inherit elementor-widget elementor-widget-heading\" data-id=\"6327778\" data-element_type=\"widget\" data-e-type=\"widget\" data-widget_type=\"heading.default\">\n\t\t\t\t<div class=\"elementor-widget-container\">\n\t\t\t\t\t<h1 class=\"elementor-heading-title elementor-size-default\">\u00c7erez Politikas\u0131<\/h1>\t\t\t\t<\/div>\n\t\t\t\t<\/div>\n\t\t\t\t<div class=\"elementor-element elementor-element-bc43565 elementor-align-center elementor-widget elementor-widget-lottie\" data-id=\"bc43565\" data-element_type=\"widget\" data-e-type=\"widget\" data-settings=\"{&quot;source_json&quot;:{&quot;url&quot;:&quot;https:\\\/\\\/hydcab.com\\\/wp-content\\\/uploads\\\/2024\\\/09\\\/scroll-down.json&quot;,&quot;id&quot;:7596,&quot;size&quot;:&quot;&quot;,&quot;alt&quot;:&quot;&quot;,&quot;source&quot;:&quot;library&quot;},&quot;link_to&quot;:&quot;custom&quot;,&quot;custom_link&quot;:{&quot;url&quot;:&quot;#continue&quot;,&quot;is_external&quot;:&quot;&quot;,&quot;nofollow&quot;:&quot;&quot;,&quot;custom_attributes&quot;:&quot;&quot;},&quot;loop&quot;:&quot;yes&quot;,&quot;renderer&quot;:&quot;canvas&quot;,&quot;source&quot;:&quot;media_file&quot;,&quot;caption_source&quot;:&quot;none&quot;,&quot;trigger&quot;:&quot;arriving_to_viewport&quot;,&quot;viewport&quot;:{&quot;unit&quot;:&quot;%&quot;,&quot;size&quot;:&quot;&quot;,&quot;sizes&quot;:{&quot;start&quot;:0,&quot;end&quot;:100}},&quot;play_speed&quot;:{&quot;unit&quot;:&quot;px&quot;,&quot;size&quot;:1,&quot;sizes&quot;:[]},&quot;start_point&quot;:{&quot;unit&quot;:&quot;%&quot;,&quot;size&quot;:0,&quot;sizes&quot;:[]},&quot;end_point&quot;:{&quot;unit&quot;:&quot;%&quot;,&quot;size&quot;:100,&quot;sizes&quot;:[]}}\" data-widget_type=\"lottie.default\">\n\t\t\t\t<div class=\"elementor-widget-container\">\n\t\t\t\t\t<a class=\"e-lottie__container__link\" href=\"#continue\"><div class=\"e-lottie__container\"><div class=\"e-lottie__animation\"><\/div><\/div><\/a>\t\t\t\t<\/div>\n\t\t\t\t<\/div>\n\t\t\t\t\t<\/div>\n\t\t\t\t<\/div>\n\t\t<div class=\"elementor-element elementor-element-88bcfa7 e-flex e-con-boxed e-con e-parent\" data-id=\"88bcfa7\" data-element_type=\"container\" data-e-type=\"container\">\n\t\t\t\t\t<div class=\"e-con-inner\">\n\t\t<div class=\"elementor-element elementor-element-3340494 e-con-full e-flex e-con e-child\" data-id=\"3340494\" data-element_type=\"container\" data-e-type=\"container\">\n\t\t<div class=\"elementor-element elementor-element-fa7e3da e-con-full e-flex e-con e-child\" data-id=\"fa7e3da\" data-element_type=\"container\" data-e-type=\"container\">\n\t\t\t\t<div class=\"elementor-element elementor-element-a793dcd elementor-widget elementor-widget-text-editor\" data-id=\"a793dcd\" data-element_type=\"widget\" data-e-type=\"widget\" data-widget_type=\"text-editor.default\">\n\t\t\t\t<div class=\"elementor-widget-container\">\n\t\t\t\t\t\t\t\t\t<p>\u2018HYDCAB (\u00d6ZTEKN\u0130K MOT. TA\u015e. VE MAK. SAN. T\u0130C. A. \u015e. )\u2018(\u201c\u015e\u0130RKET\u201d veya olarak an\u0131lacakt\u0131r) olarak https:\/\/hydcab.com\/tr\/#contact web sitesinde (\u201cSite\u201d), sitenin uzant\u0131lar\u0131nda, uygulamalar\u0131m\u0131z yahut dijital ortamda sizlerin kullan\u0131m\u0131na sundu\u011fumuz benzeri t\u00fcm \u00e7evrimi\u00e7i veya \u00e7evrimd\u0131\u015f\u0131 mecralar\u0131m\u0131z\u0131 (an\u0131lan t\u00fcm mecralar birlikte \u201cPlatform\u201d olarak an\u0131lacakt\u0131r.) kullan\u0131m\u0131n\u0131z veya ziyaretiniz s\u0131ras\u0131nda sizlerin deneyimini geli\u015ftirmek i\u00e7in \u00e7erezler, birtak\u0131m teknolojilerden (\u201c\u00e7erezler\u201d) faydalanmaktay\u0131z.<\/p><p>Bu teknolojilerin kullan\u0131m\u0131 ba\u015fta 6698 say\u0131l\u0131 Ki\u015fisel Verilerin Korunmas\u0131 Kanunu (\u201cKVKK\u201d veya \u201cKanun\u201d) olmak \u00fczere tabi oldu\u011fumuz mevzuata uygun \u015fekilde ger\u00e7ekle\u015ftirilmektedir.<\/p><p>\u0130\u015fbu \u00c7erez Politikas\u0131\u2019 n\u0131n amac\u0131, Platformlar\u0131n kullan\u0131m\u0131 esnas\u0131nda kullan\u0131lmakta olan \u00e7erezler kullan\u0131larak ki\u015fisel verilerin i\u015flenmesi nedeniyle elde edilen ki\u015fisel verilere ili\u015fkin sizlere bilgi vermektir.<\/p><p>\u0130\u015fbu metinde sitemizde ve uygulamalar\u0131m\u0131zda hangi ama\u00e7larla hangi t\u00fcr \u00e7erezleri kulland\u0131\u011f\u0131m\u0131z\u0131 ve bu \u00e7erezleri nas\u0131l kontrol edebilece\u011finizi sizlere a\u00e7\u0131klamak istiyoruz.<\/p><p>\u015eirket olarak sitemizde ve uygulamalar\u0131m\u0131zda kulland\u0131\u011f\u0131m\u0131z \u00e7erezleri gerekmesi durumunda kullanmaktan vazge\u00e7ebilir, bunlar\u0131n t\u00fcrlerini veya fonksiyonlar\u0131n\u0131 de\u011fi\u015ftirebilir veya sitemize ve uygulamalar\u0131m\u0131zda yeni \u00e7erezler ekleyebiliriz.<\/p><p>Dolay\u0131s\u0131yla i\u015fbu \u00c7erez Politikas\u0131\u2019n\u0131n h\u00fck\u00fcmlerini diledi\u011fimiz zaman de\u011fi\u015ftirme hakk\u0131n\u0131 sakl\u0131 tutar\u0131z. G\u00fcncel \u00c7erez Politikas\u0131 \u00fczerinde ger\u00e7ekle\u015ftirilmi\u015f olan her t\u00fcrl\u00fc de\u011fi\u015fiklik sitede, uygulamada veya herhangi bir kamuya a\u00e7\u0131k mecrada yay\u0131nlanmakla birlikte y\u00fcr\u00fcrl\u00fck kazanacakt\u0131r. Son g\u00fcncelleme tarihini metnin sonunda bulabilirsiniz.<\/p><h2>Ki\u015fisel Veri Toplaman\u0131n Y\u00f6ntemi ve Hukuki Sebebi<\/h2><p>Ki\u015fisel verileriniz, internet sitemizi ziyaretiniz kapsam\u0131nda veya uygulamalar\u0131m\u0131z\u0131 kullanman\u0131z dolay\u0131s\u0131yla elektronik ortamda \u00e7erezler yoluyla \u015eirketimizin me\u015fru menfaati hukuki sebebine dayal\u0131 olarak toplanmaktad\u0131r.<\/p><p>Hedefleme ve profilleme vas\u0131tas\u0131yla ger\u00e7ekle\u015ftirilen tan\u0131t\u0131m faaliyetleri ise yaln\u0131zca a\u00e7\u0131k r\u0131zan\u0131z olmas\u0131 halinde ger\u00e7ekle\u015ftirilmektedir. Toplanan ki\u015fisel verileriniz Kanun\u2019un 5. ve 6. maddelerinde belirtilen ki\u015fisel veri i\u015fleme \u015fartlar\u0131 ve ama\u00e7lar\u0131 kapsam\u0131nda i\u015fbu \u00c7erez Politikas\u0131\u2019nda belirtilen ama\u00e7larla da i\u015flenebilmektedir.<\/p><h2>Ki\u015fisel Verilerin Kimlere ve Hangi Ama\u00e7la Aktar\u0131labilece\u011fi<\/h2><p>\u015eirket olarak, \u00c7erez Politikas\u0131 kapsam\u0131ndaki ki\u015fisel verilerinizi yukar\u0131da belirtilen ama\u00e7lar\u0131n ger\u00e7ekle\u015ftirilebilmesi ile s\u0131n\u0131rl\u0131 olarak ve mevzuata uygun \u015fekilde, kanunen yetkili kamu kurumlar\u0131yla payla\u015fabiliriz.<\/p><h2>Hangi \u00c7erezler Hangi Ama\u00e7larla Kullan\u0131lmaktad\u0131r?<\/h2><p>\u015e\u0130RKET olarak sitemizde ve uygulamalar\u0131m\u0131zda \u00e7e\u015fitli ama\u00e7larla \u00e7erezler kullanmakta ve bu \u00e7erezler vas\u0131tas\u0131yla ki\u015fisel verilerinizi i\u015flemekteyiz. Bu ama\u00e7lar ba\u015fl\u0131ca \u015funlard\u0131r:<\/p><ul><li>Site\u2019nin ve uygulamalar\u0131n \u00e7al\u0131\u015fmas\u0131 i\u00e7in gerekli temel fonksiyonlar\u0131 ger\u00e7ekle\u015ftirmektir. \u00d6rne\u011fin, oturum a\u00e7an \u00fcyelerin Site\u2019de farkl\u0131 sayfalar\u0131 ziyaret ederken tekrar \u015fifre girmelerine gerek kalmamas\u0131,<\/li><li>Site\u2019yi ve uygulamalar\u0131 analiz etmek, Site\u2019nin ve uygulamalar\u0131n performans\u0131n\u0131 artt\u0131rmakt\u0131r. \u00d6rne\u011fin, Site\u2019nin \u00fczerinde \u00e7al\u0131\u015ft\u0131\u011f\u0131 farkl\u0131 sunucular\u0131n entegrasyonu, Site\u2019yi ziyaret edenlerin say\u0131s\u0131n\u0131n tespit edilmesi ve buna g\u00f6re performans ayarlar\u0131n\u0131n yap\u0131lmas\u0131 ya da ziyaret\u00e7ilerin arad\u0131klar\u0131n\u0131 bulmalar\u0131n\u0131n kolayla\u015ft\u0131r\u0131lmas\u0131,<\/li><li>Site\u2019nin ve uygulamalar\u0131n i\u015flevselli\u011fini artt\u0131rmak ve kullan\u0131m kolayl\u0131\u011f\u0131 sa\u011flamakt\u0131r. \u00d6rne\u011fin, Site\u2019yi ziyaret eden ziyaret\u00e7inin daha sonraki ziyaretinde kullan\u0131c\u0131 ad\u0131 bilgisinin ya da arama sorgular\u0131n\u0131n hat\u0131rlanmas\u0131,<\/li><li>Ki\u015fiselle\u015ftirme, hedefleme ve reklamc\u0131l\u0131k faaliyeti ger\u00e7ekle\u015ftirmektir. \u00d6rne\u011fin, ziyaret\u00e7ilerin g\u00f6r\u00fcnt\u00fcledikleri sayfa ve \u00fcr\u00fcnler \u00fczerinden ziyaret\u00e7ilerin ilgi alanlar\u0131yla ba\u011flant\u0131l\u0131 reklam g\u00f6sterilmesi.<\/li><\/ul><h2>Sitemizde ve Uygulamalar\u0131m\u0131zda Kullan\u0131lan \u00c7erezler<\/h2><p>A\u015fa\u011f\u0131da sitemizde ve uygulamalar\u0131m\u0131zda kulland\u0131\u011f\u0131m\u0131z farkl\u0131 t\u00fcrdeki \u00e7erezleri bulabilirsiniz. Sitemizde ve uygulamalar\u0131m\u0131zda hem birinci parti \u00e7erezler (ziyaret etti\u011finiz site taraf\u0131ndan yerle\u015ftirilen) hem de \u00fc\u00e7\u00fcnc\u00fc parti \u00e7erezleri (ziyaret etti\u011finiz site haricindeki sunucular taraf\u0131ndan yerle\u015ftirilen) kullan\u0131lmaktad\u0131r.<\/p><h3>Zorunlu \u00c7erezler<\/h3><p>Belli \u00e7erezlerin kullan\u0131m\u0131 sitemizin ve uygulamalar\u0131m\u0131z\u0131n do\u011fru bi\u00e7imde \u00e7al\u0131\u015fmas\u0131 i\u00e7in zorunludur. \u00d6rne\u011fin sitemizde oturum a\u00e7t\u0131\u011f\u0131n\u0131zda devreye giren kimlik do\u011frulama \u00e7erezleri, sitemizde bir sayfadan di\u011ferine ge\u00e7i\u015finizde etkin olan oturumunuzun devam etmesini sa\u011flamaktad\u0131r.<\/p><h3>Tercih \u00c7erezleri<\/h3><p>Bu \u00e7erezler sizlerin site ve uygulama \u00fczerindeki tercihlerini ve se\u00e7imlerinizi hat\u0131rlayarak sitemizde sunulan hizmetlerin sizin i\u00e7in ki\u015fiselle\u015fmesini sa\u011flamaktad\u0131r. \u00d6rne\u011fin sitemiz \u00fczerindeki dil se\u00e7iminizi veya bir metin okurken se\u00e7mi\u015f oldu\u011funuz font boyutunu hat\u0131rlamam\u0131z\u0131 sa\u011flar.<\/p><h2>\u00c7erezlerin Kullan\u0131m\u0131n\u0131 Nas\u0131l Kontrol Edebilirim?<\/h2><p>\u00c7erez ve benzeri teknolojilerin kullan\u0131m\u0131 konusunda ziyaret\u00e7i ve kullan\u0131c\u0131lar\u0131m\u0131z\u0131n tercihleri bizler i\u00e7in esast\u0131r. Buna kar\u015f\u0131n, Platform\u2019un \u00e7al\u0131\u015fmas\u0131 i\u00e7in zorunlu olan \u00c7erezler\u2019in kullan\u0131lmas\u0131 gerekmektedir. Ek olarak baz\u0131 \u00e7erezlerin kapat\u0131lmas\u0131 halinde Platform\u2019un birtak\u0131m i\u015flevlerinin k\u0131smen ya da tamamen \u00e7al\u0131\u015fmayabilece\u011fini hat\u0131rlatmak isteriz.<\/p><p>Platform\u2019da kullan\u0131lan \u00e7erezlere dair tercihlerinizi ne \u015fekilde y\u00f6netebilece\u011finize ili\u015fkin bilgiler a\u015fa\u011f\u0131daki gibidir:<\/p><ul><li>Ziyaret\u00e7iler, Platform\u2019u g\u00f6r\u00fcnt\u00fcledikleri taray\u0131c\u0131 ayarlar\u0131n\u0131 de\u011fi\u015ftirerek \u00e7erezlere ili\u015fkin tercihlerini ki\u015fiselle\u015ftirme imk\u00e2n\u0131na sahiptir.<\/li><li>E\u011fer kullan\u0131lmakta olan taray\u0131c\u0131 bu imk\u00e2n\u0131 sunmaktaysa, taray\u0131c\u0131 ayarlar\u0131 \u00fczerinden \u00e7erezlere ili\u015fkin tercihleri de\u011fi\u015ftirmek m\u00fcmk\u00fcnd\u00fcr.<\/li><li>B\u00f6ylelikle, taray\u0131c\u0131n\u0131n sunmu\u015f oldu\u011fu imk\u00e2nlara g\u00f6re farkl\u0131l\u0131k g\u00f6sterebilmekle birlikte, veri sahiplerinin \u00e7erezlerin kullan\u0131lmas\u0131n\u0131 engelleme, \u00e7erez kullan\u0131lmadan \u00f6nce uyar\u0131 almay\u0131 tercih etme veya sadece baz\u0131 \u00e7erezleri devre b\u0131rakma ya da silme imk\u00e2nlar\u0131 bulunmaktad\u0131r.<\/li><li>Bu konudaki tercihler kullan\u0131lan taray\u0131c\u0131ya g\u00f6re de\u011fi\u015fiklik g\u00f6stermekle birlikte genel a\u00e7\u0131klamaya <a href=\"https:\/\/www.aboutcookies.org\/\" target=\"_blank\" rel=\"noopener\">https:\/\/www.aboutcookies.org\/<\/a> adresinden ula\u015fmak m\u00fcmk\u00fcnd\u00fcr.<\/li><li>\u00c7erezlere ili\u015fkin tercihlerin, ziyaret\u00e7inin Platform\u2019a eri\u015fim sa\u011flad\u0131\u011f\u0131 her bir cihaz \u00f6zelinde ayr\u0131 ayr\u0131 yap\u0131lmas\u0131 gerekebilecektir.<\/li><li>Google Analytics taraf\u0131ndan y\u00f6netilen \u00e7erezleri kapatmak i\u00e7in t\u0131klay\u0131n\u0131z.<\/li><li>Google taraf\u0131ndan sa\u011flanan ki\u015fiselle\u015ftirilmi\u015f reklam deneyimini y\u00f6netmek i\u00e7in t\u0131klay\u0131n\u0131z.<\/li><li>Bir\u00e7ok firman\u0131n reklam faaliyetleri i\u00e7in kulland\u0131\u011f\u0131 \u00e7erezler bak\u0131m\u0131ndan tercihler Your Online Choices \u00fczerinden y\u00f6netilebilir.<\/li><li>Mobil cihazlar \u00fczerinden \u00e7erezleri y\u00f6netmek i\u00e7in mobil cihaza ait ayarlar men\u00fcs\u00fc kullan\u0131labilir.<\/li><li>Taray\u0131c\u0131n\u0131z\u0131n ayarlar\u0131n\u0131 de\u011fi\u015ftirerek \u00e7erezlere ili\u015fkin tercihlerinizi ki\u015fiselle\u015ftirme imk\u00e2n\u0131na sahipsiniz.<\/li><\/ul><table><thead><tr><th>Taray\u0131c\u0131\/Platform<\/th><th>Link<\/th><\/tr><\/thead><tbody><tr><td>Adobe Analytics<\/td><td><a href=\"https:\/\/hydcab.com\/tr\/#contact\">https:\/\/hydcab.com\/tr\/#contact<\/a><\/td><\/tr><tr><td>AOL<\/td><td><a href=\"https:\/\/help.aol.com\/articles\/restore-security-settings-and-enable-cookie-settings-on-browser\" target=\"_blank\" rel=\"noopener\">https:\/\/help.aol.com\/articles\/restore-security-settings-and-enable-cookie-settings-on-browser<\/a><\/td><\/tr><tr><td>Google Adwords<\/td><td><a href=\"https:\/\/support.google.com\/ads\/answer\/2662922?hl=tr\" target=\"_blank\" rel=\"noopener\">https:\/\/support.google.com\/ads\/answer\/2662922?hl=tr<\/a><\/td><\/tr><tr><td>Google Analytics<\/td><td><a href=\"https:\/\/tools.google.com\/dlpage\/gaoptout\" target=\"_blank\" rel=\"noopener\">https:\/\/tools.google.com\/dlpage\/gaoptout<\/a><\/td><\/tr><tr><td>Google Chrome<\/td><td><a href=\"http:\/\/www.google.com\/support\/chrome\/bin\/answer.py?hl=en&amp;answer=95647\" target=\"_blank\" rel=\"noopener\">http:\/\/www.google.com\/support\/chrome\/bin\/answer.py?hl=en&amp;answer=95647<\/a><\/td><\/tr><tr><td>Internet Explorer<\/td><td><a href=\"https:\/\/support.microsoft.com\/en-us\/help\/17442\/windows-internet-explorer-delete-manage-cookies\" target=\"_blank\" rel=\"noopener\">https:\/\/support.microsoft.com\/en-us\/help\/17442\/windows-internet-explorer-delete-manage-cookies<\/a><\/td><\/tr><tr><td>Mozilla Firefox<\/td><td><a href=\"http:\/\/support.mozilla.com\/en-US\/kb\/Cookies\" target=\"_blank\" rel=\"noopener\">http:\/\/support.mozilla.com\/en-US\/kb\/Cookies<\/a><\/td><\/tr><tr><td>Opera<\/td><td><a href=\"http:\/\/www.opera.com\/browser\/tutorials\/security\/privacy\/\" target=\"_blank\" rel=\"noopener\">http:\/\/www.opera.com\/browser\/tutorials\/security\/privacy\/<\/a><\/td><\/tr><tr><td>Safari<\/td><td><a href=\"https:\/\/support.apple.com\/kb\/ph19214?locale=tr_TR\" target=\"_blank\" rel=\"noopener\">https:\/\/support.apple.com\/kb\/ph19214?locale=tr_TR<\/a><\/td><\/tr><\/tbody><\/table><h2>Veri Sahibi Olarak Haklar\u0131n\u0131z Nelerdir?<\/h2><p>KVK Kanunu\u2019nun 11. maddesi uyar\u0131nca veri sahipleri,<\/p><ul><li>Ki\u015fisel veri i\u015flenip i\u015flenmedi\u011fini \u00f6\u011frenme,<\/li><li>Ki\u015fisel verileri i\u015flenmi\u015fse buna ili\u015fkin bilgi talep etme,<\/li><li>Ki\u015fisel verilerin i\u015flenme amac\u0131n\u0131 ve bunlar\u0131n amac\u0131na uygun kullan\u0131l\u0131p kullan\u0131lmad\u0131\u011f\u0131n\u0131 \u00f6\u011frenme,<\/li><li>Yurt i\u00e7inde ki\u015fisel verilerin aktar\u0131ld\u0131\u011f\u0131 \u00fc\u00e7\u00fcnc\u00fc ki\u015fileri bilme,<\/li><li>Ki\u015fisel verilerin eksik veya yanl\u0131\u015f i\u015flenmi\u015f olmas\u0131 h\u00e2linde bunlar\u0131n d\u00fczeltilmesini isteme ve bu kapsamda yap\u0131lan i\u015flemin ki\u015fisel verilerin aktar\u0131ld\u0131\u011f\u0131 \u00fc\u00e7\u00fcnc\u00fc ki\u015filere bildirilmesini isteme,<\/li><li>KVK Kanunu ve ilgili di\u011fer kanun h\u00fck\u00fcmlerine uygun olarak i\u015flenmi\u015f olmas\u0131na ra\u011fmen, i\u015flenmesini gerektiren sebeplerin ortadan kalkmas\u0131 h\u00e2linde ki\u015fisel verilerin silinmesini veya yok edilmesini isteme ve bu kapsamda yap\u0131lan i\u015flemin ki\u015fisel verilerin aktar\u0131ld\u0131\u011f\u0131 \u00fc\u00e7\u00fcnc\u00fc ki\u015filere bildirilmesini isteme,<\/li><li>\u0130\u015flenen verilerin m\u00fcnhas\u0131ran otomatik sistemler vas\u0131tas\u0131yla analiz edilmesi suretiyle ki\u015finin kendisi aleyhine bir sonucun ortaya \u00e7\u0131kmas\u0131na itiraz etme,<\/li><li>Ki\u015fisel verilerin kanuna ayk\u0131r\u0131 olarak i\u015flenmesi sebebiyle zarara u\u011framas\u0131 h\u00e2linde zarar\u0131n giderilmesini talep etme,<\/li><\/ul><p>haklar\u0131na sahiptir.<\/p><p>Yukar\u0131da s\u0131ralanan haklar\u0131n\u0131zla ilgili ba\u015fvurular\u0131n\u0131z\u0131 kurumsal@ozteknikoto.com mail adresinden iletebilirsiniz. Talebiniz 30 g\u00fcn i\u00e7inde sonu\u00e7land\u0131r\u0131larak cevap iletilecektir.<\/p><p>Talepler kural olarak \u00fccretsiz kar\u015f\u0131lan\u0131r ancak, talebin gere\u011fini yerine getirmek masraf gerektiriyorsa \u201cVeri Sorumlusuna Ba\u015fvuru Usul ve Esaslar\u0131 Hk. Tebli\u011f\u201d madde 7\u2019de \u00f6ng\u00f6r\u00fclen;<\/p><p>\u201c\u0130lgili ki\u015finin ba\u015fvurusuna yaz\u0131l\u0131 olarak cevap verilecekse, 10 sayfaya kadar \u00fccret al\u0131nmaz. 10 sayfan\u0131n \u00fczerindeki her sayfa i\u00e7in 1 TL i\u015flem \u00fccreti al\u0131nabilir. Ba\u015fvuruya cevab\u0131n CD, flash bellek gibi bir kay\u0131t ortam\u0131nda verilmesi halinde veri sorumlusu taraf\u0131ndan talep edilebilecek \u00fccret kay\u0131t ortam\u0131n\u0131n maliyetini ge\u00e7emez.\u201d<\/p><p>H\u00fckm\u00fc gere\u011fince \u015e\u0130RKET taraf\u0131ndan \u00fccret istenebilecektir.<\/p>\t\t\t\t\t\t\t\t<\/div>\n\t\t\t\t<\/div>\n\t\t\t\t<\/div>\n\t\t\t\t<\/div>\n\t\t\t\t\t<\/div>\n\t\t\t\t<\/div>\n\t\t\t\t<\/div>\n\t\t","protected":false},"excerpt":{"rendered":"<p>\u2018HYDCAB (\u00d6ZTEKN\u0130K MOT. TA\u015e. VE MAK. SAN. T\u0130C. A. \u015e. )\u2018(\u201c\u015e\u0130RKET\u201d veya olarak an\u0131lacakt\u0131r) olarak https:\/\/hydcab.com\/tr\/#contact web sitesinde (\u201cSite\u201d), sitenin uzant\u0131lar\u0131nda, uygulamalar\u0131m\u0131z yahut dijital ortamda sizlerin kullan\u0131m\u0131na sundu\u011fumuz benzeri t\u00fcm \u00e7evrimi\u00e7i veya \u00e7evrimd\u0131\u015f\u0131 mecralar\u0131m\u0131z\u0131 (an\u0131lan t\u00fcm mecralar birlikte \u201cPlatform\u201d olarak an\u0131lacakt\u0131r.) kullan\u0131m\u0131n\u0131z veya ziyaretiniz s\u0131ras\u0131nda sizlerin deneyimini geli\u015ftirmek i\u00e7in \u00e7erezler, birtak\u0131m teknolojilerden (\u201c\u00e7erezler\u201d) faydalanmaktay\u0131z. Bu [&hellip;]<\/p>\n","protected":false},"author":1,"featured_media":0,"parent":0,"menu_order":0,"comment_status":"closed","ping_status":"closed","template":"","meta":{"_acf_changed":false,"footnotes":""},"class_list":["post-26100","page","type-page","status-publish","hentry"],"acf":[],"_links":{"self":[{"href":"https:\/\/hydcab.com\/tr\/wp-json\/wp\/v2\/pages\/26100","targetHints":{"allow":["GET"]}}],"collection":[{"href":"https:\/\/hydcab.com\/tr\/wp-json\/wp\/v2\/pages"}],"about":[{"href":"https:\/\/hydcab.com\/tr\/wp-json\/wp\/v2\/types\/page"}],"author":[{"embeddable":true,"href":"https:\/\/hydcab.com\/tr\/wp-json\/wp\/v2\/users\/1"}],"replies":[{"embeddable":true,"href":"https:\/\/hydcab.com\/tr\/wp-json\/wp\/v2\/comments?post=26100"}],"version-history":[{"count":4,"href":"https:\/\/hydcab.com\/tr\/wp-json\/wp\/v2\/pages\/26100\/revisions"}],"predecessor-version":[{"id":33153,"href":"https:\/\/hydcab.com\/tr\/wp-json\/wp\/v2\/pages\/26100\/revisions\/33153"}],"wp:attachment":[{"href":"https:\/\/hydcab.com\/tr\/wp-json\/wp\/v2\/media?parent=26100"}],"curies":[{"name":"wp","href":"https:\/\/api.w.org\/{rel}","templated":true}]}}