{"id":21319,"date":"2024-08-15T14:38:08","date_gmt":"2024-08-15T14:38:08","guid":{"rendered":"https:\/\/hydcab.com\/product\/er1333\/"},"modified":"2024-08-15T14:38:08","modified_gmt":"2024-08-15T14:38:08","slug":"er1333","status":"publish","type":"product","link":"https:\/\/hydcab.com\/tr\/product\/er1333\/","title":{"rendered":"ER1333"},"content":{"rendered":"<p><strong>T\u00fcp:  \u00d8: <\/strong> \u00d830 <\/p>\n<p><strong>Konik:  \u00d8S\/\u00d8B (mm): <\/strong> 23,5\/26 <\/p>\n<p><strong>Uzunluk:  (mm): <\/strong> 100mm <\/p>\n","protected":false},"excerpt":{"rendered":"<p>\u00d8: \u00d830 \u00d8S\/\u00d8B (mm): 23,5\/26 (mm): 100mm<\/p>\n","protected":false},"featured_media":11633,"comment_status":"closed","ping_status":"open","template":"","meta":{"_acf_changed":false},"marka":[20560],"model":[35178,26392,35179,32279],"referans-numarasi":[35180,35181,35182,35183],"uretici":[15114,15117],"product_brand":[],"product_cat":[23442],"product_tag":[],"class_list":{"0":"post-21319","1":"product","2":"type-product","3":"status-publish","4":"has-post-thumbnail","6":"marka-egerot-tr","7":"model-cityclass-tr","8":"model-k-tr","9":"model-k-94-l-94-n-94-bus-f-tr","10":"model-n-tr","11":"referans-numarasi-1766014-tr","12":"referans-numarasi-463245-tr","13":"referans-numarasi-98484091-tr","14":"referans-numarasi-98848013-tr","15":"uretici-iveco-tr","16":"uretici-scania-tr","17":"product_cat-stabilizator","19":"first","20":"instock","21":"product-type-simple"},"acf":[],"_links":{"self":[{"href":"https:\/\/hydcab.com\/tr\/wp-json\/wp\/v2\/product\/21319","targetHints":{"allow":["GET"]}}],"collection":[{"href":"https:\/\/hydcab.com\/tr\/wp-json\/wp\/v2\/product"}],"about":[{"href":"https:\/\/hydcab.com\/tr\/wp-json\/wp\/v2\/types\/product"}],"replies":[{"embeddable":true,"href":"https:\/\/hydcab.com\/tr\/wp-json\/wp\/v2\/comments?post=21319"}],"wp:featuredmedia":[{"embeddable":true,"href":"https:\/\/hydcab.com\/tr\/wp-json\/wp\/v2\/media\/11633"}],"wp:attachment":[{"href":"https:\/\/hydcab.com\/tr\/wp-json\/wp\/v2\/media?parent=21319"}],"wp:term":[{"taxonomy":"marka","embeddable":true,"href":"https:\/\/hydcab.com\/tr\/wp-json\/wp\/v2\/marka?post=21319"},{"taxonomy":"model","embeddable":true,"href":"https:\/\/hydcab.com\/tr\/wp-json\/wp\/v2\/model?post=21319"},{"taxonomy":"referans-numarasi","embeddable":true,"href":"https:\/\/hydcab.com\/tr\/wp-json\/wp\/v2\/referans-numarasi?post=21319"},{"taxonomy":"uretici","embeddable":true,"href":"https:\/\/hydcab.com\/tr\/wp-json\/wp\/v2\/uretici?post=21319"},{"taxonomy":"product_brand","embeddable":true,"href":"https:\/\/hydcab.com\/tr\/wp-json\/wp\/v2\/product_brand?post=21319"},{"taxonomy":"product_cat","embeddable":true,"href":"https:\/\/hydcab.com\/tr\/wp-json\/wp\/v2\/product_cat?post=21319"},{"taxonomy":"product_tag","embeddable":true,"href":"https:\/\/hydcab.com\/tr\/wp-json\/wp\/v2\/product_tag?post=21319"}],"curies":[{"name":"wp","href":"https:\/\/api.w.org\/{rel}","templated":true}]}}