{"id":21663,"date":"2024-08-15T14:36:48","date_gmt":"2024-08-15T14:36:48","guid":{"rendered":"https:\/\/hydcab.com\/product\/er1226\/"},"modified":"2024-08-15T14:36:48","modified_gmt":"2024-08-15T14:36:48","slug":"er1226","status":"publish","type":"product","link":"https:\/\/hydcab.com\/tr\/product\/er1226\/","title":{"rendered":"ER1226"},"content":{"rendered":"<p><strong>T\u00fcp:  \u00d8: <\/strong> \u00d832 <\/p>\n<p><strong>Konik:  \u00d8S\/\u00d8B (mm): <\/strong> 27,1\/30 <\/p>\n<p><strong>Konik:  \u00d8S\/\u00d8B (mm): <\/strong> 23\/30 <\/p>\n<p><strong>Uzunluk:  (mm): <\/strong> 148mm <\/p>\n","protected":false},"excerpt":{"rendered":"<p>\u00d8: \u00d832 \u00d8S\/\u00d8B (mm): 27,1\/30 \u00d8S\/\u00d8B (mm): 23\/30 (mm): 148mm<\/p>\n","protected":false},"featured_media":11309,"comment_status":"closed","ping_status":"open","template":"","meta":{"_acf_changed":false},"marka":[20560],"model":[36176],"referans-numarasi":[36186,36187],"uretici":[15626,20570],"product_brand":[],"product_cat":[23442],"product_tag":[],"class_list":{"0":"post-21663","1":"product","2":"type-product","3":"status-publish","4":"has-post-thumbnail","6":"marka-egerot-tr","7":"model-setra-topclass-s-431-dt-series-500-tr","8":"referans-numarasi-4103200332-tr","9":"referans-numarasi-8226249000c-tr","10":"uretici-kassbohrer-tr","11":"uretici-mercedes-tr","12":"product_cat-stabilizator","14":"first","15":"instock","16":"product-type-simple"},"acf":[],"_links":{"self":[{"href":"https:\/\/hydcab.com\/tr\/wp-json\/wp\/v2\/product\/21663","targetHints":{"allow":["GET"]}}],"collection":[{"href":"https:\/\/hydcab.com\/tr\/wp-json\/wp\/v2\/product"}],"about":[{"href":"https:\/\/hydcab.com\/tr\/wp-json\/wp\/v2\/types\/product"}],"replies":[{"embeddable":true,"href":"https:\/\/hydcab.com\/tr\/wp-json\/wp\/v2\/comments?post=21663"}],"wp:featuredmedia":[{"embeddable":true,"href":"https:\/\/hydcab.com\/tr\/wp-json\/wp\/v2\/media\/11309"}],"wp:attachment":[{"href":"https:\/\/hydcab.com\/tr\/wp-json\/wp\/v2\/media?parent=21663"}],"wp:term":[{"taxonomy":"marka","embeddable":true,"href":"https:\/\/hydcab.com\/tr\/wp-json\/wp\/v2\/marka?post=21663"},{"taxonomy":"model","embeddable":true,"href":"https:\/\/hydcab.com\/tr\/wp-json\/wp\/v2\/model?post=21663"},{"taxonomy":"referans-numarasi","embeddable":true,"href":"https:\/\/hydcab.com\/tr\/wp-json\/wp\/v2\/referans-numarasi?post=21663"},{"taxonomy":"uretici","embeddable":true,"href":"https:\/\/hydcab.com\/tr\/wp-json\/wp\/v2\/uretici?post=21663"},{"taxonomy":"product_brand","embeddable":true,"href":"https:\/\/hydcab.com\/tr\/wp-json\/wp\/v2\/product_brand?post=21663"},{"taxonomy":"product_cat","embeddable":true,"href":"https:\/\/hydcab.com\/tr\/wp-json\/wp\/v2\/product_cat?post=21663"},{"taxonomy":"product_tag","embeddable":true,"href":"https:\/\/hydcab.com\/tr\/wp-json\/wp\/v2\/product_tag?post=21663"}],"curies":[{"name":"wp","href":"https:\/\/api.w.org\/{rel}","templated":true}]}}