{"id":22063,"date":"2024-08-15T14:35:04","date_gmt":"2024-08-15T14:35:04","guid":{"rendered":"https:\/\/hydcab.com\/product\/er1079\/"},"modified":"2024-08-15T14:35:04","modified_gmt":"2024-08-15T14:35:04","slug":"er1079","status":"publish","type":"product","link":"https:\/\/hydcab.com\/tr\/product\/er1079\/","title":{"rendered":"ER1079"},"content":{"rendered":"<p><strong>Di\u015f \u00d6l\u00e7\u00fcs\u00fc: :  <\/strong> M30x1.5 RHT <\/p>\n<p><strong>Konik:  \u00d8S\/\u00d8B (mm): <\/strong> 34,3\/38 <\/p>\n<p><strong>Uzunluk:  (mm): <\/strong> 88mm <\/p>\n","protected":false},"excerpt":{"rendered":"<p>: M30x1.5 RHT \u00d8S\/\u00d8B (mm): 34,3\/38 (mm): 88mm<\/p>\n","protected":false},"featured_media":10909,"comment_status":"closed","ping_status":"open","template":"","meta":{"_acf_changed":false},"marka":[20560],"model":[37633,19834,37634],"referans-numarasi":[37635,37636,37637,37638,37639,37640,37641,37642,37643,37644,37645,37646,37647],"uretici":[15621,15326,15156,18670,33503,15114,15157,15115,15286,16498,15954],"product_brand":[],"product_cat":[22138],"product_tag":[],"class_list":{"0":"post-22063","1":"product","2":"type-product","3":"status-publish","4":"has-post-thumbnail","6":"marka-egerot-tr","7":"model-euro-trakker-p-pa-stralis-trakker-tr","8":"model-fh16-euro-6-650-700-750-tr","9":"model-kerax-340-32a-385-32a-385-32b-385-32c-tr","10":"referans-numarasi-11019986-tr","11":"referans-numarasi-1271125-tr","12":"referans-numarasi-281953016232-tr","13":"referans-numarasi-3099129-tr","14":"referans-numarasi-4143415-tr","15":"referans-numarasi-42530316-tr","16":"referans-numarasi-42538047-tr","17":"referans-numarasi-5001823718-tr","18":"referans-numarasi-7364001574-tr","19":"referans-numarasi-81953016232-tr","20":"referans-numarasi-93157156-tr","21":"referans-numarasi-98166467-tr","22":"referans-numarasi-98ct3290aa-tr","23":"uretici-astra-tr","24":"uretici-daf-tr","25":"uretici-erf-tr","26":"uretici-ford-tr","27":"uretici-grove-tr","28":"uretici-iveco-tr","29":"uretici-man-tr","30":"uretici-neoplan-tr","31":"uretici-renault-tr","32":"uretici-steyr-tr","33":"uretici-volvo-tr","34":"product_cat-rot-basi","36":"first","37":"instock","38":"product-type-simple"},"acf":[],"_links":{"self":[{"href":"https:\/\/hydcab.com\/tr\/wp-json\/wp\/v2\/product\/22063","targetHints":{"allow":["GET"]}}],"collection":[{"href":"https:\/\/hydcab.com\/tr\/wp-json\/wp\/v2\/product"}],"about":[{"href":"https:\/\/hydcab.com\/tr\/wp-json\/wp\/v2\/types\/product"}],"replies":[{"embeddable":true,"href":"https:\/\/hydcab.com\/tr\/wp-json\/wp\/v2\/comments?post=22063"}],"wp:featuredmedia":[{"embeddable":true,"href":"https:\/\/hydcab.com\/tr\/wp-json\/wp\/v2\/media\/10909"}],"wp:attachment":[{"href":"https:\/\/hydcab.com\/tr\/wp-json\/wp\/v2\/media?parent=22063"}],"wp:term":[{"taxonomy":"marka","embeddable":true,"href":"https:\/\/hydcab.com\/tr\/wp-json\/wp\/v2\/marka?post=22063"},{"taxonomy":"model","embeddable":true,"href":"https:\/\/hydcab.com\/tr\/wp-json\/wp\/v2\/model?post=22063"},{"taxonomy":"referans-numarasi","embeddable":true,"href":"https:\/\/hydcab.com\/tr\/wp-json\/wp\/v2\/referans-numarasi?post=22063"},{"taxonomy":"uretici","embeddable":true,"href":"https:\/\/hydcab.com\/tr\/wp-json\/wp\/v2\/uretici?post=22063"},{"taxonomy":"product_brand","embeddable":true,"href":"https:\/\/hydcab.com\/tr\/wp-json\/wp\/v2\/product_brand?post=22063"},{"taxonomy":"product_cat","embeddable":true,"href":"https:\/\/hydcab.com\/tr\/wp-json\/wp\/v2\/product_cat?post=22063"},{"taxonomy":"product_tag","embeddable":true,"href":"https:\/\/hydcab.com\/tr\/wp-json\/wp\/v2\/product_tag?post=22063"}],"curies":[{"name":"wp","href":"https:\/\/api.w.org\/{rel}","templated":true}]}}