{"id":22407,"date":"2024-08-15T14:33:47","date_gmt":"2024-08-15T14:33:47","guid":{"rendered":"https:\/\/hydcab.com\/product\/er0974\/"},"modified":"2024-08-15T14:33:47","modified_gmt":"2024-08-15T14:33:47","slug":"er0974","status":"publish","type":"product","link":"https:\/\/hydcab.com\/tr\/product\/er0974\/","title":{"rendered":"ER0974"},"content":{"rendered":"<p><strong>Di\u015f \u00d6l\u00e7\u00fcs\u00fc: :  <\/strong> M38x1.5 RHT <\/p>\n<p><strong>Konik:  \u00d8S\/\u00d8B (mm): <\/strong> 34,3\/38 <\/p>\n<p><strong>Uzunluk:  (mm): <\/strong> 135mm <\/p>\n","protected":false},"excerpt":{"rendered":"<p>: M38x1.5 RHT \u00d8S\/\u00d8B (mm): 34,3\/38 (mm): 135mm<\/p>\n","protected":false},"featured_media":10573,"comment_status":"closed","ping_status":"open","template":"","meta":{"_acf_changed":false},"marka":[20560],"model":[38780,19834],"referans-numarasi":[38781,38782,38783,38784,38785,38786,38787,38788,38789,38790,38791,38792,38793,38794,38795],"uretici":[25443,38730,27684,15326,16496,33503,28027,15626,15157,20570,38731,19522],"product_brand":[],"product_cat":[22138],"product_tag":[],"class_list":{"0":"post-22407","1":"product","2":"type-product","3":"status-publish","4":"has-post-thumbnail","6":"marka-egerot-tr","7":"model-actros-mp2-mp3-atego-axor-2-ng-sk-zetros-1833-2733-tr","8":"model-fh16-euro-6-650-700-750-tr","9":"referans-numarasi-0004601748-tr","10":"referans-numarasi-01686516-tr","11":"referans-numarasi-0218081300-tr","12":"referans-numarasi-0697221-tr","13":"referans-numarasi-122169000-tr","14":"referans-numarasi-2205000400-tr","15":"referans-numarasi-5605300511-tr","16":"referans-numarasi-634303130-tr","17":"referans-numarasi-6851491000-tr","18":"referans-numarasi-81953016295-tr","19":"referans-numarasi-81953016297-tr","20":"referans-numarasi-8408377-tr","21":"referans-numarasi-99707030168-tr","22":"referans-numarasi-99708408377-tr","23":"referans-numarasi-99991139557253244-tr","24":"uretici-auwarter-tr","25":"uretici-bpw-tr","26":"uretici-case-ih-tr","27":"uretici-daf-tr","28":"uretici-faun-tr","29":"uretici-grove-tr","30":"uretici-jcb-tr","31":"uretici-kassbohrer-tr","32":"uretici-man-tr","33":"uretici-mercedes-tr","34":"uretici-saf-tr","35":"uretici-sisu-tr","36":"product_cat-rot-basi","38":"first","39":"instock","40":"product-type-simple"},"acf":[],"_links":{"self":[{"href":"https:\/\/hydcab.com\/tr\/wp-json\/wp\/v2\/product\/22407","targetHints":{"allow":["GET"]}}],"collection":[{"href":"https:\/\/hydcab.com\/tr\/wp-json\/wp\/v2\/product"}],"about":[{"href":"https:\/\/hydcab.com\/tr\/wp-json\/wp\/v2\/types\/product"}],"replies":[{"embeddable":true,"href":"https:\/\/hydcab.com\/tr\/wp-json\/wp\/v2\/comments?post=22407"}],"wp:featuredmedia":[{"embeddable":true,"href":"https:\/\/hydcab.com\/tr\/wp-json\/wp\/v2\/media\/10573"}],"wp:attachment":[{"href":"https:\/\/hydcab.com\/tr\/wp-json\/wp\/v2\/media?parent=22407"}],"wp:term":[{"taxonomy":"marka","embeddable":true,"href":"https:\/\/hydcab.com\/tr\/wp-json\/wp\/v2\/marka?post=22407"},{"taxonomy":"model","embeddable":true,"href":"https:\/\/hydcab.com\/tr\/wp-json\/wp\/v2\/model?post=22407"},{"taxonomy":"referans-numarasi","embeddable":true,"href":"https:\/\/hydcab.com\/tr\/wp-json\/wp\/v2\/referans-numarasi?post=22407"},{"taxonomy":"uretici","embeddable":true,"href":"https:\/\/hydcab.com\/tr\/wp-json\/wp\/v2\/uretici?post=22407"},{"taxonomy":"product_brand","embeddable":true,"href":"https:\/\/hydcab.com\/tr\/wp-json\/wp\/v2\/product_brand?post=22407"},{"taxonomy":"product_cat","embeddable":true,"href":"https:\/\/hydcab.com\/tr\/wp-json\/wp\/v2\/product_cat?post=22407"},{"taxonomy":"product_tag","embeddable":true,"href":"https:\/\/hydcab.com\/tr\/wp-json\/wp\/v2\/product_tag?post=22407"}],"curies":[{"name":"wp","href":"https:\/\/api.w.org\/{rel}","templated":true}]}}