{"id":23139,"date":"2024-08-15T14:30:09","date_gmt":"2024-08-15T14:30:09","guid":{"rendered":"https:\/\/hydcab.com\/product\/er0592\/"},"modified":"2024-08-15T14:30:09","modified_gmt":"2024-08-15T14:30:09","slug":"er0592","status":"publish","type":"product","link":"https:\/\/hydcab.com\/tr\/product\/er0592\/","title":{"rendered":"ER0592"},"content":{"rendered":"<p><strong>Di\u015f \u00d6l\u00e7\u00fcs\u00fc: :  <\/strong> M30x1.5 RHT <\/p>\n<p><strong>Konik:  \u00d8S\/\u00d8B (mm): <\/strong> 27,1\/30 <\/p>\n<p><strong>Uzunluk:  (mm): <\/strong> 145mm <\/p>\n","protected":false},"excerpt":{"rendered":"<p>: M30x1.5 RHT \u00d8S\/\u00d8B (mm): 27,1\/30 (mm): 145mm<\/p>\n","protected":false},"featured_media":9725,"comment_status":"closed","ping_status":"open","template":"","meta":{"_acf_changed":false},"marka":[20560],"model":[41792,41793,41794,19834,41795],"referans-numarasi":[41796,41797,41798,41799,41800,41801,41802,41803,41804,41805,41806,41807],"uretici":[15325,15326,15623,15114,15157,15286,15117,15954],"product_brand":[],"product_cat":[22138],"product_tag":[],"class_list":{"0":"post-23139","1":"product","2":"type-product","3":"status-publish","4":"has-post-thumbnail","6":"marka-egerot-tr","7":"model-4-114-l-340-380-4-124-l-420-tr","8":"model-eurotrakker-trakker-tr","9":"model-f-series-cf75-85-cf85-xf85-xf95-xf105-tr","10":"model-fh16-euro-6-650-700-750-tr","11":"model-tga-f90-l-2000-m-2000-tr","12":"referans-numarasi-1358793-tr","13":"referans-numarasi-1488890-tr","14":"referans-numarasi-1534756-tr","15":"referans-numarasi-1685552-tr","16":"referans-numarasi-20937674-tr","17":"referans-numarasi-2115316-tr","18":"referans-numarasi-2244706-tr","19":"referans-numarasi-229872-tr","20":"referans-numarasi-42538384-tr","21":"referans-numarasi-6293380010-tr","22":"referans-numarasi-7420937674-tr","23":"referans-numarasi-81953016286-tr","24":"uretici-bova-tr","25":"uretici-daf-tr","26":"uretici-evobus-tr","27":"uretici-iveco-tr","28":"uretici-man-tr","29":"uretici-renault-tr","30":"uretici-scania-tr","31":"uretici-volvo-tr","32":"product_cat-rot-basi","34":"first","35":"instock","36":"product-type-simple"},"acf":[],"_links":{"self":[{"href":"https:\/\/hydcab.com\/tr\/wp-json\/wp\/v2\/product\/23139","targetHints":{"allow":["GET"]}}],"collection":[{"href":"https:\/\/hydcab.com\/tr\/wp-json\/wp\/v2\/product"}],"about":[{"href":"https:\/\/hydcab.com\/tr\/wp-json\/wp\/v2\/types\/product"}],"replies":[{"embeddable":true,"href":"https:\/\/hydcab.com\/tr\/wp-json\/wp\/v2\/comments?post=23139"}],"wp:featuredmedia":[{"embeddable":true,"href":"https:\/\/hydcab.com\/tr\/wp-json\/wp\/v2\/media\/9725"}],"wp:attachment":[{"href":"https:\/\/hydcab.com\/tr\/wp-json\/wp\/v2\/media?parent=23139"}],"wp:term":[{"taxonomy":"marka","embeddable":true,"href":"https:\/\/hydcab.com\/tr\/wp-json\/wp\/v2\/marka?post=23139"},{"taxonomy":"model","embeddable":true,"href":"https:\/\/hydcab.com\/tr\/wp-json\/wp\/v2\/model?post=23139"},{"taxonomy":"referans-numarasi","embeddable":true,"href":"https:\/\/hydcab.com\/tr\/wp-json\/wp\/v2\/referans-numarasi?post=23139"},{"taxonomy":"uretici","embeddable":true,"href":"https:\/\/hydcab.com\/tr\/wp-json\/wp\/v2\/uretici?post=23139"},{"taxonomy":"product_brand","embeddable":true,"href":"https:\/\/hydcab.com\/tr\/wp-json\/wp\/v2\/product_brand?post=23139"},{"taxonomy":"product_cat","embeddable":true,"href":"https:\/\/hydcab.com\/tr\/wp-json\/wp\/v2\/product_cat?post=23139"},{"taxonomy":"product_tag","embeddable":true,"href":"https:\/\/hydcab.com\/tr\/wp-json\/wp\/v2\/product_tag?post=23139"}],"curies":[{"name":"wp","href":"https:\/\/api.w.org\/{rel}","templated":true}]}}