{"id":23167,"date":"2024-08-15T14:30:09","date_gmt":"2024-08-15T14:30:09","guid":{"rendered":"https:\/\/hydcab.com\/product\/er0571\/"},"modified":"2024-08-15T14:30:09","modified_gmt":"2024-08-15T14:30:09","slug":"er0571","status":"publish","type":"product","link":"https:\/\/hydcab.com\/tr\/product\/er0571\/","title":{"rendered":"ER0571"},"content":{"rendered":"<p><strong>Di\u015f \u00d6l\u00e7\u00fcs\u00fc: :  <\/strong> \u00d843 &#8211; TPI -12 RHT <\/p>\n<p><strong>Konik:  \u00d8S\/\u00d8B (mm): <\/strong> 25,38\/28,55 <\/p>\n<p><strong>Uzunluk:  (mm): <\/strong> 155mm <\/p>\n","protected":false},"excerpt":{"rendered":"<p>: \u00d843 &#8211; TPI -12 RHT \u00d8S\/\u00d8B (mm): 25,38\/28,55 (mm): 155mm<\/p>\n","protected":false},"featured_media":9697,"comment_status":"closed","ping_status":"open","template":"","meta":{"_acf_changed":false},"marka":[20560],"model":[42012,42013,42014,42015,42016,42017,42018,42019,42020,42021,42022,42023,42024,42025,42026,42027,42028],"referans-numarasi":[42041,42042,42043],"uretici":[15238,15326],"product_brand":[],"product_cat":[22138],"product_tag":[],"class_list":{"0":"post-23167","1":"product","2":"type-product","3":"status-publish","4":"has-post-thumbnail","6":"marka-egerot-tr","7":"model-60-series-tr","8":"model-bmc-fatih-tr","9":"model-boxer-tr","10":"model-buffalo-tr","11":"model-bx1425-1600-tr","12":"model-chieftain-tr","13":"model-clydesdale-tr","14":"model-constructor-6-8-series-tr","15":"model-cruiser-tr","16":"model-freighter-tr","17":"model-leyland-bison-tr","18":"model-marathon-tr","19":"model-mastiff-tr","20":"model-octopus-tr","21":"model-reiver-tr","22":"model-reliance-lynx-tr","23":"model-roadtrain-tr","24":"referans-numarasi-6k13312-tr","25":"referans-numarasi-eax1458-tr","26":"referans-numarasi-pax1459-tr","27":"uretici-bmc-tr","28":"uretici-daf-tr","29":"product_cat-rot-basi","31":"first","32":"instock","33":"product-type-simple"},"acf":[],"_links":{"self":[{"href":"https:\/\/hydcab.com\/tr\/wp-json\/wp\/v2\/product\/23167","targetHints":{"allow":["GET"]}}],"collection":[{"href":"https:\/\/hydcab.com\/tr\/wp-json\/wp\/v2\/product"}],"about":[{"href":"https:\/\/hydcab.com\/tr\/wp-json\/wp\/v2\/types\/product"}],"replies":[{"embeddable":true,"href":"https:\/\/hydcab.com\/tr\/wp-json\/wp\/v2\/comments?post=23167"}],"wp:featuredmedia":[{"embeddable":true,"href":"https:\/\/hydcab.com\/tr\/wp-json\/wp\/v2\/media\/9697"}],"wp:attachment":[{"href":"https:\/\/hydcab.com\/tr\/wp-json\/wp\/v2\/media?parent=23167"}],"wp:term":[{"taxonomy":"marka","embeddable":true,"href":"https:\/\/hydcab.com\/tr\/wp-json\/wp\/v2\/marka?post=23167"},{"taxonomy":"model","embeddable":true,"href":"https:\/\/hydcab.com\/tr\/wp-json\/wp\/v2\/model?post=23167"},{"taxonomy":"referans-numarasi","embeddable":true,"href":"https:\/\/hydcab.com\/tr\/wp-json\/wp\/v2\/referans-numarasi?post=23167"},{"taxonomy":"uretici","embeddable":true,"href":"https:\/\/hydcab.com\/tr\/wp-json\/wp\/v2\/uretici?post=23167"},{"taxonomy":"product_brand","embeddable":true,"href":"https:\/\/hydcab.com\/tr\/wp-json\/wp\/v2\/product_brand?post=23167"},{"taxonomy":"product_cat","embeddable":true,"href":"https:\/\/hydcab.com\/tr\/wp-json\/wp\/v2\/product_cat?post=23167"},{"taxonomy":"product_tag","embeddable":true,"href":"https:\/\/hydcab.com\/tr\/wp-json\/wp\/v2\/product_tag?post=23167"}],"curies":[{"name":"wp","href":"https:\/\/api.w.org\/{rel}","templated":true}]}}