{"id":23499,"date":"2024-08-15T14:28:58","date_gmt":"2024-08-15T14:28:58","guid":{"rendered":"https:\/\/hydcab.com\/product\/er0404\/"},"modified":"2024-08-15T14:28:58","modified_gmt":"2024-08-15T14:28:58","slug":"er0404","status":"publish","type":"product","link":"https:\/\/hydcab.com\/tr\/product\/er0404\/","title":{"rendered":"ER0404"},"content":{"rendered":"<p><strong>Di\u015f \u00d6l\u00e7\u00fcs\u00fc: :  <\/strong> M30x1.5 RHT <\/p>\n<p><strong>Konik:  \u00d8S\/\u00d8B (mm): <\/strong> 27,1\/30 <\/p>\n<p><strong>Uzunluk:  (mm): <\/strong> 125mm <\/p>\n","protected":false},"excerpt":{"rendered":"<p>: M30x1.5 RHT \u00d8S\/\u00d8B (mm): 27,1\/30 (mm): 125mm<\/p>\n","protected":false},"featured_media":9369,"comment_status":"closed","ping_status":"open","template":"","meta":{"_acf_changed":false},"marka":[20560],"model":[19834],"referans-numarasi":[43051,43052,43053,43054,43055],"uretici":[15238,15157,15117],"product_brand":[],"product_cat":[22138],"product_tag":[],"class_list":{"0":"post-23499","1":"product","2":"type-product","3":"status-publish","4":"has-post-thumbnail","6":"marka-egerot-tr","7":"model-fh16-euro-6-650-700-750-tr","8":"referans-numarasi-1435756-tr","9":"referans-numarasi-57rs301361-tr","10":"referans-numarasi-81953016312-tr","11":"referans-numarasi-81953016352-tr","12":"referans-numarasi-83953010504-tr","13":"uretici-bmc-tr","14":"uretici-man-tr","15":"uretici-scania-tr","16":"product_cat-rot-basi","18":"first","19":"instock","20":"product-type-simple"},"acf":[],"_links":{"self":[{"href":"https:\/\/hydcab.com\/tr\/wp-json\/wp\/v2\/product\/23499","targetHints":{"allow":["GET"]}}],"collection":[{"href":"https:\/\/hydcab.com\/tr\/wp-json\/wp\/v2\/product"}],"about":[{"href":"https:\/\/hydcab.com\/tr\/wp-json\/wp\/v2\/types\/product"}],"replies":[{"embeddable":true,"href":"https:\/\/hydcab.com\/tr\/wp-json\/wp\/v2\/comments?post=23499"}],"wp:featuredmedia":[{"embeddable":true,"href":"https:\/\/hydcab.com\/tr\/wp-json\/wp\/v2\/media\/9369"}],"wp:attachment":[{"href":"https:\/\/hydcab.com\/tr\/wp-json\/wp\/v2\/media?parent=23499"}],"wp:term":[{"taxonomy":"marka","embeddable":true,"href":"https:\/\/hydcab.com\/tr\/wp-json\/wp\/v2\/marka?post=23499"},{"taxonomy":"model","embeddable":true,"href":"https:\/\/hydcab.com\/tr\/wp-json\/wp\/v2\/model?post=23499"},{"taxonomy":"referans-numarasi","embeddable":true,"href":"https:\/\/hydcab.com\/tr\/wp-json\/wp\/v2\/referans-numarasi?post=23499"},{"taxonomy":"uretici","embeddable":true,"href":"https:\/\/hydcab.com\/tr\/wp-json\/wp\/v2\/uretici?post=23499"},{"taxonomy":"product_brand","embeddable":true,"href":"https:\/\/hydcab.com\/tr\/wp-json\/wp\/v2\/product_brand?post=23499"},{"taxonomy":"product_cat","embeddable":true,"href":"https:\/\/hydcab.com\/tr\/wp-json\/wp\/v2\/product_cat?post=23499"},{"taxonomy":"product_tag","embeddable":true,"href":"https:\/\/hydcab.com\/tr\/wp-json\/wp\/v2\/product_tag?post=23499"}],"curies":[{"name":"wp","href":"https:\/\/api.w.org\/{rel}","templated":true}]}}