{"id":23595,"date":"2024-08-15T14:28:41","date_gmt":"2024-08-15T14:28:41","guid":{"rendered":"https:\/\/hydcab.com\/product\/er0356\/"},"modified":"2024-08-15T14:28:41","modified_gmt":"2024-08-15T14:28:41","slug":"er0356","status":"publish","type":"product","link":"https:\/\/hydcab.com\/tr\/product\/er0356\/","title":{"rendered":"ER0356"},"content":{"rendered":"<p><strong>Di\u015f \u00d6l\u00e7\u00fcs\u00fc: :  <\/strong> M20x1.5 RHT <\/p>\n<p><strong>Konik:  \u00d8S\/\u00d8B (mm): <\/strong> 18\/20 <\/p>\n<p><strong>Uzunluk:  (mm): <\/strong> 95mm <\/p>\n","protected":false},"excerpt":{"rendered":"<p>: M20x1.5 RHT \u00d8S\/\u00d8B (mm): 18\/20 (mm): 95mm<\/p>\n","protected":false},"featured_media":9273,"comment_status":"closed","ping_status":"open","template":"","meta":{"_acf_changed":false},"marka":[20560],"model":[43242,43271],"referans-numarasi":[43272,43273,43274,43275,43276,43277,43278,43279],"uretici":[18670,20570],"product_brand":[],"product_cat":[22138],"product_tag":[],"class_list":{"0":"post-23595","1":"product","2":"type-product","3":"status-publish","4":"has-post-thumbnail","6":"marka-egerot-tr","7":"model-100-box-100-bus-100-flatbed-g-class-o-100-city-puch-tr","8":"model-transit-box-bus-tr","9":"referans-numarasi-0013304835-tr","10":"referans-numarasi-4603301235-tr","11":"referans-numarasi-5021446-tr","12":"referans-numarasi-6163543-tr","13":"referans-numarasi-6792900-tr","14":"referans-numarasi-880x3270sa-tr","15":"referans-numarasi-88vb3285aa-tr","16":"referans-numarasi-88vb3285ab-tr","17":"uretici-ford-tr","18":"uretici-mercedes-tr","19":"product_cat-rot-basi","21":"first","22":"instock","23":"product-type-simple"},"acf":[],"_links":{"self":[{"href":"https:\/\/hydcab.com\/tr\/wp-json\/wp\/v2\/product\/23595","targetHints":{"allow":["GET"]}}],"collection":[{"href":"https:\/\/hydcab.com\/tr\/wp-json\/wp\/v2\/product"}],"about":[{"href":"https:\/\/hydcab.com\/tr\/wp-json\/wp\/v2\/types\/product"}],"replies":[{"embeddable":true,"href":"https:\/\/hydcab.com\/tr\/wp-json\/wp\/v2\/comments?post=23595"}],"wp:featuredmedia":[{"embeddable":true,"href":"https:\/\/hydcab.com\/tr\/wp-json\/wp\/v2\/media\/9273"}],"wp:attachment":[{"href":"https:\/\/hydcab.com\/tr\/wp-json\/wp\/v2\/media?parent=23595"}],"wp:term":[{"taxonomy":"marka","embeddable":true,"href":"https:\/\/hydcab.com\/tr\/wp-json\/wp\/v2\/marka?post=23595"},{"taxonomy":"model","embeddable":true,"href":"https:\/\/hydcab.com\/tr\/wp-json\/wp\/v2\/model?post=23595"},{"taxonomy":"referans-numarasi","embeddable":true,"href":"https:\/\/hydcab.com\/tr\/wp-json\/wp\/v2\/referans-numarasi?post=23595"},{"taxonomy":"uretici","embeddable":true,"href":"https:\/\/hydcab.com\/tr\/wp-json\/wp\/v2\/uretici?post=23595"},{"taxonomy":"product_brand","embeddable":true,"href":"https:\/\/hydcab.com\/tr\/wp-json\/wp\/v2\/product_brand?post=23595"},{"taxonomy":"product_cat","embeddable":true,"href":"https:\/\/hydcab.com\/tr\/wp-json\/wp\/v2\/product_cat?post=23595"},{"taxonomy":"product_tag","embeddable":true,"href":"https:\/\/hydcab.com\/tr\/wp-json\/wp\/v2\/product_tag?post=23595"}],"curies":[{"name":"wp","href":"https:\/\/api.w.org\/{rel}","templated":true}]}}