{"id":24259,"date":"2024-08-15T14:26:07","date_gmt":"2024-08-15T14:26:07","guid":{"rendered":"https:\/\/hydcab.com\/product\/er0151\/"},"modified":"2024-08-15T14:26:07","modified_gmt":"2024-08-15T14:26:07","slug":"er0151","status":"publish","type":"product","link":"https:\/\/hydcab.com\/tr\/product\/er0151\/","title":{"rendered":"ER0151"},"content":{"rendered":"<p><strong>Di\u015f \u00d6l\u00e7\u00fcs\u00fc: :  <\/strong> M30x1.5 RHT <\/p>\n<p><strong>Konik:  \u00d8S\/\u00d8B (mm): <\/strong> 19,9\/22 <\/p>\n<p><strong>Uzunluk:  (mm): <\/strong> 115mm <\/p>\n","protected":false},"excerpt":{"rendered":"<p>: M30x1.5 RHT \u00d8S\/\u00d8B (mm): 19,9\/22 (mm): 115mm<\/p>\n","protected":false},"featured_media":8613,"comment_status":"closed","ping_status":"open","template":"","meta":{"_acf_changed":false},"marka":[20560],"model":[45680,45681,42724],"referans-numarasi":[45682,45683,45684,45685,45686,45687],"uretici":[15326,20570,23342],"product_brand":[],"product_cat":[22138],"product_tag":[],"class_list":{"0":"post-24259","1":"product","2":"type-product","3":"status-publish","4":"has-post-thumbnail","6":"marka-egerot-tr","7":"model-45euro-2-lf45-tr","8":"model-lk-ln2-lp-ng-tr","9":"model-sultan-navigo-tr","10":"referans-numarasi-0003303135-tr","11":"referans-numarasi-0003308135-tr","12":"referans-numarasi-0013300335-tr","13":"referans-numarasi-0013300435-tr","14":"referans-numarasi-13c0005017ba-tr","15":"referans-numarasi-1401944-tr","16":"uretici-daf-tr","17":"uretici-mercedes-tr","18":"uretici-otokar-tr","19":"product_cat-rot-basi","21":"first","22":"instock","23":"product-type-simple"},"acf":[],"_links":{"self":[{"href":"https:\/\/hydcab.com\/tr\/wp-json\/wp\/v2\/product\/24259","targetHints":{"allow":["GET"]}}],"collection":[{"href":"https:\/\/hydcab.com\/tr\/wp-json\/wp\/v2\/product"}],"about":[{"href":"https:\/\/hydcab.com\/tr\/wp-json\/wp\/v2\/types\/product"}],"replies":[{"embeddable":true,"href":"https:\/\/hydcab.com\/tr\/wp-json\/wp\/v2\/comments?post=24259"}],"wp:featuredmedia":[{"embeddable":true,"href":"https:\/\/hydcab.com\/tr\/wp-json\/wp\/v2\/media\/8613"}],"wp:attachment":[{"href":"https:\/\/hydcab.com\/tr\/wp-json\/wp\/v2\/media?parent=24259"}],"wp:term":[{"taxonomy":"marka","embeddable":true,"href":"https:\/\/hydcab.com\/tr\/wp-json\/wp\/v2\/marka?post=24259"},{"taxonomy":"model","embeddable":true,"href":"https:\/\/hydcab.com\/tr\/wp-json\/wp\/v2\/model?post=24259"},{"taxonomy":"referans-numarasi","embeddable":true,"href":"https:\/\/hydcab.com\/tr\/wp-json\/wp\/v2\/referans-numarasi?post=24259"},{"taxonomy":"uretici","embeddable":true,"href":"https:\/\/hydcab.com\/tr\/wp-json\/wp\/v2\/uretici?post=24259"},{"taxonomy":"product_brand","embeddable":true,"href":"https:\/\/hydcab.com\/tr\/wp-json\/wp\/v2\/product_brand?post=24259"},{"taxonomy":"product_cat","embeddable":true,"href":"https:\/\/hydcab.com\/tr\/wp-json\/wp\/v2\/product_cat?post=24259"},{"taxonomy":"product_tag","embeddable":true,"href":"https:\/\/hydcab.com\/tr\/wp-json\/wp\/v2\/product_tag?post=24259"}],"curies":[{"name":"wp","href":"https:\/\/api.w.org\/{rel}","templated":true}]}}