{"id":24279,"date":"2024-08-15T14:26:07","date_gmt":"2024-08-15T14:26:07","guid":{"rendered":"https:\/\/hydcab.com\/product\/er0144\/"},"modified":"2024-08-15T14:26:07","modified_gmt":"2024-08-15T14:26:07","slug":"er0144","status":"publish","type":"product","link":"https:\/\/hydcab.com\/tr\/product\/er0144\/","title":{"rendered":"ER0144"},"content":{"rendered":"<p><strong>Di\u015f \u00d6l\u00e7\u00fcs\u00fc: :  <\/strong> M30x1.5 LHT <\/p>\n<p><strong>Konik:  \u00d8S\/\u00d8B (mm): <\/strong> 28,9\/32 <\/p>\n<p><strong>Uzunluk:  (mm): <\/strong> 125mm <\/p>\n","protected":false},"excerpt":{"rendered":"<p>: M30x1.5 LHT \u00d8S\/\u00d8B (mm): 28,9\/32 (mm): 125mm<\/p>\n","protected":false},"featured_media":8593,"comment_status":"closed","ping_status":"open","template":"","meta":{"_acf_changed":false},"marka":[20560],"model":[31181,19834],"referans-numarasi":[45801,45802,45803,45804,45805,45806,45807,45808,45809,45810,45811,45812,45813,45814,45815],"uretici":[24967,15626,15157,20570,15286],"product_brand":[],"product_cat":[22138],"product_tag":[],"class_list":{"0":"post-24279","1":"product","2":"type-product","3":"status-publish","4":"has-post-thumbnail","6":"marka-egerot-tr","7":"model-aroc-s-tr","8":"model-fh16-euro-6-650-700-750-tr","9":"referans-numarasi-0004605848-tr","10":"referans-numarasi-0004606148-tr","11":"referans-numarasi-0004606948-tr","12":"referans-numarasi-0004607148-tr","13":"referans-numarasi-0004609048-tr","14":"referans-numarasi-0014600548-tr","15":"referans-numarasi-0014601348-tr","16":"referans-numarasi-0014602548-tr","17":"referans-numarasi-0014607948-tr","18":"referans-numarasi-0024600448-tr","19":"referans-numarasi-404p892h24-tr","20":"referans-numarasi-685152700-tr","21":"referans-numarasi-81953016323-tr","22":"referans-numarasi-82467100023-tr","23":"referans-numarasi-an85778001-tr","24":"uretici-bombardier-tr","25":"uretici-kassbohrer-tr","26":"uretici-man-tr","27":"uretici-mercedes-tr","28":"uretici-renault-tr","29":"product_cat-rot-basi","31":"first","32":"instock","33":"product-type-simple"},"acf":[],"_links":{"self":[{"href":"https:\/\/hydcab.com\/tr\/wp-json\/wp\/v2\/product\/24279","targetHints":{"allow":["GET"]}}],"collection":[{"href":"https:\/\/hydcab.com\/tr\/wp-json\/wp\/v2\/product"}],"about":[{"href":"https:\/\/hydcab.com\/tr\/wp-json\/wp\/v2\/types\/product"}],"replies":[{"embeddable":true,"href":"https:\/\/hydcab.com\/tr\/wp-json\/wp\/v2\/comments?post=24279"}],"wp:featuredmedia":[{"embeddable":true,"href":"https:\/\/hydcab.com\/tr\/wp-json\/wp\/v2\/media\/8593"}],"wp:attachment":[{"href":"https:\/\/hydcab.com\/tr\/wp-json\/wp\/v2\/media?parent=24279"}],"wp:term":[{"taxonomy":"marka","embeddable":true,"href":"https:\/\/hydcab.com\/tr\/wp-json\/wp\/v2\/marka?post=24279"},{"taxonomy":"model","embeddable":true,"href":"https:\/\/hydcab.com\/tr\/wp-json\/wp\/v2\/model?post=24279"},{"taxonomy":"referans-numarasi","embeddable":true,"href":"https:\/\/hydcab.com\/tr\/wp-json\/wp\/v2\/referans-numarasi?post=24279"},{"taxonomy":"uretici","embeddable":true,"href":"https:\/\/hydcab.com\/tr\/wp-json\/wp\/v2\/uretici?post=24279"},{"taxonomy":"product_brand","embeddable":true,"href":"https:\/\/hydcab.com\/tr\/wp-json\/wp\/v2\/product_brand?post=24279"},{"taxonomy":"product_cat","embeddable":true,"href":"https:\/\/hydcab.com\/tr\/wp-json\/wp\/v2\/product_cat?post=24279"},{"taxonomy":"product_tag","embeddable":true,"href":"https:\/\/hydcab.com\/tr\/wp-json\/wp\/v2\/product_tag?post=24279"}],"curies":[{"name":"wp","href":"https:\/\/api.w.org\/{rel}","templated":true}]}}