{"id":24283,"date":"2024-08-15T14:26:07","date_gmt":"2024-08-15T14:26:07","guid":{"rendered":"https:\/\/hydcab.com\/product\/er0143\/"},"modified":"2024-08-15T14:26:07","modified_gmt":"2024-08-15T14:26:07","slug":"er0143","status":"publish","type":"product","link":"https:\/\/hydcab.com\/tr\/product\/er0143\/","title":{"rendered":"ER0143"},"content":{"rendered":"<p><strong>Di\u015f \u00d6l\u00e7\u00fcs\u00fc: :  <\/strong> M30x1.5 RHT <\/p>\n<p><strong>Konik:  \u00d8S\/\u00d8B (mm): <\/strong> 28,9\/32 <\/p>\n<p><strong>Uzunluk:  (mm): <\/strong> 125mm <\/p>\n","protected":false},"excerpt":{"rendered":"<p>: M30x1.5 RHT \u00d8S\/\u00d8B (mm): 28,9\/32 (mm): 125mm<\/p>\n","protected":false},"featured_media":8589,"comment_status":"closed","ping_status":"open","template":"","meta":{"_acf_changed":false},"marka":[20560],"model":[45858],"referans-numarasi":[45859,45860,45861,45862,45863,45864,45865,45866,45867,45868,45869,45870,45871],"uretici":[15626,15157,20570,15286],"product_brand":[],"product_cat":[22138],"product_tag":[],"class_list":{"0":"post-24283","1":"product","2":"type-product","3":"status-publish","4":"has-post-thumbnail","6":"marka-egerot-tr","7":"model-actros-1824-1863-2024-2063-2524-2563-2624-2665-3231-3339-3340-3938-tr","8":"referans-numarasi-0004605748-tr","9":"referans-numarasi-0004606048-tr","10":"referans-numarasi-0004606848-tr","11":"referans-numarasi-0004607048-tr","12":"referans-numarasi-0004607548-tr","13":"referans-numarasi-0014601148-tr","14":"referans-numarasi-0014601748-tr","15":"referans-numarasi-0014602448-tr","16":"referans-numarasi-0014607648-tr","17":"referans-numarasi-0014609648-tr","18":"referans-numarasi-685152200-tr","19":"referans-numarasi-81953016324-tr","20":"referans-numarasi-an85778002-tr","21":"uretici-kassbohrer-tr","22":"uretici-man-tr","23":"uretici-mercedes-tr","24":"uretici-renault-tr","25":"product_cat-rot-basi","27":"first","28":"instock","29":"product-type-simple"},"acf":[],"_links":{"self":[{"href":"https:\/\/hydcab.com\/tr\/wp-json\/wp\/v2\/product\/24283","targetHints":{"allow":["GET"]}}],"collection":[{"href":"https:\/\/hydcab.com\/tr\/wp-json\/wp\/v2\/product"}],"about":[{"href":"https:\/\/hydcab.com\/tr\/wp-json\/wp\/v2\/types\/product"}],"replies":[{"embeddable":true,"href":"https:\/\/hydcab.com\/tr\/wp-json\/wp\/v2\/comments?post=24283"}],"wp:featuredmedia":[{"embeddable":true,"href":"https:\/\/hydcab.com\/tr\/wp-json\/wp\/v2\/media\/8589"}],"wp:attachment":[{"href":"https:\/\/hydcab.com\/tr\/wp-json\/wp\/v2\/media?parent=24283"}],"wp:term":[{"taxonomy":"marka","embeddable":true,"href":"https:\/\/hydcab.com\/tr\/wp-json\/wp\/v2\/marka?post=24283"},{"taxonomy":"model","embeddable":true,"href":"https:\/\/hydcab.com\/tr\/wp-json\/wp\/v2\/model?post=24283"},{"taxonomy":"referans-numarasi","embeddable":true,"href":"https:\/\/hydcab.com\/tr\/wp-json\/wp\/v2\/referans-numarasi?post=24283"},{"taxonomy":"uretici","embeddable":true,"href":"https:\/\/hydcab.com\/tr\/wp-json\/wp\/v2\/uretici?post=24283"},{"taxonomy":"product_brand","embeddable":true,"href":"https:\/\/hydcab.com\/tr\/wp-json\/wp\/v2\/product_brand?post=24283"},{"taxonomy":"product_cat","embeddable":true,"href":"https:\/\/hydcab.com\/tr\/wp-json\/wp\/v2\/product_cat?post=24283"},{"taxonomy":"product_tag","embeddable":true,"href":"https:\/\/hydcab.com\/tr\/wp-json\/wp\/v2\/product_tag?post=24283"}],"curies":[{"name":"wp","href":"https:\/\/api.w.org\/{rel}","templated":true}]}}