{"id":24303,"date":"2024-08-15T14:26:07","date_gmt":"2024-08-15T14:26:07","guid":{"rendered":"https:\/\/hydcab.com\/product\/er0138\/"},"modified":"2024-08-15T14:26:07","modified_gmt":"2024-08-15T14:26:07","slug":"er0138","status":"publish","type":"product","link":"https:\/\/hydcab.com\/tr\/product\/er0138\/","title":{"rendered":"ER0138"},"content":{"rendered":"<p><strong>Di\u015f \u00d6l\u00e7\u00fcs\u00fc: :  <\/strong> M35x1.5 LHT <\/p>\n<p><strong>Konik:  \u00d8S\/\u00d8B (mm): <\/strong> 23,5\/26 <\/p>\n<p><strong>Uzunluk:  (mm): <\/strong> 150mm <\/p>\n","protected":false},"excerpt":{"rendered":"<p>: M35x1.5 LHT \u00d8S\/\u00d8B (mm): 23,5\/26 (mm): 150mm<\/p>\n","protected":false},"featured_media":8569,"comment_status":"closed","ping_status":"open","template":"","meta":{"_acf_changed":false},"marka":[20560],"model":[45940],"referans-numarasi":[45941,45942,45943,45944,45945,45946,45947],"uretici":[20570],"product_brand":[],"product_cat":[22138],"product_tag":[],"class_list":{"0":"post-24303","1":"product","2":"type-product","3":"status-publish","4":"has-post-thumbnail","6":"marka-egerot-tr","7":"model-ng-1626-1632-1719-1919-1932-2026-2226-2232-2626-2628-2632-2636-3336-o-303-o-205-o-307-o340-o405-o-407-o-405-o345-belediye-otobusu-atego-1217-1223-sk-1844-tr","8":"referans-numarasi-0003301935-tr","9":"referans-numarasi-0003302935-tr","10":"referans-numarasi-0003304135-tr","11":"referans-numarasi-0003307835-tr","12":"referans-numarasi-0003385029-tr","13":"referans-numarasi-0013302235-tr","14":"referans-numarasi-0013302735-tr","15":"uretici-mercedes-tr","16":"product_cat-rot-basi","18":"first","19":"instock","20":"product-type-simple"},"acf":[],"_links":{"self":[{"href":"https:\/\/hydcab.com\/tr\/wp-json\/wp\/v2\/product\/24303","targetHints":{"allow":["GET"]}}],"collection":[{"href":"https:\/\/hydcab.com\/tr\/wp-json\/wp\/v2\/product"}],"about":[{"href":"https:\/\/hydcab.com\/tr\/wp-json\/wp\/v2\/types\/product"}],"replies":[{"embeddable":true,"href":"https:\/\/hydcab.com\/tr\/wp-json\/wp\/v2\/comments?post=24303"}],"wp:featuredmedia":[{"embeddable":true,"href":"https:\/\/hydcab.com\/tr\/wp-json\/wp\/v2\/media\/8569"}],"wp:attachment":[{"href":"https:\/\/hydcab.com\/tr\/wp-json\/wp\/v2\/media?parent=24303"}],"wp:term":[{"taxonomy":"marka","embeddable":true,"href":"https:\/\/hydcab.com\/tr\/wp-json\/wp\/v2\/marka?post=24303"},{"taxonomy":"model","embeddable":true,"href":"https:\/\/hydcab.com\/tr\/wp-json\/wp\/v2\/model?post=24303"},{"taxonomy":"referans-numarasi","embeddable":true,"href":"https:\/\/hydcab.com\/tr\/wp-json\/wp\/v2\/referans-numarasi?post=24303"},{"taxonomy":"uretici","embeddable":true,"href":"https:\/\/hydcab.com\/tr\/wp-json\/wp\/v2\/uretici?post=24303"},{"taxonomy":"product_brand","embeddable":true,"href":"https:\/\/hydcab.com\/tr\/wp-json\/wp\/v2\/product_brand?post=24303"},{"taxonomy":"product_cat","embeddable":true,"href":"https:\/\/hydcab.com\/tr\/wp-json\/wp\/v2\/product_cat?post=24303"},{"taxonomy":"product_tag","embeddable":true,"href":"https:\/\/hydcab.com\/tr\/wp-json\/wp\/v2\/product_tag?post=24303"}],"curies":[{"name":"wp","href":"https:\/\/api.w.org\/{rel}","templated":true}]}}