{"id":24331,"date":"2024-08-15T14:25:47","date_gmt":"2024-08-15T14:25:47","guid":{"rendered":"https:\/\/hydcab.com\/product\/er0131\/"},"modified":"2024-08-15T14:25:47","modified_gmt":"2024-08-15T14:25:47","slug":"er0131","status":"publish","type":"product","link":"https:\/\/hydcab.com\/tr\/product\/er0131\/","title":{"rendered":"ER0131"},"content":{"rendered":"<p><strong>Di\u015f \u00d6l\u00e7\u00fcs\u00fc: :  <\/strong> M22x1.5 LHT <\/p>\n<p><strong>Konik:  \u00d8S\/\u00d8B (mm): <\/strong> 16,2\/18 <\/p>\n<p><strong>Uzunluk:  (mm): <\/strong> 95mm <\/p>\n","protected":false},"excerpt":{"rendered":"<p>: M22x1.5 LHT \u00d8S\/\u00d8B (mm): 16,2\/18 (mm): 95mm<\/p>\n","protected":false},"featured_media":8541,"comment_status":"closed","ping_status":"open","template":"","meta":{"_acf_changed":false},"marka":[20560],"model":[46089,19834],"referans-numarasi":[46090,46091,46092,46093,46094,46095],"uretici":[23542,16792,17722,15286,16498],"product_brand":[],"product_cat":[22138],"product_tag":[],"class_list":{"0":"post-24331","1":"product","2":"type-product","3":"status-publish","4":"has-post-thumbnail","6":"marka-egerot-tr","7":"model-fb-112-tr","8":"model-fh16-euro-6-650-700-750-tr","9":"referans-numarasi-11200361-0-tr","10":"referans-numarasi-45460a0331-tr","11":"referans-numarasi-485279x62a-tr","12":"referans-numarasi-6000198855-tr","13":"referans-numarasi-7161435012-tr","14":"referans-numarasi-x860534903321-tr","15":"uretici-hanomag-tr","16":"uretici-hino-tr","17":"uretici-nissan-tr","18":"uretici-renault-tr","19":"uretici-steyr-tr","20":"product_cat-rot-basi","22":"first","23":"instock","24":"product-type-simple"},"acf":[],"_links":{"self":[{"href":"https:\/\/hydcab.com\/tr\/wp-json\/wp\/v2\/product\/24331","targetHints":{"allow":["GET"]}}],"collection":[{"href":"https:\/\/hydcab.com\/tr\/wp-json\/wp\/v2\/product"}],"about":[{"href":"https:\/\/hydcab.com\/tr\/wp-json\/wp\/v2\/types\/product"}],"replies":[{"embeddable":true,"href":"https:\/\/hydcab.com\/tr\/wp-json\/wp\/v2\/comments?post=24331"}],"wp:featuredmedia":[{"embeddable":true,"href":"https:\/\/hydcab.com\/tr\/wp-json\/wp\/v2\/media\/8541"}],"wp:attachment":[{"href":"https:\/\/hydcab.com\/tr\/wp-json\/wp\/v2\/media?parent=24331"}],"wp:term":[{"taxonomy":"marka","embeddable":true,"href":"https:\/\/hydcab.com\/tr\/wp-json\/wp\/v2\/marka?post=24331"},{"taxonomy":"model","embeddable":true,"href":"https:\/\/hydcab.com\/tr\/wp-json\/wp\/v2\/model?post=24331"},{"taxonomy":"referans-numarasi","embeddable":true,"href":"https:\/\/hydcab.com\/tr\/wp-json\/wp\/v2\/referans-numarasi?post=24331"},{"taxonomy":"uretici","embeddable":true,"href":"https:\/\/hydcab.com\/tr\/wp-json\/wp\/v2\/uretici?post=24331"},{"taxonomy":"product_brand","embeddable":true,"href":"https:\/\/hydcab.com\/tr\/wp-json\/wp\/v2\/product_brand?post=24331"},{"taxonomy":"product_cat","embeddable":true,"href":"https:\/\/hydcab.com\/tr\/wp-json\/wp\/v2\/product_cat?post=24331"},{"taxonomy":"product_tag","embeddable":true,"href":"https:\/\/hydcab.com\/tr\/wp-json\/wp\/v2\/product_tag?post=24331"}],"curies":[{"name":"wp","href":"https:\/\/api.w.org\/{rel}","templated":true}]}}