{"id":24370,"date":"2024-08-15T14:25:47","date_gmt":"2024-08-15T14:25:47","guid":{"rendered":"https:\/\/hydcab.com\/product\/er0120\/"},"modified":"2024-08-15T14:25:47","modified_gmt":"2024-08-15T14:25:47","slug":"er0120","status":"publish","type":"product","link":"https:\/\/hydcab.com\/tr\/product\/er0120\/","title":{"rendered":"ER0120"},"content":{"rendered":"<p><strong>Di\u015f \u00d6l\u00e7\u00fcs\u00fc: :  <\/strong> M30x1.5 LHT <\/p>\n<p><strong>Konik:  \u00d8S\/\u00d8B (mm): <\/strong> 23,5\/26 <\/p>\n<p><strong>Uzunluk:  (mm): <\/strong> 125mm <\/p>\n","protected":false},"excerpt":{"rendered":"<p>: M30x1.5 LHT \u00d8S\/\u00d8B (mm): 23,5\/26 (mm): 125mm<\/p>\n","protected":false},"featured_media":8501,"comment_status":"closed","ping_status":"open","template":"","meta":{"_acf_changed":false},"marka":[20560],"model":[46468,19834,29202],"referans-numarasi":[46469,46470,46471,46472,46473,46474,46475,46476,46477,46478,46479,46480],"uretici":[15326,16496,15626,15157,20570],"product_brand":[],"product_cat":[22138],"product_tag":[],"class_list":{"0":"post-24370","1":"product","2":"type-product","3":"status-publish","4":"has-post-thumbnail","6":"marka-egerot-tr","7":"model-f85-95xf-75cf-85cf-tr","8":"model-fh16-euro-6-650-700-750-tr","9":"model-setra-tr","10":"referans-numarasi-0014607548-tr","11":"referans-numarasi-1195344-tr","12":"referans-numarasi-1407394-tr","13":"referans-numarasi-1603419-tr","14":"referans-numarasi-6851446000-tr","15":"referans-numarasi-6851459000-tr","16":"referans-numarasi-6851479000-tr","17":"referans-numarasi-6851487000-tr","18":"referans-numarasi-6851532000-tr","19":"referans-numarasi-81953016070-tr","20":"referans-numarasi-81953016261-tr","21":"referans-numarasi-8408397-tr","22":"uretici-daf-tr","23":"uretici-faun-tr","24":"uretici-kassbohrer-tr","25":"uretici-man-tr","26":"uretici-mercedes-tr","27":"product_cat-rot-basi","29":"first","30":"instock","31":"product-type-simple"},"acf":[],"_links":{"self":[{"href":"https:\/\/hydcab.com\/tr\/wp-json\/wp\/v2\/product\/24370","targetHints":{"allow":["GET"]}}],"collection":[{"href":"https:\/\/hydcab.com\/tr\/wp-json\/wp\/v2\/product"}],"about":[{"href":"https:\/\/hydcab.com\/tr\/wp-json\/wp\/v2\/types\/product"}],"replies":[{"embeddable":true,"href":"https:\/\/hydcab.com\/tr\/wp-json\/wp\/v2\/comments?post=24370"}],"wp:featuredmedia":[{"embeddable":true,"href":"https:\/\/hydcab.com\/tr\/wp-json\/wp\/v2\/media\/8501"}],"wp:attachment":[{"href":"https:\/\/hydcab.com\/tr\/wp-json\/wp\/v2\/media?parent=24370"}],"wp:term":[{"taxonomy":"marka","embeddable":true,"href":"https:\/\/hydcab.com\/tr\/wp-json\/wp\/v2\/marka?post=24370"},{"taxonomy":"model","embeddable":true,"href":"https:\/\/hydcab.com\/tr\/wp-json\/wp\/v2\/model?post=24370"},{"taxonomy":"referans-numarasi","embeddable":true,"href":"https:\/\/hydcab.com\/tr\/wp-json\/wp\/v2\/referans-numarasi?post=24370"},{"taxonomy":"uretici","embeddable":true,"href":"https:\/\/hydcab.com\/tr\/wp-json\/wp\/v2\/uretici?post=24370"},{"taxonomy":"product_brand","embeddable":true,"href":"https:\/\/hydcab.com\/tr\/wp-json\/wp\/v2\/product_brand?post=24370"},{"taxonomy":"product_cat","embeddable":true,"href":"https:\/\/hydcab.com\/tr\/wp-json\/wp\/v2\/product_cat?post=24370"},{"taxonomy":"product_tag","embeddable":true,"href":"https:\/\/hydcab.com\/tr\/wp-json\/wp\/v2\/product_tag?post=24370"}],"curies":[{"name":"wp","href":"https:\/\/api.w.org\/{rel}","templated":true}]}}