{"id":24539,"date":"2024-08-15T14:25:07","date_gmt":"2024-08-15T14:25:07","guid":{"rendered":"https:\/\/hydcab.com\/product\/er0071\/"},"modified":"2024-08-15T14:25:07","modified_gmt":"2024-08-15T14:25:07","slug":"er0071","status":"publish","type":"product","link":"https:\/\/hydcab.com\/tr\/product\/er0071\/","title":{"rendered":"ER0071"},"content":{"rendered":"<p><strong>Di\u015f \u00d6l\u00e7\u00fcs\u00fc: :  <\/strong> M24x1.5 LHT <\/p>\n<p><strong>Konik:  \u00d8S\/\u00d8B (mm): <\/strong> 19,9\/22 <\/p>\n<p><strong>Uzunluk:  (mm): <\/strong> 105mm <\/p>\n","protected":false},"excerpt":{"rendered":"<p>: M24x1.5 LHT \u00d8S\/\u00d8B (mm): 19,9\/22 (mm): 105mm<\/p>\n","protected":false},"featured_media":8321,"comment_status":"closed","ping_status":"open","template":"","meta":{"_acf_changed":false},"marka":[20560],"model":[47547,47548,47549,47550],"referans-numarasi":[47551,47552,47553,47554,47555,47556,47557,47558,47559,47560,47561],"uretici":[15114,20570,27723,15954],"product_brand":[],"product_cat":[22138],"product_tag":[],"class_list":{"0":"post-24539","1":"product","2":"type-product","3":"status-publish","4":"has-post-thumbnail","6":"marka-egerot-tr","7":"model-50-nc-55-nc-om50-om-55-zeta-50-8-50-9-50-10-60-8-60-10-60-11-65-9-65-10-65-12-79-10-79-12-79-13-bus-50ai-a60-9-a70-12-tr","8":"model-fl-4-fl-6-flc-tr","9":"model-metrocap-tr","10":"model-t2-ln1-vario-unimog-tr","11":"referans-numarasi-0003301335-tr","12":"referans-numarasi-0003309835-tr","13":"referans-numarasi-0013300035-tr","14":"referans-numarasi-0023301435-tr","15":"referans-numarasi-0083380029-tr","16":"referans-numarasi-0083380129-tr","17":"referans-numarasi-1696920-tr","18":"referans-numarasi-7984276-tr","19":"referans-numarasi-8558524-tr","20":"referans-numarasi-x5415121-tr","21":"referans-numarasi-x5425103-tr","22":"uretici-iveco-tr","23":"uretici-mercedes-tr","24":"uretici-metrocab-tr","25":"uretici-volvo-tr","26":"product_cat-rot-basi","28":"first","29":"instock","30":"product-type-simple"},"acf":[],"_links":{"self":[{"href":"https:\/\/hydcab.com\/tr\/wp-json\/wp\/v2\/product\/24539","targetHints":{"allow":["GET"]}}],"collection":[{"href":"https:\/\/hydcab.com\/tr\/wp-json\/wp\/v2\/product"}],"about":[{"href":"https:\/\/hydcab.com\/tr\/wp-json\/wp\/v2\/types\/product"}],"replies":[{"embeddable":true,"href":"https:\/\/hydcab.com\/tr\/wp-json\/wp\/v2\/comments?post=24539"}],"wp:featuredmedia":[{"embeddable":true,"href":"https:\/\/hydcab.com\/tr\/wp-json\/wp\/v2\/media\/8321"}],"wp:attachment":[{"href":"https:\/\/hydcab.com\/tr\/wp-json\/wp\/v2\/media?parent=24539"}],"wp:term":[{"taxonomy":"marka","embeddable":true,"href":"https:\/\/hydcab.com\/tr\/wp-json\/wp\/v2\/marka?post=24539"},{"taxonomy":"model","embeddable":true,"href":"https:\/\/hydcab.com\/tr\/wp-json\/wp\/v2\/model?post=24539"},{"taxonomy":"referans-numarasi","embeddable":true,"href":"https:\/\/hydcab.com\/tr\/wp-json\/wp\/v2\/referans-numarasi?post=24539"},{"taxonomy":"uretici","embeddable":true,"href":"https:\/\/hydcab.com\/tr\/wp-json\/wp\/v2\/uretici?post=24539"},{"taxonomy":"product_brand","embeddable":true,"href":"https:\/\/hydcab.com\/tr\/wp-json\/wp\/v2\/product_brand?post=24539"},{"taxonomy":"product_cat","embeddable":true,"href":"https:\/\/hydcab.com\/tr\/wp-json\/wp\/v2\/product_cat?post=24539"},{"taxonomy":"product_tag","embeddable":true,"href":"https:\/\/hydcab.com\/tr\/wp-json\/wp\/v2\/product_tag?post=24539"}],"curies":[{"name":"wp","href":"https:\/\/api.w.org\/{rel}","templated":true}]}}