{"id":24543,"date":"2024-08-15T14:25:07","date_gmt":"2024-08-15T14:25:07","guid":{"rendered":"https:\/\/hydcab.com\/product\/er0070\/"},"modified":"2024-08-15T14:25:07","modified_gmt":"2024-08-15T14:25:07","slug":"er0070","status":"publish","type":"product","link":"https:\/\/hydcab.com\/tr\/product\/er0070\/","title":{"rendered":"ER0070"},"content":{"rendered":"<p><strong>Di\u015f \u00d6l\u00e7\u00fcs\u00fc: :  <\/strong> M24x1.5 RHT <\/p>\n<p><strong>Konik:  \u00d8S\/\u00d8B (mm): <\/strong> 19,9\/22 <\/p>\n<p><strong>Uzunluk:  (mm): <\/strong> 105mm <\/p>\n","protected":false},"excerpt":{"rendered":"<p>: M24x1.5 RHT \u00d8S\/\u00d8B (mm): 19,9\/22 (mm): 105mm<\/p>\n","protected":false},"featured_media":8317,"comment_status":"closed","ping_status":"open","template":"","meta":{"_acf_changed":false},"marka":[20560],"model":[47610,47547,19834,47548,47549,47550],"referans-numarasi":[47611,47612,47613,47614,47615,47616,47617,47618,47619,47620,47621,47622,47623,47624,47625],"uretici":[27684,15114,27687,20570,27723,15954],"product_brand":[],"product_cat":[22138],"product_tag":[],"class_list":{"0":"post-24543","1":"product","2":"type-product","3":"status-publish","4":"has-post-thumbnail","6":"marka-egerot-tr","7":"model-100-bus-tr","8":"model-50-nc-55-nc-om50-om-55-zeta-50-8-50-9-50-10-60-8-60-10-60-11-65-9-65-10-65-12-79-10-79-12-79-13-bus-50ai-a60-9-a70-12-tr","9":"model-fh16-euro-6-650-700-750-tr","10":"model-fl-4-fl-6-flc-tr","11":"model-metrocap-tr","12":"model-t2-ln1-vario-unimog-tr","13":"referans-numarasi-0003301235-tr","14":"referans-numarasi-0003307535-tr","15":"referans-numarasi-0003309735-tr","16":"referans-numarasi-0003309935-tr","17":"referans-numarasi-0003383429-tr","18":"referans-numarasi-0003383529-tr","19":"referans-numarasi-0023301305-tr","20":"referans-numarasi-1696919-tr","21":"referans-numarasi-3221931r19-tr","22":"referans-numarasi-42487165-tr","23":"referans-numarasi-6313300535-tr","24":"referans-numarasi-8558527-tr","25":"referans-numarasi-93194627-tr","26":"referans-numarasi-al38645-tr","27":"referans-numarasi-x5424102-tr","28":"uretici-case-ih-tr","29":"uretici-iveco-tr","30":"uretici-john-deere-tr","31":"uretici-mercedes-tr","32":"uretici-metrocab-tr","33":"uretici-volvo-tr","34":"product_cat-rot-basi","36":"first","37":"instock","38":"product-type-simple"},"acf":[],"_links":{"self":[{"href":"https:\/\/hydcab.com\/tr\/wp-json\/wp\/v2\/product\/24543","targetHints":{"allow":["GET"]}}],"collection":[{"href":"https:\/\/hydcab.com\/tr\/wp-json\/wp\/v2\/product"}],"about":[{"href":"https:\/\/hydcab.com\/tr\/wp-json\/wp\/v2\/types\/product"}],"replies":[{"embeddable":true,"href":"https:\/\/hydcab.com\/tr\/wp-json\/wp\/v2\/comments?post=24543"}],"wp:featuredmedia":[{"embeddable":true,"href":"https:\/\/hydcab.com\/tr\/wp-json\/wp\/v2\/media\/8317"}],"wp:attachment":[{"href":"https:\/\/hydcab.com\/tr\/wp-json\/wp\/v2\/media?parent=24543"}],"wp:term":[{"taxonomy":"marka","embeddable":true,"href":"https:\/\/hydcab.com\/tr\/wp-json\/wp\/v2\/marka?post=24543"},{"taxonomy":"model","embeddable":true,"href":"https:\/\/hydcab.com\/tr\/wp-json\/wp\/v2\/model?post=24543"},{"taxonomy":"referans-numarasi","embeddable":true,"href":"https:\/\/hydcab.com\/tr\/wp-json\/wp\/v2\/referans-numarasi?post=24543"},{"taxonomy":"uretici","embeddable":true,"href":"https:\/\/hydcab.com\/tr\/wp-json\/wp\/v2\/uretici?post=24543"},{"taxonomy":"product_brand","embeddable":true,"href":"https:\/\/hydcab.com\/tr\/wp-json\/wp\/v2\/product_brand?post=24543"},{"taxonomy":"product_cat","embeddable":true,"href":"https:\/\/hydcab.com\/tr\/wp-json\/wp\/v2\/product_cat?post=24543"},{"taxonomy":"product_tag","embeddable":true,"href":"https:\/\/hydcab.com\/tr\/wp-json\/wp\/v2\/product_tag?post=24543"}],"curies":[{"name":"wp","href":"https:\/\/api.w.org\/{rel}","templated":true}]}}