{"id":24622,"date":"2024-08-15T14:24:12","date_gmt":"2024-08-15T14:24:12","guid":{"rendered":"https:\/\/hydcab.com\/product\/er0034\/"},"modified":"2024-08-15T14:24:12","modified_gmt":"2024-08-15T14:24:12","slug":"er0034","status":"publish","type":"product","link":"https:\/\/hydcab.com\/tr\/product\/er0034\/","title":{"rendered":"ER0034"},"content":{"rendered":"<p><strong>Di\u015f \u00d6l\u00e7\u00fcs\u00fc: :  <\/strong> M28x1.5 LHT <\/p>\n<p><strong>Konik:  \u00d8S\/\u00d8B (mm): <\/strong> 19,9\/22 <\/p>\n<p><strong>Uzunluk:  (mm): <\/strong> 105mm <\/p>\n","protected":false},"excerpt":{"rendered":"<p>: M28x1.5 LHT \u00d8S\/\u00d8B (mm): 19,9\/22 (mm): 105mm<\/p>\n","protected":false},"featured_media":8225,"comment_status":"closed","ping_status":"open","template":"","meta":{"_acf_changed":false},"marka":[20560],"model":[48123,48124,19834,48125,48126],"referans-numarasi":[48127,48128,48129,48130,48131,48132,48133,48134,48135,48136,48137,48138,48139,48140,48141,48142,48143,48144,48145,48146,48147,48148,48149,48150,48151],"uretici":[15326,15114,15157,20570,15286,15954],"product_brand":[],"product_cat":[22138],"product_tag":[],"class_list":{"0":"post-24622","1":"product","2":"type-product","3":"status-publish","4":"has-post-thumbnail","6":"marka-egerot-tr","7":"model-45-f1200-1700-1900-tr","8":"model-f-6-f609-f611-f613-f614-fl-4-fl408-tr","9":"model-fh16-euro-6-650-700-750-tr","10":"model-l2000-g90-m2000-tr","11":"model-lk-ln2-ng-t2-ln1-sk-vario-tr","12":"referans-numarasi-0003303335-tr","13":"referans-numarasi-0003307235-tr","14":"referans-numarasi-0003309435-tr","15":"referans-numarasi-0003309635-tr","16":"referans-numarasi-0023301235-tr","17":"referans-numarasi-0110196-tr","18":"referans-numarasi-0607452-tr","19":"referans-numarasi-1373137-tr","20":"referans-numarasi-1517279-tr","21":"referans-numarasi-1517439-tr","22":"referans-numarasi-1698190-tr","23":"referans-numarasi-2969507-tr","24":"referans-numarasi-42484887-tr","25":"referans-numarasi-4833826-tr","26":"referans-numarasi-5000559336-tr","27":"referans-numarasi-5000823947-tr","28":"referans-numarasi-5000823997-tr","29":"referans-numarasi-8123394-tr","30":"referans-numarasi-8193646-tr","31":"referans-numarasi-81953010079-tr","32":"referans-numarasi-81953016139-tr","33":"referans-numarasi-81953016222-tr","34":"referans-numarasi-81953016329-tr","35":"referans-numarasi-8558536-tr","36":"referans-numarasi-acu9241-tr","37":"uretici-daf-tr","38":"uretici-iveco-tr","39":"uretici-man-tr","40":"uretici-mercedes-tr","41":"uretici-renault-tr","42":"uretici-volvo-tr","43":"product_cat-rot-basi","45":"first","46":"instock","47":"product-type-simple"},"acf":[],"_links":{"self":[{"href":"https:\/\/hydcab.com\/tr\/wp-json\/wp\/v2\/product\/24622","targetHints":{"allow":["GET"]}}],"collection":[{"href":"https:\/\/hydcab.com\/tr\/wp-json\/wp\/v2\/product"}],"about":[{"href":"https:\/\/hydcab.com\/tr\/wp-json\/wp\/v2\/types\/product"}],"replies":[{"embeddable":true,"href":"https:\/\/hydcab.com\/tr\/wp-json\/wp\/v2\/comments?post=24622"}],"wp:featuredmedia":[{"embeddable":true,"href":"https:\/\/hydcab.com\/tr\/wp-json\/wp\/v2\/media\/8225"}],"wp:attachment":[{"href":"https:\/\/hydcab.com\/tr\/wp-json\/wp\/v2\/media?parent=24622"}],"wp:term":[{"taxonomy":"marka","embeddable":true,"href":"https:\/\/hydcab.com\/tr\/wp-json\/wp\/v2\/marka?post=24622"},{"taxonomy":"model","embeddable":true,"href":"https:\/\/hydcab.com\/tr\/wp-json\/wp\/v2\/model?post=24622"},{"taxonomy":"referans-numarasi","embeddable":true,"href":"https:\/\/hydcab.com\/tr\/wp-json\/wp\/v2\/referans-numarasi?post=24622"},{"taxonomy":"uretici","embeddable":true,"href":"https:\/\/hydcab.com\/tr\/wp-json\/wp\/v2\/uretici?post=24622"},{"taxonomy":"product_brand","embeddable":true,"href":"https:\/\/hydcab.com\/tr\/wp-json\/wp\/v2\/product_brand?post=24622"},{"taxonomy":"product_cat","embeddable":true,"href":"https:\/\/hydcab.com\/tr\/wp-json\/wp\/v2\/product_cat?post=24622"},{"taxonomy":"product_tag","embeddable":true,"href":"https:\/\/hydcab.com\/tr\/wp-json\/wp\/v2\/product_tag?post=24622"}],"curies":[{"name":"wp","href":"https:\/\/api.w.org\/{rel}","templated":true}]}}