{"id":24628,"date":"2024-08-15T14:24:12","date_gmt":"2024-08-15T14:24:12","guid":{"rendered":"https:\/\/hydcab.com\/product\/er0007\/"},"modified":"2024-08-15T14:24:12","modified_gmt":"2024-08-15T14:24:12","slug":"er0007","status":"publish","type":"product","link":"https:\/\/hydcab.com\/tr\/product\/er0007\/","title":{"rendered":"ER0007"},"content":{"rendered":"<p><strong>Di\u015f \u00d6l\u00e7\u00fcs\u00fc: :  <\/strong> M30x1.5 RHT <\/p>\n<p><strong>Konik:  \u00d8S\/\u00d8B (mm): <\/strong> 27,3\/31,5 <\/p>\n<p><strong>Uzunluk:  (mm): <\/strong> 125mm <\/p>\n","protected":false},"excerpt":{"rendered":"<p>: M30x1.5 RHT \u00d8S\/\u00d8B (mm): 27,3\/31,5 (mm): 125mm<\/p>\n","protected":false},"featured_media":8213,"comment_status":"closed","ping_status":"open","template":"","meta":{"_acf_changed":false},"marka":[20560],"model":[48234],"referans-numarasi":[48235,48236,48237,48238,48239,48240,48241,48242],"uretici":[15954],"product_brand":[],"product_cat":[22138],"product_tag":[],"class_list":{"0":"post-24628","1":"product","2":"type-product","3":"status-publish","4":"has-post-thumbnail","6":"marka-egerot-tr","7":"model-fl-10-fl-12-fl-7-fm-12-f-6-f-7-f-10-f-12-f-16-tr","8":"referans-numarasi-0356310-tr","9":"referans-numarasi-1507826-tr","10":"referans-numarasi-1695585-tr","11":"referans-numarasi-1695776-tr","12":"referans-numarasi-1698557-tr","13":"referans-numarasi-6882111-tr","14":"referans-numarasi-6889480-tr","15":"referans-numarasi-85114146-tr","16":"uretici-volvo-tr","17":"product_cat-rot-basi","19":"first","20":"instock","21":"product-type-simple"},"acf":[],"_links":{"self":[{"href":"https:\/\/hydcab.com\/tr\/wp-json\/wp\/v2\/product\/24628","targetHints":{"allow":["GET"]}}],"collection":[{"href":"https:\/\/hydcab.com\/tr\/wp-json\/wp\/v2\/product"}],"about":[{"href":"https:\/\/hydcab.com\/tr\/wp-json\/wp\/v2\/types\/product"}],"replies":[{"embeddable":true,"href":"https:\/\/hydcab.com\/tr\/wp-json\/wp\/v2\/comments?post=24628"}],"wp:featuredmedia":[{"embeddable":true,"href":"https:\/\/hydcab.com\/tr\/wp-json\/wp\/v2\/media\/8213"}],"wp:attachment":[{"href":"https:\/\/hydcab.com\/tr\/wp-json\/wp\/v2\/media?parent=24628"}],"wp:term":[{"taxonomy":"marka","embeddable":true,"href":"https:\/\/hydcab.com\/tr\/wp-json\/wp\/v2\/marka?post=24628"},{"taxonomy":"model","embeddable":true,"href":"https:\/\/hydcab.com\/tr\/wp-json\/wp\/v2\/model?post=24628"},{"taxonomy":"referans-numarasi","embeddable":true,"href":"https:\/\/hydcab.com\/tr\/wp-json\/wp\/v2\/referans-numarasi?post=24628"},{"taxonomy":"uretici","embeddable":true,"href":"https:\/\/hydcab.com\/tr\/wp-json\/wp\/v2\/uretici?post=24628"},{"taxonomy":"product_brand","embeddable":true,"href":"https:\/\/hydcab.com\/tr\/wp-json\/wp\/v2\/product_brand?post=24628"},{"taxonomy":"product_cat","embeddable":true,"href":"https:\/\/hydcab.com\/tr\/wp-json\/wp\/v2\/product_cat?post=24628"},{"taxonomy":"product_tag","embeddable":true,"href":"https:\/\/hydcab.com\/tr\/wp-json\/wp\/v2\/product_tag?post=24628"}],"curies":[{"name":"wp","href":"https:\/\/api.w.org\/{rel}","templated":true}]}}