{"id":24636,"date":"2024-08-15T14:24:12","date_gmt":"2024-08-15T14:24:12","guid":{"rendered":"https:\/\/hydcab.com\/product\/er0005\/"},"modified":"2024-08-15T14:24:12","modified_gmt":"2024-08-15T14:24:12","slug":"er0005","status":"publish","type":"product","link":"https:\/\/hydcab.com\/tr\/product\/er0005\/","title":{"rendered":"ER0005"},"content":{"rendered":"<p><strong>Di\u015f \u00d6l\u00e7\u00fcs\u00fc: :  <\/strong> M30x1.5 RHT <\/p>\n<p><strong>Konik:  \u00d8S\/\u00d8B (mm): <\/strong> 23,9\/28,6 <\/p>\n<p><strong>Uzunluk:  (mm): <\/strong> 125mm <\/p>\n","protected":false},"excerpt":{"rendered":"<p>: M30x1.5 RHT \u00d8S\/\u00d8B (mm): 23,9\/28,6 (mm): 125mm<\/p>\n","protected":false},"featured_media":8205,"comment_status":"closed","ping_status":"open","template":"","meta":{"_acf_changed":false},"marka":[20560],"model":[48276],"referans-numarasi":[48323,48324,48325,48326,48327,48328,48329,48330,48331,48332,48333,48334],"uretici":[15954],"product_brand":[],"product_cat":[22138],"product_tag":[],"class_list":{"0":"post-24636","1":"product","2":"type-product","3":"status-publish","4":"has-post-thumbnail","6":"marka-egerot-tr","7":"model-fh-12-fh-16-fl-10-fl-12-fl-4-fl-6-fl-7-fm-12-f-7-f-10-f-12-f-16-tr","8":"referans-numarasi-1505759-tr","9":"referans-numarasi-1507823-tr","10":"referans-numarasi-1698532-tr","11":"referans-numarasi-1698846-tr","12":"referans-numarasi-3090727-tr","13":"referans-numarasi-3092472-tr","14":"referans-numarasi-3092473-tr","15":"referans-numarasi-3110002-tr","16":"referans-numarasi-3988965-tr","17":"referans-numarasi-6884002-tr","18":"referans-numarasi-70371282-tr","19":"referans-numarasi-85114148-tr","20":"uretici-volvo-tr","21":"product_cat-rot-basi","23":"first","24":"instock","25":"product-type-simple"},"acf":[],"_links":{"self":[{"href":"https:\/\/hydcab.com\/tr\/wp-json\/wp\/v2\/product\/24636","targetHints":{"allow":["GET"]}}],"collection":[{"href":"https:\/\/hydcab.com\/tr\/wp-json\/wp\/v2\/product"}],"about":[{"href":"https:\/\/hydcab.com\/tr\/wp-json\/wp\/v2\/types\/product"}],"replies":[{"embeddable":true,"href":"https:\/\/hydcab.com\/tr\/wp-json\/wp\/v2\/comments?post=24636"}],"wp:featuredmedia":[{"embeddable":true,"href":"https:\/\/hydcab.com\/tr\/wp-json\/wp\/v2\/media\/8205"}],"wp:attachment":[{"href":"https:\/\/hydcab.com\/tr\/wp-json\/wp\/v2\/media?parent=24636"}],"wp:term":[{"taxonomy":"marka","embeddable":true,"href":"https:\/\/hydcab.com\/tr\/wp-json\/wp\/v2\/marka?post=24636"},{"taxonomy":"model","embeddable":true,"href":"https:\/\/hydcab.com\/tr\/wp-json\/wp\/v2\/model?post=24636"},{"taxonomy":"referans-numarasi","embeddable":true,"href":"https:\/\/hydcab.com\/tr\/wp-json\/wp\/v2\/referans-numarasi?post=24636"},{"taxonomy":"uretici","embeddable":true,"href":"https:\/\/hydcab.com\/tr\/wp-json\/wp\/v2\/uretici?post=24636"},{"taxonomy":"product_brand","embeddable":true,"href":"https:\/\/hydcab.com\/tr\/wp-json\/wp\/v2\/product_brand?post=24636"},{"taxonomy":"product_cat","embeddable":true,"href":"https:\/\/hydcab.com\/tr\/wp-json\/wp\/v2\/product_cat?post=24636"},{"taxonomy":"product_tag","embeddable":true,"href":"https:\/\/hydcab.com\/tr\/wp-json\/wp\/v2\/product_tag?post=24636"}],"curies":[{"name":"wp","href":"https:\/\/api.w.org\/{rel}","templated":true}]}}