{"id":24872,"date":"2024-08-15T14:25:25","date_gmt":"2024-08-15T14:25:25","guid":{"rendered":"https:\/\/hydcab.com\/product\/er0092\/"},"modified":"2024-11-07T10:44:00","modified_gmt":"2024-11-07T10:44:00","slug":"er0092","status":"publish","type":"product","link":"https:\/\/hydcab.com\/tr\/product\/er0092\/","title":{"rendered":"ER0092"},"content":{"rendered":"<p><strong>Di\u015f \u00d6l\u00e7\u00fcs\u00fc: :  <\/strong> M24x1.5 RHT <\/p>\n<p><strong>Konik:  \u00d8S\/\u00d8B (mm): <\/strong> 18\/20 <\/p>\n<p><strong>Uzunluk:  (mm): <\/strong> 100mm <\/p>\n","protected":false},"excerpt":{"rendered":"<p>: M24x1.5 RHT \u00d8S\/\u00d8B (mm): 18\/20 (mm): 100mm<\/p>\n","protected":false},"featured_media":8405,"comment_status":"closed","ping_status":"open","template":"","meta":{"_acf_changed":false},"marka":[20560],"model":[49513,47124,47125,47126,40888,47127],"referans-numarasi":[49514,49515,49516,49517,49518,49519,49520,49521,49522,49523,49524,49525,49526,49527,49528,49529,49530,49531,49532,49533,49534,49535,49536,49537,49538,49539,49540,49541,49542,49543,49544,49545],"uretici":[15326,15114,15157,20570,15286,15954],"product_brand":[],"product_cat":[22138],"product_tag":[],"class_list":{"0":"post-24872","1":"product","2":"type-product","3":"status-publish","4":"has-post-thumbnail","6":"marka-egerot-tr","7":"model-65-cf-75-cf-85-cf-95-xf-tr","8":"model-75-9-80-9-tr","9":"model-b70-b90-gamma-range-tr","10":"model-fl-4-fl408-tr","11":"model-l2000-tr","12":"model-lk-ln2-ng-t2-ln2-lp-ng-tr","13":"referans-numarasi-0003300335-tr","14":"referans-numarasi-0003300635-tr","15":"referans-numarasi-0003306735-tr","16":"referans-numarasi-0003308535-tr","17":"referans-numarasi-0003308735-tr","18":"referans-numarasi-0003382410-tr","19":"referans-numarasi-0003406252-tr","20":"referans-numarasi-0004607248-tr","21":"referans-numarasi-0004633229-tr","22":"referans-numarasi-0004633729-tr","23":"referans-numarasi-0024601648-tr","24":"referans-numarasi-0608530-tr","25":"referans-numarasi-1190778-tr","26":"referans-numarasi-1517449-tr","27":"referans-numarasi-1518142-tr","28":"referans-numarasi-42480024-tr","29":"referans-numarasi-42491937-tr","30":"referans-numarasi-5000807554-tr","31":"referans-numarasi-5000814097-tr","32":"referans-numarasi-5001844136-tr","33":"referans-numarasi-5001860123-tr","34":"referans-numarasi-5001860770-tr","35":"referans-numarasi-608530-tr","36":"referans-numarasi-6313380510-tr","37":"referans-numarasi-81953010077-tr","38":"referans-numarasi-81953016134-tr","39":"referans-numarasi-81953016142-tr","40":"referans-numarasi-81953016303-tr","41":"referans-numarasi-81953016321-tr","42":"referans-numarasi-85400002447-tr","43":"referans-numarasi-85400002448-tr","44":"referans-numarasi-85400003302-tr","45":"uretici-daf-tr","46":"uretici-iveco-tr","47":"uretici-man-tr","48":"uretici-mercedes-tr","49":"uretici-renault-tr","50":"uretici-volvo-tr","51":"product_cat-rot-basi","53":"first","54":"instock","55":"product-type-simple"},"acf":[],"_links":{"self":[{"href":"https:\/\/hydcab.com\/tr\/wp-json\/wp\/v2\/product\/24872","targetHints":{"allow":["GET"]}}],"collection":[{"href":"https:\/\/hydcab.com\/tr\/wp-json\/wp\/v2\/product"}],"about":[{"href":"https:\/\/hydcab.com\/tr\/wp-json\/wp\/v2\/types\/product"}],"replies":[{"embeddable":true,"href":"https:\/\/hydcab.com\/tr\/wp-json\/wp\/v2\/comments?post=24872"}],"wp:featuredmedia":[{"embeddable":true,"href":"https:\/\/hydcab.com\/tr\/wp-json\/wp\/v2\/media\/8405"}],"wp:attachment":[{"href":"https:\/\/hydcab.com\/tr\/wp-json\/wp\/v2\/media?parent=24872"}],"wp:term":[{"taxonomy":"marka","embeddable":true,"href":"https:\/\/hydcab.com\/tr\/wp-json\/wp\/v2\/marka?post=24872"},{"taxonomy":"model","embeddable":true,"href":"https:\/\/hydcab.com\/tr\/wp-json\/wp\/v2\/model?post=24872"},{"taxonomy":"referans-numarasi","embeddable":true,"href":"https:\/\/hydcab.com\/tr\/wp-json\/wp\/v2\/referans-numarasi?post=24872"},{"taxonomy":"uretici","embeddable":true,"href":"https:\/\/hydcab.com\/tr\/wp-json\/wp\/v2\/uretici?post=24872"},{"taxonomy":"product_brand","embeddable":true,"href":"https:\/\/hydcab.com\/tr\/wp-json\/wp\/v2\/product_brand?post=24872"},{"taxonomy":"product_cat","embeddable":true,"href":"https:\/\/hydcab.com\/tr\/wp-json\/wp\/v2\/product_cat?post=24872"},{"taxonomy":"product_tag","embeddable":true,"href":"https:\/\/hydcab.com\/tr\/wp-json\/wp\/v2\/product_tag?post=24872"}],"curies":[{"name":"wp","href":"https:\/\/api.w.org\/{rel}","templated":true}]}}