{"id":24873,"date":"2024-08-15T14:24:46","date_gmt":"2024-08-15T14:24:46","guid":{"rendered":"https:\/\/hydcab.com\/product\/er0048\/"},"modified":"2024-08-15T14:24:46","modified_gmt":"2024-08-15T14:24:46","slug":"er0048","status":"publish","type":"product","link":"https:\/\/hydcab.com\/tr\/product\/er0048\/","title":{"rendered":"ER0048"},"content":{"rendered":"<p><strong>Di\u015f \u00d6l\u00e7\u00fcs\u00fc: :  <\/strong> M30x1.5 RHT <\/p>\n<p><strong>Konik:  \u00d8S\/\u00d8B (mm): <\/strong> 23,5\/26 <\/p>\n<p><strong>Uzunluk:  (mm): <\/strong> 115mm <\/p>\n","protected":false},"excerpt":{"rendered":"<p>: M30x1.5 RHT \u00d8S\/\u00d8B (mm): 23,5\/26 (mm): 115mm<\/p>\n","protected":false},"featured_media":8245,"comment_status":"closed","ping_status":"open","template":"","meta":{"_acf_changed":false},"marka":[20560],"model":[49546,49547,49548,42939,49549,49550,19834,43926,49551,49552,43174,29202,49553,49554],"referans-numarasi":[49555,49556,49557,49558,49559,49560,49561,49562,49563,49564,49565,49566,49567,49568,49569,49570,49571,49572,49573,49574,49575,49576,49577,49578,49579,49580,49581,49582,49583,49584,49585,49586,49587,49588,49589,49590,49591,49592,49593,49594,49595,49596,49597,49598,49599,49600,49601,49602,49603,49604,49605,49606,49607,49608,49609,49610,49611,49612,49613,49614,49615,49616,49617,49618,49619,49620,49621,49622,49623,49624,49625,49626,49627,49628,49629,49630,49631,49632,49633,49634],"uretici":[25443,18630,15238,27684,15326,15623,16496,18670,23542,15114,15626,18586,15157,20570,34231,49635,15115,23342,40055,15286,15632,15117,16498,17030,15634,15954],"product_brand":[],"product_cat":[22138],"product_tag":[],"class_list":{"0":"post-24873","1":"product","2":"type-product","3":"status-publish","4":"has-post-thumbnail","6":"marka-egerot-tr","7":"model-65-75-85-1200-1300-1400-1500-1600-1700-tr","8":"model-actros-1996-actros-2003-atego-axor-lp-lk-ln2-mk-ng-o-301-o-340-o402-o405-o407-o408-sk-unimog-tr","9":"model-avenue-tr","10":"model-cargo-1814-tr","11":"model-doruk-215t-215le-230dg-m-3000-navigo-sultan-125-140-145-13c3305540aa-uyumlu-tr","12":"model-em-nm-l2000-m2000-f2000-g90-tr","13":"model-fh16-euro-6-650-700-750-tr","14":"model-fl-6-fl-612-614-615-tr","15":"model-midliner-m-150-180-210-230-250-midliner-s-150-180-210-tr","16":"model-mk110-113-110-16-110-16-130-13-130-16-p-pa-150-6-tr","17":"model-pro518-522-lht-lhx-tr","18":"model-setra-tr","19":"model-van-hool-tr","20":"model-vario-812-814-815-t2-ln1-609-611-809-811-814-sk2629-a-ak-ng-1013-1017-1019-1213-1217-1219-1413-lk-ln2-1217-1317-709-711-809-811-814-914-tr","21":"referans-numarasi-0003300135-tr","22":"referans-numarasi-0003300248-tr","23":"referans-numarasi-0003303235-tr","24":"referans-numarasi-0003307335-tr","25":"referans-numarasi-0003383410-tr","26":"referans-numarasi-0003406212-tr","27":"referans-numarasi-0003406253-tr","28":"referans-numarasi-0004608348-tr","29":"referans-numarasi-0004633429-tr","30":"referans-numarasi-001106037-tr","31":"referans-numarasi-0013300135-tr","32":"referans-numarasi-0013300235-tr","33":"referans-numarasi-0013306735-tr","34":"referans-numarasi-0014603448-tr","35":"referans-numarasi-0014604148-tr","36":"referans-numarasi-0014604448-tr","37":"referans-numarasi-0014606348-tr","38":"referans-numarasi-0014608348-tr","39":"referans-numarasi-0014608448-tr","40":"referans-numarasi-0014609748-tr","41":"referans-numarasi-0024601535-tr","42":"referans-numarasi-02980323-tr","43":"referans-numarasi-0501-322-596-tr","44":"referans-numarasi-0501322596-tr","45":"referans-numarasi-0501322596y-tr","46":"referans-numarasi-0586753-tr","47":"referans-numarasi-0598660-tr","48":"referans-numarasi-0607999-tr","49":"referans-numarasi-0694298-tr","50":"referans-numarasi-0694360-tr","51":"referans-numarasi-0698609-tr","52":"referans-numarasi-0701054-tr","53":"referans-numarasi-08122754-tr","54":"referans-numarasi-082192300-tr","55":"referans-numarasi-11015686-tr","56":"referans-numarasi-11900158-0-tr","57":"referans-numarasi-120325101-tr","58":"referans-numarasi-1229944-tr","59":"referans-numarasi-1324857-tr","60":"referans-numarasi-1331925-tr","61":"referans-numarasi-13c2505540ba-tr","62":"referans-numarasi-1517577-tr","63":"referans-numarasi-1695690-tr","64":"referans-numarasi-1697247-tr","65":"referans-numarasi-2980323-tr","66":"referans-numarasi-3096213-tr","67":"referans-numarasi-3141529r91-tr","68":"referans-numarasi-42483520-tr","69":"referans-numarasi-42493781-tr","70":"referans-numarasi-5000242159-tr","71":"referans-numarasi-5000295214-tr","72":"referans-numarasi-5000812483-tr","73":"referans-numarasi-5001831473-tr","74":"referans-numarasi-5001850549-tr","75":"referans-numarasi-5001852264-tr","76":"referans-numarasi-5001859985-tr","77":"referans-numarasi-52rs000478-tr","78":"referans-numarasi-579343-tr","79":"referans-numarasi-57rs300312-tr","80":"referans-numarasi-6141529r93-tr","81":"referans-numarasi-634301260-tr","82":"referans-numarasi-6501414-tr","83":"referans-numarasi-6851517000-tr","84":"referans-numarasi-7701016946-tr","85":"referans-numarasi-79100430703-tr","86":"referans-numarasi-8089035250-tr","87":"referans-numarasi-81953010014-tr","88":"referans-numarasi-81953010064-tr","89":"referans-numarasi-81953016067-tr","90":"referans-numarasi-81953016162-tr","91":"referans-numarasi-81953016239-tr","92":"referans-numarasi-81953016250-tr","93":"referans-numarasi-81953016272-tr","94":"referans-numarasi-81953016360-tr","95":"referans-numarasi-81db3289ba-tr","96":"referans-numarasi-90804153111-tr","97":"referans-numarasi-99000430704-tr","98":"referans-numarasi-achf242-tr","99":"referans-numarasi-mak1296-tr","100":"referans-numarasi-x880001106037-tr","101":"uretici-auwarter-tr","102":"uretici-avia-tr","103":"uretici-bmc-tr","104":"uretici-case-ih-tr","105":"uretici-daf-tr","106":"uretici-evobus-tr","107":"uretici-faun-tr","108":"uretici-ford-tr","109":"uretici-hanomag-tr","110":"uretici-iveco-tr","111":"uretici-kassbohrer-tr","112":"uretici-leyland-daf-tr","113":"uretici-man-tr","114":"uretici-mercedes-tr","115":"uretici-mitsubishi-tr","116":"uretici-mowag-tr","117":"uretici-neoplan-tr","118":"uretici-otokar-tr","119":"uretici-pegaso-tr","120":"uretici-renault-tr","121":"uretici-saurer-tr","122":"uretici-scania-tr","123":"uretici-steyr-tr","124":"uretici-temsa-tr","125":"uretici-van-hool-tr","126":"uretici-volvo-tr","127":"product_cat-rot-basi","129":"first","130":"instock","131":"product-type-simple"},"acf":[],"_links":{"self":[{"href":"https:\/\/hydcab.com\/tr\/wp-json\/wp\/v2\/product\/24873","targetHints":{"allow":["GET"]}}],"collection":[{"href":"https:\/\/hydcab.com\/tr\/wp-json\/wp\/v2\/product"}],"about":[{"href":"https:\/\/hydcab.com\/tr\/wp-json\/wp\/v2\/types\/product"}],"replies":[{"embeddable":true,"href":"https:\/\/hydcab.com\/tr\/wp-json\/wp\/v2\/comments?post=24873"}],"wp:featuredmedia":[{"embeddable":true,"href":"https:\/\/hydcab.com\/tr\/wp-json\/wp\/v2\/media\/8245"}],"wp:attachment":[{"href":"https:\/\/hydcab.com\/tr\/wp-json\/wp\/v2\/media?parent=24873"}],"wp:term":[{"taxonomy":"marka","embeddable":true,"href":"https:\/\/hydcab.com\/tr\/wp-json\/wp\/v2\/marka?post=24873"},{"taxonomy":"model","embeddable":true,"href":"https:\/\/hydcab.com\/tr\/wp-json\/wp\/v2\/model?post=24873"},{"taxonomy":"referans-numarasi","embeddable":true,"href":"https:\/\/hydcab.com\/tr\/wp-json\/wp\/v2\/referans-numarasi?post=24873"},{"taxonomy":"uretici","embeddable":true,"href":"https:\/\/hydcab.com\/tr\/wp-json\/wp\/v2\/uretici?post=24873"},{"taxonomy":"product_brand","embeddable":true,"href":"https:\/\/hydcab.com\/tr\/wp-json\/wp\/v2\/product_brand?post=24873"},{"taxonomy":"product_cat","embeddable":true,"href":"https:\/\/hydcab.com\/tr\/wp-json\/wp\/v2\/product_cat?post=24873"},{"taxonomy":"product_tag","embeddable":true,"href":"https:\/\/hydcab.com\/tr\/wp-json\/wp\/v2\/product_tag?post=24873"}],"curies":[{"name":"wp","href":"https:\/\/api.w.org\/{rel}","templated":true}]}}