{"id":24875,"date":"2024-08-15T14:25:47","date_gmt":"2024-08-15T14:25:47","guid":{"rendered":"https:\/\/hydcab.com\/product\/er0125\/"},"modified":"2024-08-15T14:25:47","modified_gmt":"2024-08-15T14:25:47","slug":"er0125","status":"publish","type":"product","link":"https:\/\/hydcab.com\/tr\/product\/er0125\/","title":{"rendered":"ER0125"},"content":{"rendered":"<p><strong>Di\u015f \u00d6l\u00e7\u00fcs\u00fc: :  <\/strong> M20x1.5 RHT <\/p>\n<p><strong>Konik:  \u00d8S\/\u00d8B (mm): <\/strong> 16,2\/18 <\/p>\n<p><strong>Uzunluk:  (mm): <\/strong> 100mm <\/p>\n","protected":false},"excerpt":{"rendered":"<p>: M20x1.5 RHT \u00d8S\/\u00d8B (mm): 16,2\/18 (mm): 100mm<\/p>\n","protected":false},"featured_media":8517,"comment_status":"closed","ping_status":"open","template":"","meta":{"_acf_changed":false},"marka":[20560],"model":[46375],"referans-numarasi":[49667,49668,49669,49670,49671],"uretici":[20570,16498],"product_brand":[],"product_cat":[22138],"product_tag":[],"class_list":{"0":"post-24875","1":"product","2":"type-product","3":"status-publish","4":"has-post-thumbnail","6":"marka-egerot-tr","7":"model-t1-box-t1-bus-t1-flatbed-t1-tn-407-d-408-d-410-410-d-tr","8":"referans-numarasi-0004631029-tr","9":"referans-numarasi-29243718-tr","10":"referans-numarasi-6013300435-tr","11":"referans-numarasi-6013300635-tr","12":"referans-numarasi-6013305335-tr","13":"uretici-mercedes-tr","14":"uretici-steyr-tr","15":"product_cat-rot-basi","17":"first","18":"instock","19":"product-type-simple"},"acf":[],"_links":{"self":[{"href":"https:\/\/hydcab.com\/tr\/wp-json\/wp\/v2\/product\/24875","targetHints":{"allow":["GET"]}}],"collection":[{"href":"https:\/\/hydcab.com\/tr\/wp-json\/wp\/v2\/product"}],"about":[{"href":"https:\/\/hydcab.com\/tr\/wp-json\/wp\/v2\/types\/product"}],"replies":[{"embeddable":true,"href":"https:\/\/hydcab.com\/tr\/wp-json\/wp\/v2\/comments?post=24875"}],"wp:featuredmedia":[{"embeddable":true,"href":"https:\/\/hydcab.com\/tr\/wp-json\/wp\/v2\/media\/8517"}],"wp:attachment":[{"href":"https:\/\/hydcab.com\/tr\/wp-json\/wp\/v2\/media?parent=24875"}],"wp:term":[{"taxonomy":"marka","embeddable":true,"href":"https:\/\/hydcab.com\/tr\/wp-json\/wp\/v2\/marka?post=24875"},{"taxonomy":"model","embeddable":true,"href":"https:\/\/hydcab.com\/tr\/wp-json\/wp\/v2\/model?post=24875"},{"taxonomy":"referans-numarasi","embeddable":true,"href":"https:\/\/hydcab.com\/tr\/wp-json\/wp\/v2\/referans-numarasi?post=24875"},{"taxonomy":"uretici","embeddable":true,"href":"https:\/\/hydcab.com\/tr\/wp-json\/wp\/v2\/uretici?post=24875"},{"taxonomy":"product_brand","embeddable":true,"href":"https:\/\/hydcab.com\/tr\/wp-json\/wp\/v2\/product_brand?post=24875"},{"taxonomy":"product_cat","embeddable":true,"href":"https:\/\/hydcab.com\/tr\/wp-json\/wp\/v2\/product_cat?post=24875"},{"taxonomy":"product_tag","embeddable":true,"href":"https:\/\/hydcab.com\/tr\/wp-json\/wp\/v2\/product_tag?post=24875"}],"curies":[{"name":"wp","href":"https:\/\/api.w.org\/{rel}","templated":true}]}}