{"id":24880,"date":"2024-08-15T14:24:46","date_gmt":"2024-08-15T14:24:46","guid":{"rendered":"https:\/\/hydcab.com\/product\/er0038\/"},"modified":"2024-08-15T14:24:46","modified_gmt":"2024-08-15T14:24:46","slug":"er0038","status":"publish","type":"product","link":"https:\/\/hydcab.com\/tr\/product\/er0038\/","title":{"rendered":"ER0038"},"content":{"rendered":"<p><strong>Di\u015f \u00d6l\u00e7\u00fcs\u00fc: :  <\/strong> M28x1.5 LHT <\/p>\n<p><strong>Konik:  \u00d8S\/\u00d8B (mm): <\/strong> 23,5\/26 <\/p>\n<p><strong>Uzunluk:  (mm): <\/strong> 115mm <\/p>\n","protected":false},"excerpt":{"rendered":"<p>: M28x1.5 LHT \u00d8S\/\u00d8B (mm): 23,5\/26 (mm): 115mm<\/p>\n","protected":false},"featured_media":8241,"comment_status":"closed","ping_status":"open","template":"","meta":{"_acf_changed":false},"marka":[20560],"model":[49775,49776],"referans-numarasi":[49777,49778,49779,49780,49781],"uretici":[15326,15114,15115],"product_brand":[],"product_cat":[22138],"product_tag":[],"class_list":{"0":"post-24880","1":"product","2":"type-product","3":"status-publish","4":"has-post-thumbnail","6":"marka-egerot-tr","7":"model-leyland-daf-tr","8":"model-zeta-50-9-50-10-60-10-60-11-65-10-65-12-65-9-79-10-79-12-79-13-79-14-zeta-a-60-10-70-12-70-14-m-115-17-135-17-145-17-159-17-fiat-m29-m50-80-12-85-12-120-14-tr","9":"referans-numarasi-11019669-tr","10":"referans-numarasi-1689605-tr","11":"referans-numarasi-4688942-tr","12":"referans-numarasi-8582333-tr","13":"referans-numarasi-ampa345-tr","14":"uretici-daf-tr","15":"uretici-iveco-tr","16":"uretici-neoplan-tr","17":"product_cat-rot-basi","19":"first","20":"instock","21":"product-type-simple"},"acf":[],"_links":{"self":[{"href":"https:\/\/hydcab.com\/tr\/wp-json\/wp\/v2\/product\/24880","targetHints":{"allow":["GET"]}}],"collection":[{"href":"https:\/\/hydcab.com\/tr\/wp-json\/wp\/v2\/product"}],"about":[{"href":"https:\/\/hydcab.com\/tr\/wp-json\/wp\/v2\/types\/product"}],"replies":[{"embeddable":true,"href":"https:\/\/hydcab.com\/tr\/wp-json\/wp\/v2\/comments?post=24880"}],"wp:featuredmedia":[{"embeddable":true,"href":"https:\/\/hydcab.com\/tr\/wp-json\/wp\/v2\/media\/8241"}],"wp:attachment":[{"href":"https:\/\/hydcab.com\/tr\/wp-json\/wp\/v2\/media?parent=24880"}],"wp:term":[{"taxonomy":"marka","embeddable":true,"href":"https:\/\/hydcab.com\/tr\/wp-json\/wp\/v2\/marka?post=24880"},{"taxonomy":"model","embeddable":true,"href":"https:\/\/hydcab.com\/tr\/wp-json\/wp\/v2\/model?post=24880"},{"taxonomy":"referans-numarasi","embeddable":true,"href":"https:\/\/hydcab.com\/tr\/wp-json\/wp\/v2\/referans-numarasi?post=24880"},{"taxonomy":"uretici","embeddable":true,"href":"https:\/\/hydcab.com\/tr\/wp-json\/wp\/v2\/uretici?post=24880"},{"taxonomy":"product_brand","embeddable":true,"href":"https:\/\/hydcab.com\/tr\/wp-json\/wp\/v2\/product_brand?post=24880"},{"taxonomy":"product_cat","embeddable":true,"href":"https:\/\/hydcab.com\/tr\/wp-json\/wp\/v2\/product_cat?post=24880"},{"taxonomy":"product_tag","embeddable":true,"href":"https:\/\/hydcab.com\/tr\/wp-json\/wp\/v2\/product_tag?post=24880"}],"curies":[{"name":"wp","href":"https:\/\/api.w.org\/{rel}","templated":true}]}}