{"id":32147,"date":"2024-08-15T14:24:12","date_gmt":"2024-08-15T14:24:12","guid":{"rendered":"https:\/\/hydcab.com\/product\/er0003\/"},"modified":"2024-08-15T14:24:12","modified_gmt":"2024-08-15T14:24:12","slug":"er0003","status":"publish","type":"product","link":"https:\/\/hydcab.com\/tr\/product\/er0003\/","title":{"rendered":"ER0003"},"content":{"rendered":"<p><strong>Di\u015f \u00d6l\u00e7\u00fcs\u00fc: :  <\/strong> M30x1.5 RHT <\/p>\n<p><strong>Konik:  \u00d8S\/\u00d8B (mm): <\/strong> 27,1\/30 <\/p>\n<p><strong>Uzunluk:  (mm): <\/strong> 125mm <\/p>\n","protected":false},"excerpt":{"rendered":"<p>: M30x1.5 RHT \u00d8S\/\u00d8B (mm): 27,1\/30 (mm): 125mm<\/p>\n","protected":false},"featured_media":8197,"comment_status":"closed","ping_status":"closed","template":"","meta":{"_acf_changed":false},"marka":[20560],"model":[66920,66921,66922,49548,42898,66923,66924,66926,66927,66928,66929,47820,34224,29202,66930,49553],"referans-numarasi":[66931,66935,66936,66939,66940,66943,66944,66947,66948,66951,66952,66955,66956,66959,66960,66963,66964,66967,66968,66971,66972,66975,66976,66979,66980,66983,66984,66987,66988,66991,66992,66995,66996,66999,67000,67003,67004,67007,67008,67011,67012,67015,67016,67019,67020,67023,67024,67027,67028,67031,67032,67035,67036,67037,67038,67039,67040,67041,67042,67043,67044,67045,67046,67047,67048,67049,67050,67051,67052,67053,67054,67055,67056,67057,67058,67059,67060,67061,67062,67063,67064,67065,67066,67067,67068,67069,67070,67071,67072,67073,67074,67075,67076,67077,67078,67079,67080,67081,67082,67083,67084,67085,67086,67087,67088,67089,67090,67091,67092,67093,67094,67095,67096,67097,67098,67099,67100,67101,67102],"uretici":[15238,25747,15326,15623,18670,29571,16497,15114,15626,15629,15157,20570,34231,15115,23342,15286,15117,19522,20098,17030,15634,15954],"product_brand":[],"product_cat":[22138],"product_tag":[],"class_list":{"0":"post-32147","1":"product","2":"type-product","3":"status-publish","4":"has-post-thumbnail","6":"marka-egerot-tr","7":"model-112-113-114-124-143-144-93-t143-t93-tr","8":"model-112-h-112-m-113-e-113-h-113-m-114-c-114-g-114-l-124-c-124-g-124-l-143-e-143-h-143-m-144-c-144-g-144-m-93-h-93-m-t-113-t-143-t-93-tr","9":"model-actros-1996-actros-2003-atego-axor-econic-lk-ln2-mk-ng-o-403-o-404-o-405-sk-unimog-tr","10":"model-avenue-tr","11":"model-cargo-2114-2217-2524d-2524-ds-2530-2530-ds-3230-tr","12":"model-doruk-215t-215le-230dg-tr","13":"model-f1600-1700-1800-1900-2000-2100-fa2000-2105-65-75-85-95-tr","14":"model-f1600-1700-1800-1900-2000-2100-fa2000-2105-65-75-85-96-tr","15":"model-f2000-f90-lion-s-m2000-m90-ng-nl-nm-nu-sg-sl-sl-ii-sr-su-ul-tga-tr","16":"model-latin-amerika-tr","17":"model-m165-24-175-24-turbostar-190-33-190-36-190-42-190-48-turbotech-190-26-190-32-190-36-220-36-240-36-tr","18":"model-menarini-201-l-tr","19":"model-safari-tr","20":"model-setra-tr","21":"model-transliner-n-316-tr","22":"model-van-hool-tr","23":"referans-numarasi-0003305248-tr","24":"referans-numarasi-0003387310-tr","25":"referans-numarasi-0003406169-tr","26":"referans-numarasi-0003406236-tr","27":"referans-numarasi-0003406251-tr","28":"referans-numarasi-0003406254-tr","29":"referans-numarasi-0003406260-tr","30":"referans-numarasi-0003406261-tr","31":"referans-numarasi-0004600348-tr","32":"referans-numarasi-0004602848-tr","33":"referans-numarasi-0004602948-tr","34":"referans-numarasi-0004605235-tr","35":"referans-numarasi-0004608948-tr","36":"referans-numarasi-0014600248-tr","37":"referans-numarasi-0014600848-tr","38":"referans-numarasi-0014601248-tr","39":"referans-numarasi-0014601848-tr","40":"referans-numarasi-0014602248-tr","41":"referans-numarasi-0014605448-tr","42":"referans-numarasi-0014607748-tr","43":"referans-numarasi-0024600148-tr","44":"referans-numarasi-0501211835-tr","45":"referans-numarasi-0607981-tr","46":"referans-numarasi-0698450-tr","47":"referans-numarasi-0801211835-tr","48":"referans-numarasi-0820352140-tr","49":"referans-numarasi-11019659-tr","50":"referans-numarasi-1149907-tr","51":"referans-numarasi-1152350-tr","52":"referans-numarasi-120325000-tr","53":"referans-numarasi-122353202-tr","54":"referans-numarasi-1257890-tr","55":"referans-numarasi-14013769-tr","56":"referans-numarasi-1603789-tr","57":"referans-numarasi-1605300183-tr","58":"referans-numarasi-1605300184-tr","59":"referans-numarasi-1618048-tr","60":"referans-numarasi-16h0007006aa-tr","61":"referans-numarasi-16h0007014aa-tr","62":"referans-numarasi-1738381-tr","63":"referans-numarasi-1767328-tr","64":"referans-numarasi-1899667-tr","65":"referans-numarasi-1914427-tr","66":"referans-numarasi-20350395-tr","67":"referans-numarasi-20742127-tr","68":"referans-numarasi-20745043-tr","69":"referans-numarasi-20821160-tr","70":"referans-numarasi-20862494-tr","71":"referans-numarasi-283784-tr","72":"referans-numarasi-2966252-tr","73":"referans-numarasi-2969808-tr","74":"referans-numarasi-395010-tr","75":"referans-numarasi-42483386-tr","76":"referans-numarasi-42488269-tr","77":"referans-numarasi-42489573-tr","78":"referans-numarasi-42489594-tr","79":"referans-numarasi-42491638-tr","80":"referans-numarasi-42537936-tr","81":"referans-numarasi-430r11377-tr","82":"referans-numarasi-4802443-tr","83":"referans-numarasi-4833829-tr","84":"referans-numarasi-5000240688-tr","85":"referans-numarasi-5000242475-tr","86":"referans-numarasi-5000242479-tr","87":"referans-numarasi-5000242485-tr","88":"referans-numarasi-5000253852-tr","89":"referans-numarasi-5000288360-tr","90":"referans-numarasi-5000590236-tr","91":"referans-numarasi-5000804824-tr","92":"referans-numarasi-5000819349-tr","93":"referans-numarasi-5001836298-tr","94":"referans-numarasi-5001858760-tr","95":"referans-numarasi-5001858773-tr","96":"referans-numarasi-5004206-tr","97":"referans-numarasi-5010832582-tr","98":"referans-numarasi-571866608-tr","99":"referans-numarasi-634301250-tr","100":"referans-numarasi-6851475000-tr","101":"referans-numarasi-6851480000-tr","102":"referans-numarasi-6851484000-tr","103":"referans-numarasi-685153100-tr","104":"referans-numarasi-6851531000-tr","105":"referans-numarasi-7420894052-tr","106":"referans-numarasi-7701011412-tr","107":"referans-numarasi-8122752-tr","108":"referans-numarasi-81953010016-tr","109":"referans-numarasi-81953010084-tr","110":"referans-numarasi-81953010088-tr","111":"referans-numarasi-81953016048-tr","112":"referans-numarasi-81953016049-tr","113":"referans-numarasi-81953016053-tr","114":"referans-numarasi-81953016090-tr","115":"referans-numarasi-81953016108-tr","116":"referans-numarasi-81953016112-tr","117":"referans-numarasi-81953016126-tr","118":"referans-numarasi-81953016143-tr","119":"referans-numarasi-81953016149-tr","120":"referans-numarasi-81953016154-tr","121":"referans-numarasi-81953016156-tr","122":"referans-numarasi-81953016178-tr","123":"referans-numarasi-81953016194-tr","124":"referans-numarasi-81953016206-tr","125":"referans-numarasi-81953016224-tr","126":"referans-numarasi-81953016234-tr","127":"referans-numarasi-81953016242-tr","128":"referans-numarasi-81953016252-tr","129":"referans-numarasi-81953016274-tr","130":"referans-numarasi-81953016278-tr","131":"referans-numarasi-81953016308-tr","132":"referans-numarasi-81953016350-tr","133":"referans-numarasi-81db3289ca-tr","134":"referans-numarasi-8226236059-tr","135":"referans-numarasi-9p914836-tr","136":"referans-numarasi-9p917205-tr","137":"referans-numarasi-achf060-tr","138":"referans-numarasi-n1011020300-tr","139":"referans-numarasi-nk26410102y-tr","140":"referans-numarasi-tc299000202-01y-tr","141":"referans-numarasi-tc29900020201y-tr","142":"uretici-bmc-tr","143":"uretici-bredamenarinibus-tr","144":"uretici-daf-tr","145":"uretici-evobus-tr","146":"uretici-ford-tr","147":"uretici-ikarus-tr","148":"uretici-isuzu-tr","149":"uretici-iveco-tr","150":"uretici-kassbohrer-tr","151":"uretici-liebherr-tr","152":"uretici-man-tr","153":"uretici-mercedes-tr","154":"uretici-mitsubishi-tr","155":"uretici-neoplan-tr","156":"uretici-otokar-tr","157":"uretici-renault-tr","158":"uretici-scania-tr","159":"uretici-sisu-tr","160":"uretici-solaris-tr","161":"uretici-temsa-tr","162":"uretici-van-hool-tr","163":"uretici-volvo-tr","164":"product_cat-rot-basi","166":"first","167":"instock","168":"product-type-simple"},"acf":[],"_links":{"self":[{"href":"https:\/\/hydcab.com\/tr\/wp-json\/wp\/v2\/product\/32147","targetHints":{"allow":["GET"]}}],"collection":[{"href":"https:\/\/hydcab.com\/tr\/wp-json\/wp\/v2\/product"}],"about":[{"href":"https:\/\/hydcab.com\/tr\/wp-json\/wp\/v2\/types\/product"}],"replies":[{"embeddable":true,"href":"https:\/\/hydcab.com\/tr\/wp-json\/wp\/v2\/comments?post=32147"}],"wp:featuredmedia":[{"embeddable":true,"href":"https:\/\/hydcab.com\/tr\/wp-json\/wp\/v2\/media\/8197"}],"wp:attachment":[{"href":"https:\/\/hydcab.com\/tr\/wp-json\/wp\/v2\/media?parent=32147"}],"wp:term":[{"taxonomy":"marka","embeddable":true,"href":"https:\/\/hydcab.com\/tr\/wp-json\/wp\/v2\/marka?post=32147"},{"taxonomy":"model","embeddable":true,"href":"https:\/\/hydcab.com\/tr\/wp-json\/wp\/v2\/model?post=32147"},{"taxonomy":"referans-numarasi","embeddable":true,"href":"https:\/\/hydcab.com\/tr\/wp-json\/wp\/v2\/referans-numarasi?post=32147"},{"taxonomy":"uretici","embeddable":true,"href":"https:\/\/hydcab.com\/tr\/wp-json\/wp\/v2\/uretici?post=32147"},{"taxonomy":"product_brand","embeddable":true,"href":"https:\/\/hydcab.com\/tr\/wp-json\/wp\/v2\/product_brand?post=32147"},{"taxonomy":"product_cat","embeddable":true,"href":"https:\/\/hydcab.com\/tr\/wp-json\/wp\/v2\/product_cat?post=32147"},{"taxonomy":"product_tag","embeddable":true,"href":"https:\/\/hydcab.com\/tr\/wp-json\/wp\/v2\/product_tag?post=32147"}],"curies":[{"name":"wp","href":"https:\/\/api.w.org\/{rel}","templated":true}]}}