{"id":32154,"date":"2024-08-15T14:24:12","date_gmt":"2024-08-15T14:24:12","guid":{"rendered":"https:\/\/hydcab.com\/product\/er0004\/"},"modified":"2025-05-12T12:51:04","modified_gmt":"2025-05-12T12:51:04","slug":"er0004","status":"publish","type":"product","link":"https:\/\/hydcab.com\/tr\/product\/er0004\/","title":{"rendered":"ER0004"},"content":{"rendered":"<p><strong>Di\u015f \u00d6l\u00e7\u00fcs\u00fc: : <\/strong> M30x1.5 LHT<\/p>\n<p><strong>Konik:  \u00d8S\/\u00d8B (mm): <\/strong> 27,1\/30<\/p>\n<p><strong>Uzunluk:  (mm): <\/strong> 125mm<\/p>\n","protected":false},"excerpt":{"rendered":"<p>: M30x1.5 LHT \u00d8S\/\u00d8B (mm): 27,1\/30 (mm): 125mm<\/p>\n","protected":false},"featured_media":8201,"comment_status":"closed","ping_status":"closed","template":"","meta":{"_acf_changed":false},"marka":[20560],"model":[66920,66921,37033,30564,67428,49548,42898,66924,66927,27855,66928,67429,66929,47820,36413,27857,34224,29202,27858,66930,49553],"referans-numarasi":[67430,67431,67432,67433,67434,67435,67436,67437,67438,67439,67440,67441,67442,67443,67444,67445,67446,67447,67448,67449,67450,67451,67452,67453,67454,67455,67456,67457,67458,67459,67460,67461,67462,67463,67464,67465,67466,67467,67468,67469,67470,67471,67472,67473,67474,67475,67476,67477,67478,67479,67480,67481,67482,67483,67484,67485,67486,67487,67488,67489,67490,67491,67492,67493,67494,67495,67496,67497,67498,67499,67500,67501,67502,67503,67504,67505,67506,67507,67508,67509,67510,67511,67512,67513,67514,67515,67516,67517,67518,67519,67520,67521,67522,67523,67524,67525,67526,67527,67528,67529,67530,67531,67532,67533,67534,67535],"uretici":[15238,25747,15326,15623,18670,15114,15626,15629,15157,20570,34231,15115,15286,15117,34991,17030,15634,15954],"product_brand":[],"product_cat":[22138],"product_tag":[],"class_list":{"0":"post-32154","1":"product","2":"type-product","3":"status-publish","4":"has-post-thumbnail","6":"marka-egerot-tr","7":"model-112-113-114-124-143-144-93-t143-t93-tr","8":"model-112-h-112-m-113-e-113-h-113-m-114-c-114-g-114-l-124-c-124-g-124-l-143-e-143-h-143-m-144-c-144-g-144-m-93-h-93-m-t-113-t-143-t-93-tr","9":"model-3-series-tr","10":"model-4-series-tr","11":"model-actros-1996-actros-2003-atego-axor-econic-lk-ln2-mk-ng-o-403-o404-o-405-sk-unimog-tr","12":"model-avenue-tr","13":"model-cargo-2114-2217-2524d-2524-ds-2530-2530-ds-3230-tr","14":"model-f1600-1700-1800-1900-2000-2100-fa2000-2105-65-75-85-95-tr","15":"model-f2000-f90-lion-s-m2000-m90-ng-nl-nm-nu-sg-sl-sl-ii-sr-su-ul-tga-tr","16":"model-g-tr","17":"model-latin-amerika-tr","18":"model-lf55-cf65-tr","19":"model-m165-24-175-24-turbostar-190-33-190-36-190-42-190-48-turbotech-190-26-190-32-190-36-220-36-240-36-tr","20":"model-menarini-201-l-tr","21":"model-p-tr","22":"model-r-tr","23":"model-safari-tr","24":"model-setra-tr","25":"model-t-series-tr","26":"model-transliner-n-316-tr","27":"model-van-hool-tr","28":"referans-numarasi-0003401170-tr","29":"referans-numarasi-0004600648-tr","30":"referans-numarasi-0004601048-tr","31":"referans-numarasi-0004601248-tr","32":"referans-numarasi-0004603448-tr","33":"referans-numarasi-0004603548-tr","34":"referans-numarasi-0014600348-tr","35":"referans-numarasi-0014601448-tr","36":"referans-numarasi-0014601948-tr","37":"referans-numarasi-0014602348-tr","38":"referans-numarasi-0014603648-tr","39":"referans-numarasi-0014603748-tr","40":"referans-numarasi-0014607848-tr","41":"referans-numarasi-0016077848-tr","42":"referans-numarasi-0023300735-tr","43":"referans-numarasi-0024600348-tr","44":"referans-numarasi-0501211834-tr","45":"referans-numarasi-0607053-tr","46":"referans-numarasi-0696205-tr","47":"referans-numarasi-0696225-tr","48":"referans-numarasi-120325200-tr","49":"referans-numarasi-122353201-tr","50":"referans-numarasi-1228115-tr","51":"referans-numarasi-1329134-tr","52":"referans-numarasi-1358792-tr","53":"referans-numarasi-1403899-tr","54":"referans-numarasi-1420821-tr","55":"referans-numarasi-1611088-tr","56":"referans-numarasi-1738380-tr","57":"referans-numarasi-1914426-tr","58":"referans-numarasi-2021425-tr","59":"referans-numarasi-2051165-tr","60":"referans-numarasi-20742129-tr","61":"referans-numarasi-20745042-tr","62":"referans-numarasi-20821150-tr","63":"referans-numarasi-218633100115-tr","64":"referans-numarasi-283783-tr","65":"referans-numarasi-2984061-tr","66":"referans-numarasi-395009-tr","67":"referans-numarasi-42489395-tr","68":"referans-numarasi-42489574-tr","69":"referans-numarasi-42491957-tr","70":"referans-numarasi-4802444-tr","71":"referans-numarasi-4833830-tr","72":"referans-numarasi-5000242478-tr","73":"referans-numarasi-5000242486-tr","74":"referans-numarasi-5000288361-tr","75":"referans-numarasi-5000587534-tr","76":"referans-numarasi-5000823265-tr","77":"referans-numarasi-5000858774-tr","78":"referans-numarasi-5001832581-tr","79":"referans-numarasi-5001836297-tr","80":"referans-numarasi-5001858759-tr","81":"referans-numarasi-5004204-tr","82":"referans-numarasi-5010832583-tr","83":"referans-numarasi-5410027884-tr","84":"referans-numarasi-571866508-tr","85":"referans-numarasi-634301300-tr","86":"referans-numarasi-685147600-tr","87":"referans-numarasi-6851485000-tr","88":"referans-numarasi-6984603748-tr","89":"referans-numarasi-725009908-tr","90":"referans-numarasi-7420894053-tr","91":"referans-numarasi-8001858759-tr","92":"referans-numarasi-8190225-tr","93":"referans-numarasi-81953010015-tr","94":"referans-numarasi-81953010083-tr","95":"referans-numarasi-81953010095-tr","96":"referans-numarasi-81953010102-tr","97":"referans-numarasi-81953016029-tr","98":"referans-numarasi-81953016030-tr","99":"referans-numarasi-81953016043-tr","100":"referans-numarasi-81953016044-tr","101":"referans-numarasi-81953016050-tr","102":"referans-numarasi-81953016054-tr","103":"referans-numarasi-81953016087-tr","104":"referans-numarasi-81953016091-tr","105":"referans-numarasi-81953016107-tr","106":"referans-numarasi-81953016120-tr","107":"referans-numarasi-81953016125-tr","108":"referans-numarasi-81953016152-tr","109":"referans-numarasi-81953016155-tr","110":"referans-numarasi-81953016157-tr","111":"referans-numarasi-81953016168-tr","112":"referans-numarasi-81953016177-tr","113":"referans-numarasi-81953016179-tr","114":"referans-numarasi-81953016181-tr","115":"referans-numarasi-81953016223-tr","116":"referans-numarasi-81953016237-tr","117":"referans-numarasi-81953016253-tr","118":"referans-numarasi-81953016254-tr","119":"referans-numarasi-81953016275-tr","120":"referans-numarasi-81953016279-tr","121":"referans-numarasi-81953016285-tr","122":"referans-numarasi-81953016309-tr","123":"referans-numarasi-81953016311-tr","124":"referans-numarasi-81953016348-tr","125":"referans-numarasi-81953016351-tr","126":"referans-numarasi-81db3290ca-tr","127":"referans-numarasi-8226236058-tr","128":"referans-numarasi-84953016004-tr","129":"referans-numarasi-9p917206-tr","130":"referans-numarasi-n1011020299-tr","131":"referans-numarasi-nk26410101y-tr","132":"referans-numarasi-tc299000202-02y-tr","133":"referans-numarasi-tc29900020202y-tr","134":"uretici-bmc-tr","135":"uretici-bredamenarinibus-tr","136":"uretici-daf-tr","137":"uretici-evobus-tr","138":"uretici-ford-tr","139":"uretici-iveco-tr","140":"uretici-kassbohrer-tr","141":"uretici-liebherr-tr","142":"uretici-man-tr","143":"uretici-mercedes-tr","144":"uretici-mitsubishi-tr","145":"uretici-neoplan-tr","146":"uretici-renault-tr","147":"uretici-scania-tr","148":"uretici-tata-tr","149":"uretici-temsa-tr","150":"uretici-van-hool-tr","151":"uretici-volvo-tr","152":"product_cat-rot-basi","154":"first","155":"instock","156":"product-type-simple"},"acf":[],"_links":{"self":[{"href":"https:\/\/hydcab.com\/tr\/wp-json\/wp\/v2\/product\/32154","targetHints":{"allow":["GET"]}}],"collection":[{"href":"https:\/\/hydcab.com\/tr\/wp-json\/wp\/v2\/product"}],"about":[{"href":"https:\/\/hydcab.com\/tr\/wp-json\/wp\/v2\/types\/product"}],"replies":[{"embeddable":true,"href":"https:\/\/hydcab.com\/tr\/wp-json\/wp\/v2\/comments?post=32154"}],"wp:featuredmedia":[{"embeddable":true,"href":"https:\/\/hydcab.com\/tr\/wp-json\/wp\/v2\/media\/8201"}],"wp:attachment":[{"href":"https:\/\/hydcab.com\/tr\/wp-json\/wp\/v2\/media?parent=32154"}],"wp:term":[{"taxonomy":"marka","embeddable":true,"href":"https:\/\/hydcab.com\/tr\/wp-json\/wp\/v2\/marka?post=32154"},{"taxonomy":"model","embeddable":true,"href":"https:\/\/hydcab.com\/tr\/wp-json\/wp\/v2\/model?post=32154"},{"taxonomy":"referans-numarasi","embeddable":true,"href":"https:\/\/hydcab.com\/tr\/wp-json\/wp\/v2\/referans-numarasi?post=32154"},{"taxonomy":"uretici","embeddable":true,"href":"https:\/\/hydcab.com\/tr\/wp-json\/wp\/v2\/uretici?post=32154"},{"taxonomy":"product_brand","embeddable":true,"href":"https:\/\/hydcab.com\/tr\/wp-json\/wp\/v2\/product_brand?post=32154"},{"taxonomy":"product_cat","embeddable":true,"href":"https:\/\/hydcab.com\/tr\/wp-json\/wp\/v2\/product_cat?post=32154"},{"taxonomy":"product_tag","embeddable":true,"href":"https:\/\/hydcab.com\/tr\/wp-json\/wp\/v2\/product_tag?post=32154"}],"curies":[{"name":"wp","href":"https:\/\/api.w.org\/{rel}","templated":true}]}}